{"id":97,"date":"2017-10-30T13:43:56","date_gmt":"2017-10-30T11:43:56","guid":{"rendered":"http:\/\/www.ovabilisim.com\/?page_id=97"},"modified":"2021-12-26T00:03:07","modified_gmt":"2021-12-25T21:03:07","slug":"urun_dia_enterprise","status":"publish","type":"page","link":"https:\/\/www.ovabilisim.com\/index.php\/urun_dia_enterprise\/","title":{"rendered":"D\u0130A ENTERPR\u0130CE (Hedefiniz b\u00fcy\u00fckse b\u00fcy\u00fck d\u00fc\u015f\u00fcn\u00fcn)"},"content":{"rendered":"<p><strong>D\u0130A Enterprise<\/strong>, farkl\u0131 noktalarda i\u015fletme birimlerine sahip, \u00e7ok say\u0131da personeli olan ve b\u00fcy\u00fck veri olu\u015fturan i\u015fletmelerin ihtiya\u00e7lar\u0131na g\u00f6re \u015fekillendirilmi\u015f bir programd\u0131r. Daha kurumsal ve b\u00fcy\u00fck gereksinimleri olan firmalara sat\u0131\u015f, sat\u0131n alma, finans ve&nbsp;<strong><a href=\"http:\/\/www.dia.com.tr\/\">muhasebe yaz\u0131l\u0131m\u0131<\/a><\/strong>&nbsp;gibi t\u00fcm firma s\u00fcre\u00e7lerinde &nbsp;<strong>g\u00fc\u00e7l\u00fc ve h\u0131zl\u0131 bir altyap\u0131 sunan<\/strong>, i\u015f s\u00fcre\u00e7lerini detayl\u0131 analiz eden ve planlayan bir ERP yaz\u0131l\u0131m\u0131d\u0131r.<\/p>\n<p><strong>D\u0130A Enterprise<\/strong>, g\u00fcnden g\u00fcne artan i\u015flem veri y\u00fck\u00fcnde performans\u0131 y\u00fcksek, farkl\u0131 yaz\u0131l\u0131mlar ile entegre edilebilen, d\u0131\u015f sistemler ile veri al\u0131\u015fveri\u015fine olanak sa\u011flayan ve&nbsp;<strong>D\u0130A<\/strong>&nbsp;altyap\u0131s\u0131 sayesinde yine tamamen online olarak \u015firket lokasyonlar\u0131 aras\u0131 tam entegrasyonu sa\u011flayan bir \u00e7\u00f6z\u00fcmd\u00fcr.<\/p>\n<h2 class=\"spot enterprise\">Kurumsal Firmalara Daha \u0130yi Daha Etkili Bir Yaz\u0131l\u0131m!<\/h2>\n<div><img loading=\"lazy\" decoding=\"async\" class=\"aligncenter size-full img-responsive\" title=\"Enterprise Yaz\u0131l\u0131m\" src=\"http:\/\/www.dia.com.tr\/wp-content\/uploads\/dia-enterprise.jpg\" alt=\"Enterprise Yaz\u0131l\u0131m\" width=\"848\" height=\"300\"><\/div>\n<hr class=\"tall\">\n<h3>Genel \u00d6zellikler \u2013 Her Yerden Eri\u015fim, H\u0131zl\u0131 ve Pratik!<\/h3>\n<ul>\n<li><strong>Geli\u015fmi\u015f g\u00f6rsel ara y\u00fcz<\/strong>&nbsp;ile bankalarda kullan\u0131lan uygulama sunucu sistemini birle\u015ftiren ilk ve tek ticari yaz\u0131l\u0131m.<\/li>\n<li>Banka sistemlerinde de kullan\u0131lan&nbsp;<strong>256 bit SSL teknolojisi<\/strong>&nbsp;ile en \u00fcst d\u00fczeyde sa\u011flanan veri g\u00fcvenli\u011fi.<\/li>\n<li>Vir\u00fcslerden kesinlikle etkilenmeyen sunucu sistemi.<\/li>\n<li>G\u00fcnl\u00fck olarak al\u0131nan g\u00fcvenli otomatik yedekler, istenildi\u011fi zaman belirli bir yede\u011fe geri d\u00f6n\u00fclebilmesi.<\/li>\n<li>Yaz\u0131l\u0131m\u0131n istenilen yerden, istenilen zamanda, her t\u00fcrl\u00fc \u0130nternet ba\u011flant\u0131s\u0131 ile (ister ADSL, ister modem, ister cep telefonu) kullan\u0131labilmesi.<\/li>\n<li>Kuruluma gerek duymayan,&nbsp;<strong>tamamen \u0130nternet \u00fczerinden kullan\u0131lan<\/strong>, kolayca \u00e7al\u0131\u015ft\u0131r\u0131labilen kullan\u0131c\u0131 ara y\u00fcz\u00fc.<\/li>\n<li>Bilgisayar\u0131n\u0131z tamamen \u00e7\u00f6kse dahi sunucu \u00fczerindeki verilerin zarar g\u00f6rmemesi, hemen ba\u015fka bir bilgisayardan \u00e7al\u0131\u015fmaya devam edebilme.<\/li>\n<li><strong>Benzeri olmayan yard\u0131m ve destek sistemi<\/strong>, yard\u0131ma ihtiyac\u0131n\u0131z oldu\u011funda kendi belirleyece\u011finiz destek kullan\u0131c\u0131s\u0131n\u0131 sisteme ba\u011flama.<\/li>\n<\/ul>\n<div class=\"clearfix\"><\/div>\n<div>\n<div class=\"col-md-4\"><a class=\"buton buton1\" href=\"https:\/\/www.dia.com.tr\/demo-talep-formu\/\"><i class=\"fa fa-eye\"><\/i>Demo \u0130stiyorum<\/a><\/div>\n<div class=\"col-md-4\"><a class=\"buton buton2\" href=\"https:\/\/www.dia.com.tr\/teklif-al\/\"><i class=\"fa fa-file-text\"><\/i>Teklif Al<\/a><\/div>\n<div class=\"col-md-4\"><a class=\"buton buton3\" href=\"https:\/\/www.dia.com.tr\/moduller\/\"><i class=\"fa fa-puzzle-piece\"><\/i>Mod\u00fcller<\/a><\/div>\n<\/div>\n<div class=\"clearfix\"><\/div>\n<ul>\n<li>T\u00fcm kullan\u0131c\u0131lar\u0131n yapt\u0131\u011f\u0131 i\u015flemlerin otomatik olarak silinemeyen bir \u015fekilde kay\u0131t alt\u0131na al\u0131nmas\u0131, verilerin eski hallerinin sistemde g\u00fcvenlik amac\u0131yla saklanmas\u0131. G\u00fcvenlik kay\u0131tlar\u0131n\u0131n kolayca filtrelenip aranabilmesi.<\/li>\n<li>Nokta vuru\u015flu (dot-matrix) yaz\u0131c\u0131lardan&nbsp;<strong>h\u0131zl\u0131 bask\u0131 alabilme<\/strong>&nbsp;imk\u00e2n\u0131.<\/li>\n<li>Kolay kullan\u0131labilir pratik rapor tasar\u0131m arac\u0131yla istenilen \u015fekilde bask\u0131 alabilme.<\/li>\n<li>T\u00fcm raporlar\u0131n PDF ve hem Excel hem de Open Office ile \u00e7al\u0131\u015fabilen XLS dosyalar\u0131 olarak al\u0131nabilmesi.<\/li>\n<li>Her zaman en g\u00fcncel s\u00fcr\u00fcm\u00fc otomatik olarak kullanma. Yeni s\u00fcr\u00fcm kurma ve g\u00fcncelleme i\u015flemlerinin tarih olmas\u0131.<\/li>\n<li>Herhangi bir \u015fifre almaya,&nbsp;<strong>koruma kilidi takmaya gerek olmamas\u0131<\/strong>. Klasik yaz\u0131l\u0131mlarda ya\u015fanan yeni \u015fifre al\u0131m\u0131, kilit ar\u0131zas\u0131 gibi sorunlar\u0131n bitmesi.<\/li>\n<li>\u0130ste\u011fe ba\u011fl\u0131 kullan\u0131c\u0131lar aras\u0131nda&nbsp;<strong>anl\u0131k mesajla\u015fma imk\u00e2n\u0131<\/strong>.<\/li>\n<li>Di\u011fer kullan\u0131c\u0131lar\u0131n yapt\u0131\u011f\u0131 i\u015flemlerin an\u0131nda sistemde g\u00f6r\u00fclebilmesi.<\/li>\n<li>T\u00fcm liste ekranlar\u0131n\u0131n otomatik olarak yenilenmesi (\u00f6rne\u011fin bir irsaliye kesildi\u011finde t\u00fcm kullan\u0131c\u0131lar\u0131n \u00f6n\u00fcndeki irsaliye listelerinin otomatik olarak yenilenmesi)<\/li>\n<li>Kullan\u0131c\u0131 bazl\u0131 olarak ayarlan\u0131p kaydedilebilen tablo ve filtreler.<\/li>\n<li>Geli\u015fmi\u015f yetkilendirme ile detayl\u0131 yetkilendirme olana\u011f\u0131; kolay yetkilendirme i\u00e7in grup bazl\u0131 yetkilendirme imk\u00e2n\u0131.<\/li>\n<li>Tamamen&nbsp;<strong>klavye ile de kullan\u0131labilen grafiksel aray\u00fcz<\/strong>.<\/li>\n<li>Kolay ve h\u0131zl\u0131 \u00f6\u011frenilebilen pratik yap\u0131.<\/li>\n<\/ul>\n<hr class=\"tall\">\n<div class=\"entsema\">\n<h2><img decoding=\"async\" title=\"Enterprise Program\u0131\" src=\"http:\/\/www.dia.com.tr\/wp-content\/uploads\/dia-enterprise.png\" alt=\"Enterprise Program\u0131\"><\/h2>\n<\/div>\n<h2 class=\"text-center\">D\u0130A: Teknolojiye Ak\u0131ll\u0131 Dokunu\u015flar!<\/h2>\n<div class=\"row featured-boxes\">\n<div class=\"col-md-6 column_first\">\n<div class=\"featured-box\">\n<div class=\"box-content\">\n<h3><strong>D\u0130A&nbsp;<i class=\"fa fa-thumbs-up\"><\/i><\/strong><\/h3>\n<ul>\n<li>K\u00fc\u00e7\u00fck bir istemci program\u0131 ile kullan\u0131l\u0131r.<\/li>\n<li>Daha az kaynak harcar.<\/li>\n<li><strong>Her platformda \u00e7al\u0131\u015f\u0131r<\/strong>. (Windows, Linux ve Mac OS X.)<\/li>\n<li>Ayn\u0131 anda birden fazla i\u015flem yapmaya olanak verir.<\/li>\n<li>Otomatik yedekleme ve kopyalama yapar.<\/li>\n<li><strong>Eski verilere d\u00f6n\u00fc\u015f yap\u0131labilir<\/strong>.<\/li>\n<li>T\u00fcm g\u00fcncellemeleri otomatik ve \u015feffaf bir \u015fekilde yans\u0131t\u0131r.<\/li>\n<li>G\u00fcncellemeler veri b\u00fct\u00fcnl\u00fc\u011f\u00fcn\u00fc bozmaz.<\/li>\n<li>Her zaman en son s\u00fcr\u00fcm kullan\u0131l\u0131r.<\/li>\n<li>Kullan\u0131c\u0131 ihtiya\u00e7lar\u0131 h\u0131zl\u0131 bir \u015fekilde kar\u015f\u0131lan\u0131r.<\/li>\n<li>\u015eirketin t\u00fcm kullan\u0131c\u0131lar\u0131 ayn\u0131 sunucuyu kullan\u0131r.<\/li>\n<li>\u0130nternetin oldu\u011fu her yerden kullan\u0131labilir.<\/li>\n<li>Her mod\u00fcl ger\u00e7ek zamanl\u0131 olarak entegredir.<\/li>\n<li><strong>Kullan\u0131c\u0131lar uzaktan destek alabilirler<\/strong>.<\/li>\n<\/ul>\n<\/div>\n<\/div>\n<\/div>\n<div class=\"col-md-6\">\n<div class=\"featured-box featured-box-primary\">\n<div class=\"box-content\">\n<h3>Di\u011fer Yaz\u0131l\u0131mlar&nbsp;<i class=\"fa fa-thumbs-down\"><\/i><\/h3>\n<ul>\n<li>Bilgisayara kurulan program paketin kendisidir.<\/li>\n<li><strong>Daha fazla kaynak harcar<\/strong>.<\/li>\n<li>Tek bir i\u015fletim sistemi \u00fczerinde \u00e7al\u0131\u015f\u0131r.<\/li>\n<li>Ayn\u0131 anda&nbsp;<strong>tek bir i\u015flem yap\u0131labilir<\/strong>.<\/li>\n<li>Kullan\u0131c\u0131lar yedeklemeyi kendileri yapmak zorundad\u0131r.<\/li>\n<li>Bilgileri geri y\u00fcklemek i\u00e7in&nbsp;<strong>teknik destek gerekir<\/strong>.<\/li>\n<li>G\u00fcncellemeyi herkes kendi takip etmek zorundad\u0131r.<\/li>\n<li>G\u00fcncellemeler veri b\u00fct\u00fcnl\u00fc\u011f\u00fcn\u00fc bozabilir.<\/li>\n<li>G\u00fcncellemeler elle y\u00fcklenir.<\/li>\n<li>\u0130stenen g\u00fcncellemeler kullan\u0131c\u0131lara \u00e7abuk d\u00f6nmez.<\/li>\n<li>Farkl\u0131 yerlerdeki \u015firket birimleri birbirine ba\u011fl\u0131 de\u011fildir.<\/li>\n<li>Genellikle tek bilgisayara kurulur.<\/li>\n<li>Her mod\u00fcl ger\u00e7ek zamanl\u0131 olarak sisteme entegre de\u011fildir.<\/li>\n<li><strong>Destek i\u00e7in teknik ki\u015finin ofise gelmesi gerekir<\/strong>.<\/li>\n<\/ul>\n<\/div>\n<\/div>\n<\/div>\n<\/div>\n<h2>Neden Dia Enterprise Yaz\u0131l\u0131m\u0131na Sahip Olmal\u0131s\u0131n\u0131z?<\/h2>\n<p>Giderek b\u00fcy\u00fcyen i\u015fletmelere&nbsp;<strong><a href=\"http:\/\/www.dia.com.tr\/dia-standart\/\">standart yaz\u0131l\u0131m<\/a><\/strong>&nbsp;art\u0131k yetmiyor. Ayn\u0131 anda birden fazla firman\u0131z\u0131n y\u00f6netimini tek bir sistemden ve online olarak ger\u00e7ekle\u015ftirmek istiyorsan\u0131z&nbsp;<strong>D\u0130A Enterprise<\/strong>&nbsp;tam size g\u00f6re. Eksiksiz veri kayd\u0131 ve otomatik g\u00fcncelleme sistemi sayesinde g\u00fcvenle kullanabilece\u011finiz D\u0130A Enterprise i\u015fletmenizle birlikte b\u00fcy\u00fcmeye devam eden yap\u0131s\u0131 sayesinde her y\u00f6netim mod\u00fcl\u00fcnde ba\u015far\u0131l\u0131 bir idare sistemi sa\u011fl\u0131yor. Klasik yaz\u0131l\u0131mlardan farkl\u0131 olarak&nbsp;<strong>kolay kullan\u0131m ve h\u0131zl\u0131 y\u00f6netim<\/strong>&nbsp;sayesinde her ortamda i\u015f s\u00fcre\u00e7lerinizi sorunsuzca halledebiliyorsunuz.<\/p>\n<div class=\"row featured-boxes\">\n<div class=\"col-md-5 column_first\">\n<div class=\"featured-box\">\n<div class=\"box-content\">\n<h3>Web Uygulamalar\u0131 \u0130le Benzerlikler<\/h3>\n<ul>\n<li>\u0130nternet eri\u015fimi olan her yerden ula\u015f\u0131labilir.<\/li>\n<li>Kullan\u0131lan bilgisayar ve i\u015fletim sisteminden ba\u011f\u0131ms\u0131zd\u0131r.<\/li>\n<li>Uygulamalar tamamen merkezi olarak g\u00fcncellenebilir.<\/li>\n<li>Her zaman en g\u00fcncel s\u00fcr\u00fcm\u00fc kullan\u0131r.<\/li>\n<li>Veri g\u00fcvenli\u011fi merkezi olarak sa\u011flan\u0131r.<\/li>\n<\/ul>\n<\/div>\n<\/div>\n<\/div>\n<div class=\"col-md-7\">\n<div class=\"featured-box\">\n<div class=\"box-content\">\n<h3>Dia Fark\u0131<\/h3>\n<ul>\n<li>H\u0131zl\u0131 veri giri\u015fi yap\u0131labilir.<\/li>\n<li>\u00d6zel protokol sayesinde veri ileti\u015fimi de h\u0131zl\u0131d\u0131r.<\/li>\n<li>Her t\u00fcrl\u00fc grafik raporun tasarlanmas\u0131na olanak verir.<\/li>\n<li>Sunucu kullan\u0131c\u0131lar\u0131n istemcisine m\u00fcdahale edebilir. Web uygulamalar\u0131 gibi sayfa yenilemesi yapmaz.<\/li>\n<li>Zengin bir aray\u00fcz sunar. Web uygulamalar\u0131 HTML ile s\u0131n\u0131rl\u0131d\u0131r.<\/li>\n<li>Uygulama geli\u015ftirme daha h\u0131zl\u0131 yap\u0131l\u0131r.<\/li>\n<\/ul>\n<\/div>\n<\/div>\n<\/div>\n<\/div>\n<h2>D\u0130A Enterprise Yolunuzu Ayd\u0131nlat\u0131yor!<\/h2>\n<p>B\u00fcy\u00fck firmalar i\u00e7in&nbsp;<strong>\u00e7\u00f6z\u00fcm orta\u011f\u0131 olan D\u0130A Enterprise<\/strong>\u2019\u0131n geli\u015fmi\u015f aray\u00fcz\u00fc sayesinde internet tabanl\u0131 tam verimli bir yaz\u0131l\u0131ma sahip olacaks\u0131n\u0131z. Vir\u00fcslerden etkilenmeyen sunucu sistemi ile g\u00fcvenli veri depolamaya olanak tan\u0131yan D\u0130A Enterprise geli\u015fen firmalar\u0131n ihtiya\u00e7lar\u0131n\u0131 eksiksiz bir \u015fekilde kar\u015f\u0131l\u0131yor. Siz de b\u00fcy\u00fck bir \u015firketseniz b\u00fcy\u00fck d\u00fc\u015f\u00fcn\u00fcn ve D\u0130A\u2019n\u0131n profesyonel&nbsp;<strong><a href=\"http:\/\/www.dia.com.tr\/\">yaz\u0131l\u0131m<\/a><\/strong>program\u0131n\u0131 hemen sat\u0131n al\u0131n! Fark\u0131m\u0131z \u00f6ncelikli olarak sizi d\u00fc\u015f\u00fcnmemiz\u2026<\/p>\n","protected":false},"excerpt":{"rendered":"<p>D\u0130A Enterprise, farkl\u0131 noktalarda i\u015fletme birimlerine sahip, \u00e7ok say\u0131da personeli olan ve b\u00fcy\u00fck veri olu\u015fturan i\u015fletmelerin ihtiya\u00e7lar\u0131na g\u00f6re \u015fekillendirilmi\u015f bir programd\u0131r. Daha kurumsal ve b\u00fcy\u00fck gereksinimleri olan firmalara sat\u0131\u015f, sat\u0131n alma, finans ve&nbsp;muhasebe yaz\u0131l\u0131m\u0131&nbsp;gibi t\u00fcm firma s\u00fcre\u00e7lerinde &nbsp;g\u00fc\u00e7l\u00fc ve h\u0131zl\u0131 bir altyap\u0131 sunan, i\u015f s\u00fcre\u00e7lerini detayl\u0131 analiz eden ve planlayan bir ERP yaz\u0131l\u0131m\u0131d\u0131r. D\u0130A Enterprise,&hellip;<\/p>\n","protected":false},"author":1,"featured_media":0,"parent":0,"menu_order":0,"comment_status":"closed","ping_status":"closed","template":"","meta":{"footnotes":""},"yoast_head":"<!-- This site is optimized with the Yoast SEO plugin v22.0 - https:\/\/yoast.com\/wordpress\/plugins\/seo\/ -->\n<title>D\u0130A ENTERPR\u0130CE (Hedefiniz b\u00fcy\u00fckse b\u00fcy\u00fck d\u00fc\u015f\u00fcn\u00fcn) - Ovabili\u015fim Sistemleri Ltd.\u015eti<\/title>\n<meta name=\"robots\" content=\"index, follow, max-snippet:-1, max-image-preview:large, max-video-preview:-1\" \/>\n<link rel=\"canonical\" href=\"https:\/\/www.ovabilisim.com\/index.php\/urun_dia_enterprise\/\" \/>\n<meta property=\"og:locale\" content=\"tr_TR\" \/>\n<meta property=\"og:type\" content=\"article\" \/>\n<meta property=\"og:title\" content=\"D\u0130A ENTERPR\u0130CE (Hedefiniz b\u00fcy\u00fckse b\u00fcy\u00fck d\u00fc\u015f\u00fcn\u00fcn) - Ovabili\u015fim Sistemleri Ltd.\u015eti\" \/>\n<meta property=\"og:description\" content=\"D\u0130A Enterprise, farkl\u0131 noktalarda i\u015fletme birimlerine sahip, \u00e7ok say\u0131da personeli olan ve b\u00fcy\u00fck veri olu\u015fturan i\u015fletmelerin ihtiya\u00e7lar\u0131na g\u00f6re \u015fekillendirilmi\u015f bir programd\u0131r. Daha kurumsal ve b\u00fcy\u00fck gereksinimleri olan firmalara sat\u0131\u015f, sat\u0131n alma, finans ve&nbsp;muhasebe yaz\u0131l\u0131m\u0131&nbsp;gibi t\u00fcm firma s\u00fcre\u00e7lerinde &nbsp;g\u00fc\u00e7l\u00fc ve h\u0131zl\u0131 bir altyap\u0131 sunan, i\u015f s\u00fcre\u00e7lerini detayl\u0131 analiz eden ve planlayan bir ERP yaz\u0131l\u0131m\u0131d\u0131r. D\u0130A Enterprise,&hellip;\" \/>\n<meta property=\"og:url\" content=\"https:\/\/www.ovabilisim.com\/index.php\/urun_dia_enterprise\/\" \/>\n<meta property=\"og:site_name\" content=\"Ovabili\u015fim Sistemleri Ltd.\u015eti\" \/>\n<meta property=\"article:publisher\" content=\"https:\/\/www.facebook.com\/OvaBilisimSistemleri\" \/>\n<meta property=\"article:modified_time\" content=\"2021-12-25T21:03:07+00:00\" \/>\n<meta property=\"og:image\" content=\"http:\/\/www.dia.com.tr\/wp-content\/uploads\/dia-enterprise.jpg\" \/>\n<meta name=\"twitter:card\" content=\"summary_large_image\" \/>\n<meta name=\"twitter:label1\" content=\"Tahmini okuma s\u00fcresi\" \/>\n\t<meta name=\"twitter:data1\" content=\"6 dakika\" \/>\n<script type=\"application\/ld+json\" class=\"yoast-schema-graph\">{\"@context\":\"https:\/\/schema.org\",\"@graph\":[{\"@type\":\"WebPage\",\"@id\":\"https:\/\/www.ovabilisim.com\/index.php\/urun_dia_enterprise\/\",\"url\":\"https:\/\/www.ovabilisim.com\/index.php\/urun_dia_enterprise\/\",\"name\":\"D\u0130A ENTERPR\u0130CE (Hedefiniz b\u00fcy\u00fckse b\u00fcy\u00fck d\u00fc\u015f\u00fcn\u00fcn) - Ovabili\u015fim Sistemleri Ltd.\u015eti\",\"isPartOf\":{\"@id\":\"http:\/\/www.ovabilisim.com\/#website\"},\"datePublished\":\"2017-10-30T11:43:56+00:00\",\"dateModified\":\"2021-12-25T21:03:07+00:00\",\"breadcrumb\":{\"@id\":\"https:\/\/www.ovabilisim.com\/index.php\/urun_dia_enterprise\/#breadcrumb\"},\"inLanguage\":\"tr\",\"potentialAction\":[{\"@type\":\"ReadAction\",\"target\":[\"https:\/\/www.ovabilisim.com\/index.php\/urun_dia_enterprise\/\"]}]},{\"@type\":\"BreadcrumbList\",\"@id\":\"https:\/\/www.ovabilisim.com\/index.php\/urun_dia_enterprise\/#breadcrumb\",\"itemListElement\":[{\"@type\":\"ListItem\",\"position\":1,\"name\":\"Anasayfa\",\"item\":\"http:\/\/www.ovabilisim.com\/\"},{\"@type\":\"ListItem\",\"position\":2,\"name\":\"D\u0130A ENTERPR\u0130CE (Hedefiniz b\u00fcy\u00fckse b\u00fcy\u00fck d\u00fc\u015f\u00fcn\u00fcn)\"}]},{\"@type\":\"WebSite\",\"@id\":\"http:\/\/www.ovabilisim.com\/#website\",\"url\":\"http:\/\/www.ovabilisim.com\/\",\"name\":\"Ovabili\u015fim Dia adana ERP\",\"description\":\"0 ve 1 &#039;in oldu\u011fu her yerdeyiz\",\"publisher\":{\"@id\":\"http:\/\/www.ovabilisim.com\/#organization\"},\"alternateName\":\"www.ovabilisim.com\",\"potentialAction\":[{\"@type\":\"SearchAction\",\"target\":{\"@type\":\"EntryPoint\",\"urlTemplate\":\"http:\/\/www.ovabilisim.com\/?s={search_term_string}\"},\"query-input\":\"required name=search_term_string\"}],\"inLanguage\":\"tr\"},{\"@type\":\"Organization\",\"@id\":\"http:\/\/www.ovabilisim.com\/#organization\",\"name\":\"Ovabili\u015fim Dia adana ERP\",\"url\":\"http:\/\/www.ovabilisim.com\/\",\"logo\":{\"@type\":\"ImageObject\",\"inLanguage\":\"tr\",\"@id\":\"http:\/\/www.ovabilisim.com\/#\/schema\/logo\/image\/\",\"url\":\"http:\/\/www.ovabilisim.com\/wp-content\/uploads\/2021\/12\/ovadiaimza.png\",\"contentUrl\":\"http:\/\/www.ovabilisim.com\/wp-content\/uploads\/2021\/12\/ovadiaimza.png\",\"width\":874,\"height\":338,\"caption\":\"Ovabili\u015fim Dia adana ERP\"},\"image\":{\"@id\":\"http:\/\/www.ovabilisim.com\/#\/schema\/logo\/image\/\"},\"sameAs\":[\"https:\/\/www.facebook.com\/OvaBilisimSistemleri\",\"https:\/\/www.instagram.com\/a.bulent.aladag\/\"]}]}<\/script>\n<!-- \/ Yoast SEO plugin. -->","yoast_head_json":{"title":"D\u0130A ENTERPR\u0130CE (Hedefiniz b\u00fcy\u00fckse b\u00fcy\u00fck d\u00fc\u015f\u00fcn\u00fcn) - Ovabili\u015fim Sistemleri Ltd.\u015eti","robots":{"index":"index","follow":"follow","max-snippet":"max-snippet:-1","max-image-preview":"max-image-preview:large","max-video-preview":"max-video-preview:-1"},"canonical":"https:\/\/www.ovabilisim.com\/index.php\/urun_dia_enterprise\/","og_locale":"tr_TR","og_type":"article","og_title":"D\u0130A ENTERPR\u0130CE (Hedefiniz b\u00fcy\u00fckse b\u00fcy\u00fck d\u00fc\u015f\u00fcn\u00fcn) - Ovabili\u015fim Sistemleri Ltd.\u015eti","og_description":"D\u0130A Enterprise, farkl\u0131 noktalarda i\u015fletme birimlerine sahip, \u00e7ok say\u0131da personeli olan ve b\u00fcy\u00fck veri olu\u015fturan i\u015fletmelerin ihtiya\u00e7lar\u0131na g\u00f6re \u015fekillendirilmi\u015f bir programd\u0131r. Daha kurumsal ve b\u00fcy\u00fck gereksinimleri olan firmalara sat\u0131\u015f, sat\u0131n alma, finans ve&nbsp;muhasebe yaz\u0131l\u0131m\u0131&nbsp;gibi t\u00fcm firma s\u00fcre\u00e7lerinde &nbsp;g\u00fc\u00e7l\u00fc ve h\u0131zl\u0131 bir altyap\u0131 sunan, i\u015f s\u00fcre\u00e7lerini detayl\u0131 analiz eden ve planlayan bir ERP yaz\u0131l\u0131m\u0131d\u0131r. D\u0130A Enterprise,&hellip;","og_url":"https:\/\/www.ovabilisim.com\/index.php\/urun_dia_enterprise\/","og_site_name":"Ovabili\u015fim Sistemleri Ltd.\u015eti","article_publisher":"https:\/\/www.facebook.com\/OvaBilisimSistemleri","article_modified_time":"2021-12-25T21:03:07+00:00","og_image":[{"url":"http:\/\/www.dia.com.tr\/wp-content\/uploads\/dia-enterprise.jpg"}],"twitter_card":"summary_large_image","twitter_misc":{"Tahmini okuma s\u00fcresi":"6 dakika"},"schema":{"@context":"https:\/\/schema.org","@graph":[{"@type":"WebPage","@id":"https:\/\/www.ovabilisim.com\/index.php\/urun_dia_enterprise\/","url":"https:\/\/www.ovabilisim.com\/index.php\/urun_dia_enterprise\/","name":"D\u0130A ENTERPR\u0130CE (Hedefiniz b\u00fcy\u00fckse b\u00fcy\u00fck d\u00fc\u015f\u00fcn\u00fcn) - Ovabili\u015fim Sistemleri Ltd.\u015eti","isPartOf":{"@id":"http:\/\/www.ovabilisim.com\/#website"},"datePublished":"2017-10-30T11:43:56+00:00","dateModified":"2021-12-25T21:03:07+00:00","breadcrumb":{"@id":"https:\/\/www.ovabilisim.com\/index.php\/urun_dia_enterprise\/#breadcrumb"},"inLanguage":"tr","potentialAction":[{"@type":"ReadAction","target":["https:\/\/www.ovabilisim.com\/index.php\/urun_dia_enterprise\/"]}]},{"@type":"BreadcrumbList","@id":"https:\/\/www.ovabilisim.com\/index.php\/urun_dia_enterprise\/#breadcrumb","itemListElement":[{"@type":"ListItem","position":1,"name":"Anasayfa","item":"http:\/\/www.ovabilisim.com\/"},{"@type":"ListItem","position":2,"name":"D\u0130A ENTERPR\u0130CE (Hedefiniz b\u00fcy\u00fckse b\u00fcy\u00fck d\u00fc\u015f\u00fcn\u00fcn)"}]},{"@type":"WebSite","@id":"http:\/\/www.ovabilisim.com\/#website","url":"http:\/\/www.ovabilisim.com\/","name":"Ovabili\u015fim Dia adana ERP","description":"0 ve 1 &#039;in oldu\u011fu her yerdeyiz","publisher":{"@id":"http:\/\/www.ovabilisim.com\/#organization"},"alternateName":"www.ovabilisim.com","potentialAction":[{"@type":"SearchAction","target":{"@type":"EntryPoint","urlTemplate":"http:\/\/www.ovabilisim.com\/?s={search_term_string}"},"query-input":"required name=search_term_string"}],"inLanguage":"tr"},{"@type":"Organization","@id":"http:\/\/www.ovabilisim.com\/#organization","name":"Ovabili\u015fim Dia adana ERP","url":"http:\/\/www.ovabilisim.com\/","logo":{"@type":"ImageObject","inLanguage":"tr","@id":"http:\/\/www.ovabilisim.com\/#\/schema\/logo\/image\/","url":"http:\/\/www.ovabilisim.com\/wp-content\/uploads\/2021\/12\/ovadiaimza.png","contentUrl":"http:\/\/www.ovabilisim.com\/wp-content\/uploads\/2021\/12\/ovadiaimza.png","width":874,"height":338,"caption":"Ovabili\u015fim Dia adana ERP"},"image":{"@id":"http:\/\/www.ovabilisim.com\/#\/schema\/logo\/image\/"},"sameAs":["https:\/\/www.facebook.com\/OvaBilisimSistemleri","https:\/\/www.instagram.com\/a.bulent.aladag\/"]}]}},"_links":{"self":[{"href":"https:\/\/www.ovabilisim.com\/index.php\/wp-json\/wp\/v2\/pages\/97"}],"collection":[{"href":"https:\/\/www.ovabilisim.com\/index.php\/wp-json\/wp\/v2\/pages"}],"about":[{"href":"https:\/\/www.ovabilisim.com\/index.php\/wp-json\/wp\/v2\/types\/page"}],"author":[{"embeddable":true,"href":"https:\/\/www.ovabilisim.com\/index.php\/wp-json\/wp\/v2\/users\/1"}],"replies":[{"embeddable":true,"href":"https:\/\/www.ovabilisim.com\/index.php\/wp-json\/wp\/v2\/comments?post=97"}],"version-history":[{"count":2,"href":"https:\/\/www.ovabilisim.com\/index.php\/wp-json\/wp\/v2\/pages\/97\/revisions"}],"predecessor-version":[{"id":520,"href":"https:\/\/www.ovabilisim.com\/index.php\/wp-json\/wp\/v2\/pages\/97\/revisions\/520"}],"wp:attachment":[{"href":"https:\/\/www.ovabilisim.com\/index.php\/wp-json\/wp\/v2\/media?parent=97"}],"curies":[{"name":"wp","href":"https:\/\/api.w.org\/{rel}","templated":true}]}}