{"id":76,"date":"2017-10-30T12:21:29","date_gmt":"2017-10-30T10:21:29","guid":{"rendered":"http:\/\/www.ovabilisim.com\/?page_id=76"},"modified":"2021-12-24T20:10:23","modified_gmt":"2021-12-24T17:10:23","slug":"hakkimizda","status":"publish","type":"page","link":"https:\/\/www.ovabilisim.com\/index.php\/hakkimizda\/","title":{"rendered":"Hakk\u0131m\u0131zda"},"content":{"rendered":"<p><img loading=\"lazy\" decoding=\"async\" class=\"wp-image-5 aligncenter\" src=\"http:\/\/www.ovabilisim.com\/wp-content\/uploads\/2017\/10\/ova2017logo.png\" alt=\"\" width=\"236\" height=\"135\" \/><\/p>\n<p style=\"text-align: center;\">Ova Bili\u015fim 1998 y\u0131l\u0131nda yaz\u0131l\u0131m m\u00fchendisli\u011fi, dan\u0131\u015fmanl\u0131k ve m\u00fc\u015favirlik b\u00f6l\u00fcm\u00fc ile teknik personelin kat\u0131l\u0131m\u0131 ile Adana&#8217;da teknoloji liderli\u011fini \u00fcstlenen kurulu\u015flarla \u00e7\u00f6z\u00fcm ortakl\u0131\u011f\u0131 yaparak, m\u00fc\u015fterilerine yeni ve beklenen \u00e7\u00f6z\u00fcmleri sunmay\u0131 ve \u00e7\u00f6z\u00fcmleri s\u00fcrekli k\u0131lmay\u0131 hedefleyen i\u015f anlay\u0131\u015f\u0131yla sekt\u00f6rde hizmetine ba\u015flam\u0131\u015ft\u0131r. \u00d6zellikle Yaz\u0131l\u0131m konusunda Kamu ile \u00e7al\u0131\u015fm\u0131\u015f, belediyeler,\u00a0 \u00f6zel idareler, muhtarl\u0131klar, su idareleri, ticari i\u015fletmelerde yaz\u0131l\u0131mlar\u0131n\u0131 uygulamaya ba\u015flam\u0131\u015ft\u0131r. Yerel y\u00f6netim uygulamalar\u0131n\u0131 kendi b\u00fcnyesinde 15&#8217;i a\u015fk\u0131n uzman teknik kadrosu ile geli\u015ftirerek yaz\u0131l\u0131m \u00e7\u00f6z\u00fcmlerini, geli\u015ftirme,<b> <\/b>uygulama ve destek \u00fc\u00e7geninde en y\u00fcksek teknoloji kullanarak \u00fcretmi\u015ftir.<\/p>\n<p style=\"text-align: center;\">2012 Y\u0131l\u0131ndan beri Kobiler&#8217;le Ticari, \u00fcretim Muhasebe sistemlerine destek yaz\u0131l\u0131mlar\u0131 yaparak i\u015fletmelere katma de\u011fer sa\u011flayarak\u00a0 dan\u0131\u015fmanl\u0131k yapmaktay\u0131z.<\/p>\n<p style=\"text-align: center;\">Yenilik ve s\u00fcreklilik arz edilen yap\u0131s\u0131yla database i\u015fletim sistemlerini d\u00fcnyaca kabul g\u00f6rm\u00fc\u015f 4. ku\u015fak veri tabanlar\u0131n\u0131 y\u00fcksek performanslarda kullanarak geli\u015fen teknolojilere ve ihtiya\u00e7lara g\u00f6re kendini geli\u015ftirmi\u015ftir. m\u00fc\u015fteri memnuniyetini g\u00f6z \u00f6n\u00fcne alarak TSE belgeli teknik servisimizde bilgisayar ve ek \u00fcr\u00fcnlerinin tamirat\u0131 ile destek hizmetlerimizi m\u00fc\u015fterilerimize sunmu\u015f bulunmaktay\u0131z.<\/p>\n<p style=\"text-align: center;\">Ova Bili\u015fim Sistemleri ISO 9001 kalite y\u00f6netim sistemi \u00e7er\u00e7evesinde \u00e7al\u0131\u015fmalar\u0131na ba\u015flam\u0131\u015f ve bu sistem do\u011frultusunda daha iyi hizmet sunmay\u0131 hedeflemi\u015ftir.<\/p>\n<p style=\"text-align: center;\">Teknoloji yeniliklerinde,anahtar teslim \u00e7\u00f6z\u00fcmler, zaman\u0131nda destek ve en iyi hizmet prensibiyle rekabet piyasas\u0131nda<\/p>\n<p style=\"text-align: center;\"><i>&#8220;ba\u015far\u0131lar destek al\u0131nan noktan\u0131n sa\u011flaml\u0131\u011f\u0131na ba\u011fl\u0131d\u0131r&#8230;&#8221;<\/i><\/p>\n<p style=\"text-align: center;\"><strong>Misyonumuz\u00a0<\/strong><\/p>\n<p style=\"text-align: center;\">Yenilenen teknolojiye uygun olarak, \u00fcr\u00fcn kalitesini s\u00fcrekli iyile\u015ftirerek daha kaliteli daha sa\u011fl\u0131kl\u0131 \u00fcretim ko\u015fullar\u0131na ula\u015fmak.<\/p>\n<p style=\"text-align: center;\">AR-Ge kalite kontrol ve uygulama laboratuvarlar\u0131n\u0131 modern cihazlarla donatmak.<\/p>\n<p style=\"text-align: center;\">Geli\u015fmeye a\u00e7\u0131k, teknik d\u00fczeyi m\u00fckemmel, tak\u0131m ruhuna sahip elemanlarla kadromuzu geli\u015ftirmek.<\/p>\n<p style=\"text-align: center;\">Yap\u0131lan her i\u015fin ilk seferinden ve s\u00fcrekli olarak do\u011fru yap\u0131land\u0131rmas\u0131 ilkesini benimsetmek.<\/p>\n<p style=\"text-align: center;\">\u00c7evre ve insan sa\u011fl\u0131\u011f\u0131n\u0131 korumay\u0131 ilke edinmek.<\/p>\n<p style=\"text-align: center;\">Maliyet azalt\u0131m\u0131 \u00e7al\u0131\u015fmalar\u0131n\u0131 t\u00fcm personelin kat\u0131l\u0131m\u0131 ile y\u00fcr\u00fctmek<\/p>\n<p style=\"text-align: center;\">En \u00fcst d\u00fczeyde m\u00fc\u015fteri memnuniyetini sa\u011flamak.<\/p>\n<p style=\"text-align: center;\"><strong>De\u011fi\u015fim i\u00e7in Bir kahve i\u00e7meye bekliyoruz \ud83d\ude42<\/strong><\/p>\n<p><a href=\"https:\/\/goo.gl\/maps\/bYfRpJGX9d6Cof31A\"><img loading=\"lazy\" decoding=\"async\" class=\"wp-image-475 aligncenter\" src=\"http:\/\/www.ovabilisim.com\/wp-content\/uploads\/2021\/12\/ova.jpg\" alt=\"\" width=\"648\" height=\"486\" \/><\/a><\/p>\n","protected":false},"excerpt":{"rendered":"<p>Ova Bili\u015fim 1998 y\u0131l\u0131nda yaz\u0131l\u0131m m\u00fchendisli\u011fi, dan\u0131\u015fmanl\u0131k ve m\u00fc\u015favirlik b\u00f6l\u00fcm\u00fc ile teknik personelin kat\u0131l\u0131m\u0131 ile Adana&#8217;da teknoloji liderli\u011fini \u00fcstlenen kurulu\u015flarla \u00e7\u00f6z\u00fcm ortakl\u0131\u011f\u0131 yaparak, m\u00fc\u015fterilerine yeni ve beklenen \u00e7\u00f6z\u00fcmleri sunmay\u0131 ve \u00e7\u00f6z\u00fcmleri s\u00fcrekli k\u0131lmay\u0131 hedefleyen i\u015f anlay\u0131\u015f\u0131yla sekt\u00f6rde hizmetine ba\u015flam\u0131\u015ft\u0131r. \u00d6zellikle Yaz\u0131l\u0131m konusunda Kamu ile \u00e7al\u0131\u015fm\u0131\u015f, belediyeler,\u00a0 \u00f6zel idareler, muhtarl\u0131klar, su idareleri, ticari i\u015fletmelerde yaz\u0131l\u0131mlar\u0131n\u0131 uygulamaya&hellip;<\/p>\n","protected":false},"author":1,"featured_media":0,"parent":0,"menu_order":0,"comment_status":"closed","ping_status":"closed","template":"","meta":{"footnotes":""},"yoast_head":"<!-- This site is optimized with the Yoast SEO plugin v22.0 - https:\/\/yoast.com\/wordpress\/plugins\/seo\/ -->\n<title>Hakk\u0131m\u0131zda - Ovabili\u015fim Sistemleri Ltd.\u015eti<\/title>\n<meta name=\"robots\" content=\"index, follow, max-snippet:-1, max-image-preview:large, max-video-preview:-1\" \/>\n<link rel=\"canonical\" href=\"https:\/\/www.ovabilisim.com\/index.php\/hakkimizda\/\" \/>\n<meta property=\"og:locale\" content=\"tr_TR\" \/>\n<meta property=\"og:type\" content=\"article\" \/>\n<meta property=\"og:title\" content=\"Hakk\u0131m\u0131zda - Ovabili\u015fim Sistemleri Ltd.\u015eti\" \/>\n<meta property=\"og:description\" content=\"Ova Bili\u015fim 1998 y\u0131l\u0131nda yaz\u0131l\u0131m m\u00fchendisli\u011fi, dan\u0131\u015fmanl\u0131k ve m\u00fc\u015favirlik b\u00f6l\u00fcm\u00fc ile teknik personelin kat\u0131l\u0131m\u0131 ile Adana&#8217;da teknoloji liderli\u011fini \u00fcstlenen kurulu\u015flarla \u00e7\u00f6z\u00fcm ortakl\u0131\u011f\u0131 yaparak, m\u00fc\u015fterilerine yeni ve beklenen \u00e7\u00f6z\u00fcmleri sunmay\u0131 ve \u00e7\u00f6z\u00fcmleri s\u00fcrekli k\u0131lmay\u0131 hedefleyen i\u015f anlay\u0131\u015f\u0131yla sekt\u00f6rde hizmetine ba\u015flam\u0131\u015ft\u0131r. \u00d6zellikle Yaz\u0131l\u0131m konusunda Kamu ile \u00e7al\u0131\u015fm\u0131\u015f, belediyeler,\u00a0 \u00f6zel idareler, muhtarl\u0131klar, su idareleri, ticari i\u015fletmelerde yaz\u0131l\u0131mlar\u0131n\u0131 uygulamaya&hellip;\" \/>\n<meta property=\"og:url\" content=\"https:\/\/www.ovabilisim.com\/index.php\/hakkimizda\/\" \/>\n<meta property=\"og:site_name\" content=\"Ovabili\u015fim Sistemleri Ltd.\u015eti\" \/>\n<meta property=\"article:publisher\" content=\"https:\/\/www.facebook.com\/OvaBilisimSistemleri\" \/>\n<meta property=\"article:modified_time\" content=\"2021-12-24T17:10:23+00:00\" \/>\n<meta property=\"og:image\" content=\"http:\/\/www.ovabilisim.com\/wp-content\/uploads\/2017\/10\/ova2017logo.png\" \/>\n<meta name=\"twitter:card\" content=\"summary_large_image\" \/>\n<meta name=\"twitter:label1\" content=\"Tahmini okuma s\u00fcresi\" \/>\n\t<meta name=\"twitter:data1\" content=\"2 dakika\" \/>\n<script type=\"application\/ld+json\" class=\"yoast-schema-graph\">{\"@context\":\"https:\/\/schema.org\",\"@graph\":[{\"@type\":\"WebPage\",\"@id\":\"https:\/\/www.ovabilisim.com\/index.php\/hakkimizda\/\",\"url\":\"https:\/\/www.ovabilisim.com\/index.php\/hakkimizda\/\",\"name\":\"Hakk\u0131m\u0131zda - Ovabili\u015fim Sistemleri Ltd.\u015eti\",\"isPartOf\":{\"@id\":\"http:\/\/www.ovabilisim.com\/#website\"},\"datePublished\":\"2017-10-30T10:21:29+00:00\",\"dateModified\":\"2021-12-24T17:10:23+00:00\",\"breadcrumb\":{\"@id\":\"https:\/\/www.ovabilisim.com\/index.php\/hakkimizda\/#breadcrumb\"},\"inLanguage\":\"tr\",\"potentialAction\":[{\"@type\":\"ReadAction\",\"target\":[\"https:\/\/www.ovabilisim.com\/index.php\/hakkimizda\/\"]}]},{\"@type\":\"BreadcrumbList\",\"@id\":\"https:\/\/www.ovabilisim.com\/index.php\/hakkimizda\/#breadcrumb\",\"itemListElement\":[{\"@type\":\"ListItem\",\"position\":1,\"name\":\"Anasayfa\",\"item\":\"http:\/\/www.ovabilisim.com\/\"},{\"@type\":\"ListItem\",\"position\":2,\"name\":\"Hakk\u0131m\u0131zda\"}]},{\"@type\":\"WebSite\",\"@id\":\"http:\/\/www.ovabilisim.com\/#website\",\"url\":\"http:\/\/www.ovabilisim.com\/\",\"name\":\"Ovabili\u015fim Dia adana ERP\",\"description\":\"0 ve 1 &#039;in oldu\u011fu her yerdeyiz\",\"publisher\":{\"@id\":\"http:\/\/www.ovabilisim.com\/#organization\"},\"alternateName\":\"www.ovabilisim.com\",\"potentialAction\":[{\"@type\":\"SearchAction\",\"target\":{\"@type\":\"EntryPoint\",\"urlTemplate\":\"http:\/\/www.ovabilisim.com\/?s={search_term_string}\"},\"query-input\":\"required name=search_term_string\"}],\"inLanguage\":\"tr\"},{\"@type\":\"Organization\",\"@id\":\"http:\/\/www.ovabilisim.com\/#organization\",\"name\":\"Ovabili\u015fim Dia adana ERP\",\"url\":\"http:\/\/www.ovabilisim.com\/\",\"logo\":{\"@type\":\"ImageObject\",\"inLanguage\":\"tr\",\"@id\":\"http:\/\/www.ovabilisim.com\/#\/schema\/logo\/image\/\",\"url\":\"http:\/\/www.ovabilisim.com\/wp-content\/uploads\/2021\/12\/ovadiaimza.png\",\"contentUrl\":\"http:\/\/www.ovabilisim.com\/wp-content\/uploads\/2021\/12\/ovadiaimza.png\",\"width\":874,\"height\":338,\"caption\":\"Ovabili\u015fim Dia adana ERP\"},\"image\":{\"@id\":\"http:\/\/www.ovabilisim.com\/#\/schema\/logo\/image\/\"},\"sameAs\":[\"https:\/\/www.facebook.com\/OvaBilisimSistemleri\",\"https:\/\/www.instagram.com\/a.bulent.aladag\/\"]}]}<\/script>\n<!-- \/ Yoast SEO plugin. -->","yoast_head_json":{"title":"Hakk\u0131m\u0131zda - Ovabili\u015fim Sistemleri Ltd.\u015eti","robots":{"index":"index","follow":"follow","max-snippet":"max-snippet:-1","max-image-preview":"max-image-preview:large","max-video-preview":"max-video-preview:-1"},"canonical":"https:\/\/www.ovabilisim.com\/index.php\/hakkimizda\/","og_locale":"tr_TR","og_type":"article","og_title":"Hakk\u0131m\u0131zda - Ovabili\u015fim Sistemleri Ltd.\u015eti","og_description":"Ova Bili\u015fim 1998 y\u0131l\u0131nda yaz\u0131l\u0131m m\u00fchendisli\u011fi, dan\u0131\u015fmanl\u0131k ve m\u00fc\u015favirlik b\u00f6l\u00fcm\u00fc ile teknik personelin kat\u0131l\u0131m\u0131 ile Adana&#8217;da teknoloji liderli\u011fini \u00fcstlenen kurulu\u015flarla \u00e7\u00f6z\u00fcm ortakl\u0131\u011f\u0131 yaparak, m\u00fc\u015fterilerine yeni ve beklenen \u00e7\u00f6z\u00fcmleri sunmay\u0131 ve \u00e7\u00f6z\u00fcmleri s\u00fcrekli k\u0131lmay\u0131 hedefleyen i\u015f anlay\u0131\u015f\u0131yla sekt\u00f6rde hizmetine ba\u015flam\u0131\u015ft\u0131r. \u00d6zellikle Yaz\u0131l\u0131m konusunda Kamu ile \u00e7al\u0131\u015fm\u0131\u015f, belediyeler,\u00a0 \u00f6zel idareler, muhtarl\u0131klar, su idareleri, ticari i\u015fletmelerde yaz\u0131l\u0131mlar\u0131n\u0131 uygulamaya&hellip;","og_url":"https:\/\/www.ovabilisim.com\/index.php\/hakkimizda\/","og_site_name":"Ovabili\u015fim Sistemleri Ltd.\u015eti","article_publisher":"https:\/\/www.facebook.com\/OvaBilisimSistemleri","article_modified_time":"2021-12-24T17:10:23+00:00","og_image":[{"url":"http:\/\/www.ovabilisim.com\/wp-content\/uploads\/2017\/10\/ova2017logo.png"}],"twitter_card":"summary_large_image","twitter_misc":{"Tahmini okuma s\u00fcresi":"2 dakika"},"schema":{"@context":"https:\/\/schema.org","@graph":[{"@type":"WebPage","@id":"https:\/\/www.ovabilisim.com\/index.php\/hakkimizda\/","url":"https:\/\/www.ovabilisim.com\/index.php\/hakkimizda\/","name":"Hakk\u0131m\u0131zda - Ovabili\u015fim Sistemleri Ltd.\u015eti","isPartOf":{"@id":"http:\/\/www.ovabilisim.com\/#website"},"datePublished":"2017-10-30T10:21:29+00:00","dateModified":"2021-12-24T17:10:23+00:00","breadcrumb":{"@id":"https:\/\/www.ovabilisim.com\/index.php\/hakkimizda\/#breadcrumb"},"inLanguage":"tr","potentialAction":[{"@type":"ReadAction","target":["https:\/\/www.ovabilisim.com\/index.php\/hakkimizda\/"]}]},{"@type":"BreadcrumbList","@id":"https:\/\/www.ovabilisim.com\/index.php\/hakkimizda\/#breadcrumb","itemListElement":[{"@type":"ListItem","position":1,"name":"Anasayfa","item":"http:\/\/www.ovabilisim.com\/"},{"@type":"ListItem","position":2,"name":"Hakk\u0131m\u0131zda"}]},{"@type":"WebSite","@id":"http:\/\/www.ovabilisim.com\/#website","url":"http:\/\/www.ovabilisim.com\/","name":"Ovabili\u015fim Dia adana ERP","description":"0 ve 1 &#039;in oldu\u011fu her yerdeyiz","publisher":{"@id":"http:\/\/www.ovabilisim.com\/#organization"},"alternateName":"www.ovabilisim.com","potentialAction":[{"@type":"SearchAction","target":{"@type":"EntryPoint","urlTemplate":"http:\/\/www.ovabilisim.com\/?s={search_term_string}"},"query-input":"required name=search_term_string"}],"inLanguage":"tr"},{"@type":"Organization","@id":"http:\/\/www.ovabilisim.com\/#organization","name":"Ovabili\u015fim Dia adana ERP","url":"http:\/\/www.ovabilisim.com\/","logo":{"@type":"ImageObject","inLanguage":"tr","@id":"http:\/\/www.ovabilisim.com\/#\/schema\/logo\/image\/","url":"http:\/\/www.ovabilisim.com\/wp-content\/uploads\/2021\/12\/ovadiaimza.png","contentUrl":"http:\/\/www.ovabilisim.com\/wp-content\/uploads\/2021\/12\/ovadiaimza.png","width":874,"height":338,"caption":"Ovabili\u015fim Dia adana ERP"},"image":{"@id":"http:\/\/www.ovabilisim.com\/#\/schema\/logo\/image\/"},"sameAs":["https:\/\/www.facebook.com\/OvaBilisimSistemleri","https:\/\/www.instagram.com\/a.bulent.aladag\/"]}]}},"_links":{"self":[{"href":"https:\/\/www.ovabilisim.com\/index.php\/wp-json\/wp\/v2\/pages\/76"}],"collection":[{"href":"https:\/\/www.ovabilisim.com\/index.php\/wp-json\/wp\/v2\/pages"}],"about":[{"href":"https:\/\/www.ovabilisim.com\/index.php\/wp-json\/wp\/v2\/types\/page"}],"author":[{"embeddable":true,"href":"https:\/\/www.ovabilisim.com\/index.php\/wp-json\/wp\/v2\/users\/1"}],"replies":[{"embeddable":true,"href":"https:\/\/www.ovabilisim.com\/index.php\/wp-json\/wp\/v2\/comments?post=76"}],"version-history":[{"count":4,"href":"https:\/\/www.ovabilisim.com\/index.php\/wp-json\/wp\/v2\/pages\/76\/revisions"}],"predecessor-version":[{"id":477,"href":"https:\/\/www.ovabilisim.com\/index.php\/wp-json\/wp\/v2\/pages\/76\/revisions\/477"}],"wp:attachment":[{"href":"https:\/\/www.ovabilisim.com\/index.php\/wp-json\/wp\/v2\/media?parent=76"}],"curies":[{"name":"wp","href":"https:\/\/api.w.org\/{rel}","templated":true}]}}