{"id":112,"date":"2017-10-30T14:14:38","date_gmt":"2017-10-30T12:14:38","guid":{"rendered":"http:\/\/www.ovabilisim.com\/?page_id=112"},"modified":"2017-10-30T14:14:38","modified_gmt":"2017-10-30T12:14:38","slug":"kurulum-hizmetlerimiz","status":"publish","type":"page","link":"https:\/\/www.ovabilisim.com\/index.php\/kurulum-hizmetlerimiz\/","title":{"rendered":"Kurulum Hizmetlerimiz"},"content":{"rendered":"<p><strong>ova bili\u015fimde Kurulum ;<\/strong><\/p>\n<p>&nbsp;<\/p>\n<p>ova bili\u015fim t\u00fcm kurulum hizmetlerini bir uzman g\u00f6zetiminde ve bir kurulum planina bagli olarak yapar. Her bir kurulum kontrol altinda tutulmasi gereken ve &#8220;y\u00f6netimi&#8221;ne ihtiya\u00e7 duyulan bir\u00e7ok basligi i\u00e7erir; bunlarin \u00f6nde gelenlerini s\u00f6yle siralayabiliriz:<\/p>\n<ul>\n<li>Planli tasarim<\/li>\n<li>Konfig\u00fcrasyon<\/li>\n<li>Malzeme temini<\/li>\n<li>\u0130nsan kayna\u011f\u0131 planlamas\u0131 ve e\u011fitimi<\/li>\n<li>M\u00fc\u015fteri mal\u0131n\u0131n korunmas\u0131n\u0131n planlanmas\u0131<\/li>\n<li>Kurulum yerinin kontrol\u00fc<\/li>\n<li>Modelleme ve i\u015fletmeye alma testleri<\/li>\n<\/ul>\n<p>ovabili\u015fim taraf\u0131ndan ger\u00e7ekle\u015ftirilen t\u00fcm kurulumlar\u0131n, ba\u015fta e\u011fitim olmak \u00fczere b\u00fcy\u00fck bir b\u00f6l\u00fcm\u00fcn\u00fcn sorumlulu\u011funu \u00fcstlenir ve bu sorumlulu\u011fu yerine getirir. ovabili\u015fim\u00a0 t\u00fcm personeli, simdiye dek binlerce kurulumu ba\u015far\u0131yla ger\u00e7ekle\u015ftirmi\u015ftir.<\/p>\n<p>&nbsp;<\/p>\n<p>&nbsp;<\/p>\n","protected":false},"excerpt":{"rendered":"<p>ova bili\u015fimde Kurulum ; &nbsp; ova bili\u015fim t\u00fcm kurulum hizmetlerini bir uzman g\u00f6zetiminde ve bir kurulum planina bagli olarak yapar. Her bir kurulum kontrol altinda tutulmasi gereken ve &#8220;y\u00f6netimi&#8221;ne ihtiya\u00e7 duyulan bir\u00e7ok basligi i\u00e7erir; bunlarin \u00f6nde gelenlerini s\u00f6yle siralayabiliriz: Planli tasarim Konfig\u00fcrasyon Malzeme temini \u0130nsan kayna\u011f\u0131 planlamas\u0131 ve e\u011fitimi M\u00fc\u015fteri mal\u0131n\u0131n korunmas\u0131n\u0131n planlanmas\u0131 Kurulum yerinin&hellip;<\/p>\n","protected":false},"author":1,"featured_media":0,"parent":0,"menu_order":0,"comment_status":"closed","ping_status":"closed","template":"","meta":{"footnotes":""},"yoast_head":"<!-- This site is optimized with the Yoast SEO plugin v22.0 - https:\/\/yoast.com\/wordpress\/plugins\/seo\/ -->\n<title>Kurulum Hizmetlerimiz - Ovabili\u015fim Sistemleri Ltd.\u015eti<\/title>\n<meta name=\"robots\" content=\"index, follow, max-snippet:-1, max-image-preview:large, max-video-preview:-1\" \/>\n<link rel=\"canonical\" href=\"https:\/\/www.ovabilisim.com\/index.php\/kurulum-hizmetlerimiz\/\" \/>\n<meta property=\"og:locale\" content=\"tr_TR\" \/>\n<meta property=\"og:type\" content=\"article\" \/>\n<meta property=\"og:title\" content=\"Kurulum Hizmetlerimiz - Ovabili\u015fim Sistemleri Ltd.\u015eti\" \/>\n<meta property=\"og:description\" content=\"ova bili\u015fimde Kurulum ; &nbsp; ova bili\u015fim t\u00fcm kurulum hizmetlerini bir uzman g\u00f6zetiminde ve bir kurulum planina bagli olarak yapar. Her bir kurulum kontrol altinda tutulmasi gereken ve &#8220;y\u00f6netimi&#8221;ne ihtiya\u00e7 duyulan bir\u00e7ok basligi i\u00e7erir; bunlarin \u00f6nde gelenlerini s\u00f6yle siralayabiliriz: Planli tasarim Konfig\u00fcrasyon Malzeme temini \u0130nsan kayna\u011f\u0131 planlamas\u0131 ve e\u011fitimi M\u00fc\u015fteri mal\u0131n\u0131n korunmas\u0131n\u0131n planlanmas\u0131 Kurulum yerinin&hellip;\" \/>\n<meta property=\"og:url\" content=\"https:\/\/www.ovabilisim.com\/index.php\/kurulum-hizmetlerimiz\/\" \/>\n<meta property=\"og:site_name\" content=\"Ovabili\u015fim Sistemleri Ltd.\u015eti\" \/>\n<meta property=\"article:publisher\" content=\"https:\/\/www.facebook.com\/OvaBilisimSistemleri\" \/>\n<meta property=\"og:image\" content=\"https:\/\/www.ovabilisim.com\/wp-content\/uploads\/2025\/02\/diacozumlogo2.png\" \/>\n\t<meta property=\"og:image:width\" content=\"364\" \/>\n\t<meta property=\"og:image:height\" content=\"138\" \/>\n\t<meta property=\"og:image:type\" content=\"image\/png\" \/>\n<meta name=\"twitter:card\" content=\"summary_large_image\" \/>\n<meta name=\"twitter:label1\" content=\"Tahmini okuma s\u00fcresi\" \/>\n\t<meta name=\"twitter:data1\" content=\"1 dakika\" \/>\n<script type=\"application\/ld+json\" class=\"yoast-schema-graph\">{\"@context\":\"https:\/\/schema.org\",\"@graph\":[{\"@type\":\"WebPage\",\"@id\":\"https:\/\/www.ovabilisim.com\/index.php\/kurulum-hizmetlerimiz\/\",\"url\":\"https:\/\/www.ovabilisim.com\/index.php\/kurulum-hizmetlerimiz\/\",\"name\":\"Kurulum Hizmetlerimiz - Ovabili\u015fim Sistemleri Ltd.\u015eti\",\"isPartOf\":{\"@id\":\"http:\/\/www.ovabilisim.com\/#website\"},\"datePublished\":\"2017-10-30T12:14:38+00:00\",\"dateModified\":\"2017-10-30T12:14:38+00:00\",\"breadcrumb\":{\"@id\":\"https:\/\/www.ovabilisim.com\/index.php\/kurulum-hizmetlerimiz\/#breadcrumb\"},\"inLanguage\":\"tr\",\"potentialAction\":[{\"@type\":\"ReadAction\",\"target\":[\"https:\/\/www.ovabilisim.com\/index.php\/kurulum-hizmetlerimiz\/\"]}]},{\"@type\":\"BreadcrumbList\",\"@id\":\"https:\/\/www.ovabilisim.com\/index.php\/kurulum-hizmetlerimiz\/#breadcrumb\",\"itemListElement\":[{\"@type\":\"ListItem\",\"position\":1,\"name\":\"Anasayfa\",\"item\":\"http:\/\/www.ovabilisim.com\/\"},{\"@type\":\"ListItem\",\"position\":2,\"name\":\"Kurulum Hizmetlerimiz\"}]},{\"@type\":\"WebSite\",\"@id\":\"http:\/\/www.ovabilisim.com\/#website\",\"url\":\"http:\/\/www.ovabilisim.com\/\",\"name\":\"Ovabili\u015fim Dia adana ERP\",\"description\":\"0 ve 1 &#039;in oldu\u011fu her yerdeyiz\",\"publisher\":{\"@id\":\"http:\/\/www.ovabilisim.com\/#organization\"},\"alternateName\":\"www.ovabilisim.com\",\"potentialAction\":[{\"@type\":\"SearchAction\",\"target\":{\"@type\":\"EntryPoint\",\"urlTemplate\":\"http:\/\/www.ovabilisim.com\/?s={search_term_string}\"},\"query-input\":\"required name=search_term_string\"}],\"inLanguage\":\"tr\"},{\"@type\":\"Organization\",\"@id\":\"http:\/\/www.ovabilisim.com\/#organization\",\"name\":\"Ovabili\u015fim Dia adana ERP\",\"url\":\"http:\/\/www.ovabilisim.com\/\",\"logo\":{\"@type\":\"ImageObject\",\"inLanguage\":\"tr\",\"@id\":\"http:\/\/www.ovabilisim.com\/#\/schema\/logo\/image\/\",\"url\":\"http:\/\/www.ovabilisim.com\/wp-content\/uploads\/2021\/12\/ovadiaimza.png\",\"contentUrl\":\"http:\/\/www.ovabilisim.com\/wp-content\/uploads\/2021\/12\/ovadiaimza.png\",\"width\":874,\"height\":338,\"caption\":\"Ovabili\u015fim Dia adana ERP\"},\"image\":{\"@id\":\"http:\/\/www.ovabilisim.com\/#\/schema\/logo\/image\/\"},\"sameAs\":[\"https:\/\/www.facebook.com\/OvaBilisimSistemleri\",\"https:\/\/www.instagram.com\/a.bulent.aladag\/\"]}]}<\/script>\n<!-- \/ Yoast SEO plugin. -->","yoast_head_json":{"title":"Kurulum Hizmetlerimiz - Ovabili\u015fim Sistemleri Ltd.\u015eti","robots":{"index":"index","follow":"follow","max-snippet":"max-snippet:-1","max-image-preview":"max-image-preview:large","max-video-preview":"max-video-preview:-1"},"canonical":"https:\/\/www.ovabilisim.com\/index.php\/kurulum-hizmetlerimiz\/","og_locale":"tr_TR","og_type":"article","og_title":"Kurulum Hizmetlerimiz - Ovabili\u015fim Sistemleri Ltd.\u015eti","og_description":"ova bili\u015fimde Kurulum ; &nbsp; ova bili\u015fim t\u00fcm kurulum hizmetlerini bir uzman g\u00f6zetiminde ve bir kurulum planina bagli olarak yapar. Her bir kurulum kontrol altinda tutulmasi gereken ve &#8220;y\u00f6netimi&#8221;ne ihtiya\u00e7 duyulan bir\u00e7ok basligi i\u00e7erir; bunlarin \u00f6nde gelenlerini s\u00f6yle siralayabiliriz: Planli tasarim Konfig\u00fcrasyon Malzeme temini \u0130nsan kayna\u011f\u0131 planlamas\u0131 ve e\u011fitimi M\u00fc\u015fteri mal\u0131n\u0131n korunmas\u0131n\u0131n planlanmas\u0131 Kurulum yerinin&hellip;","og_url":"https:\/\/www.ovabilisim.com\/index.php\/kurulum-hizmetlerimiz\/","og_site_name":"Ovabili\u015fim Sistemleri Ltd.\u015eti","article_publisher":"https:\/\/www.facebook.com\/OvaBilisimSistemleri","og_image":[{"width":364,"height":138,"url":"https:\/\/www.ovabilisim.com\/wp-content\/uploads\/2025\/02\/diacozumlogo2.png","type":"image\/png"}],"twitter_card":"summary_large_image","twitter_misc":{"Tahmini okuma s\u00fcresi":"1 dakika"},"schema":{"@context":"https:\/\/schema.org","@graph":[{"@type":"WebPage","@id":"https:\/\/www.ovabilisim.com\/index.php\/kurulum-hizmetlerimiz\/","url":"https:\/\/www.ovabilisim.com\/index.php\/kurulum-hizmetlerimiz\/","name":"Kurulum Hizmetlerimiz - Ovabili\u015fim Sistemleri Ltd.\u015eti","isPartOf":{"@id":"http:\/\/www.ovabilisim.com\/#website"},"datePublished":"2017-10-30T12:14:38+00:00","dateModified":"2017-10-30T12:14:38+00:00","breadcrumb":{"@id":"https:\/\/www.ovabilisim.com\/index.php\/kurulum-hizmetlerimiz\/#breadcrumb"},"inLanguage":"tr","potentialAction":[{"@type":"ReadAction","target":["https:\/\/www.ovabilisim.com\/index.php\/kurulum-hizmetlerimiz\/"]}]},{"@type":"BreadcrumbList","@id":"https:\/\/www.ovabilisim.com\/index.php\/kurulum-hizmetlerimiz\/#breadcrumb","itemListElement":[{"@type":"ListItem","position":1,"name":"Anasayfa","item":"http:\/\/www.ovabilisim.com\/"},{"@type":"ListItem","position":2,"name":"Kurulum Hizmetlerimiz"}]},{"@type":"WebSite","@id":"http:\/\/www.ovabilisim.com\/#website","url":"http:\/\/www.ovabilisim.com\/","name":"Ovabili\u015fim Dia adana ERP","description":"0 ve 1 &#039;in oldu\u011fu her yerdeyiz","publisher":{"@id":"http:\/\/www.ovabilisim.com\/#organization"},"alternateName":"www.ovabilisim.com","potentialAction":[{"@type":"SearchAction","target":{"@type":"EntryPoint","urlTemplate":"http:\/\/www.ovabilisim.com\/?s={search_term_string}"},"query-input":"required name=search_term_string"}],"inLanguage":"tr"},{"@type":"Organization","@id":"http:\/\/www.ovabilisim.com\/#organization","name":"Ovabili\u015fim Dia adana ERP","url":"http:\/\/www.ovabilisim.com\/","logo":{"@type":"ImageObject","inLanguage":"tr","@id":"http:\/\/www.ovabilisim.com\/#\/schema\/logo\/image\/","url":"http:\/\/www.ovabilisim.com\/wp-content\/uploads\/2021\/12\/ovadiaimza.png","contentUrl":"http:\/\/www.ovabilisim.com\/wp-content\/uploads\/2021\/12\/ovadiaimza.png","width":874,"height":338,"caption":"Ovabili\u015fim Dia adana ERP"},"image":{"@id":"http:\/\/www.ovabilisim.com\/#\/schema\/logo\/image\/"},"sameAs":["https:\/\/www.facebook.com\/OvaBilisimSistemleri","https:\/\/www.instagram.com\/a.bulent.aladag\/"]}]}},"_links":{"self":[{"href":"https:\/\/www.ovabilisim.com\/index.php\/wp-json\/wp\/v2\/pages\/112"}],"collection":[{"href":"https:\/\/www.ovabilisim.com\/index.php\/wp-json\/wp\/v2\/pages"}],"about":[{"href":"https:\/\/www.ovabilisim.com\/index.php\/wp-json\/wp\/v2\/types\/page"}],"author":[{"embeddable":true,"href":"https:\/\/www.ovabilisim.com\/index.php\/wp-json\/wp\/v2\/users\/1"}],"replies":[{"embeddable":true,"href":"https:\/\/www.ovabilisim.com\/index.php\/wp-json\/wp\/v2\/comments?post=112"}],"version-history":[{"count":1,"href":"https:\/\/www.ovabilisim.com\/index.php\/wp-json\/wp\/v2\/pages\/112\/revisions"}],"predecessor-version":[{"id":113,"href":"https:\/\/www.ovabilisim.com\/index.php\/wp-json\/wp\/v2\/pages\/112\/revisions\/113"}],"wp:attachment":[{"href":"https:\/\/www.ovabilisim.com\/index.php\/wp-json\/wp\/v2\/media?parent=112"}],"curies":[{"name":"wp","href":"https:\/\/api.w.org\/{rel}","templated":true}]}}