{"id":110,"date":"2017-10-30T14:12:44","date_gmt":"2017-10-30T12:12:44","guid":{"rendered":"http:\/\/www.ovabilisim.com\/?page_id=110"},"modified":"2017-10-30T14:12:44","modified_gmt":"2017-10-30T12:12:44","slug":"teknik-destek-hizmetlerimiz","status":"publish","type":"page","link":"https:\/\/www.ovabilisim.com\/index.php\/teknik-destek-hizmetlerimiz\/","title":{"rendered":"Teknik Destek Hizmetlerimiz"},"content":{"rendered":"<div class=\"content_cr_b\">\n<div class=\"content_cr_ta\">\n<h5>Ova Bili\u015fimde Teknik Servis;<\/h5>\n<h5>Uzman teknik elemanlarla an\u0131nda \u00e7\u00f6z\u00fcm<\/h5>\n<\/div>\n<\/div>\n<p>uzman, sertifikal\u0131 personelleriyle bilgisayar ve yaz\u0131l\u0131m \u00fcr\u00fcnlerinin bak\u0131mlar\u0131n\u0131 yapar ve ar\u0131zalar\u0131 tespit ederek an\u0131nda \u00e7\u00f6z\u00fcm sunar.<\/p>\n<ul>\n<li>G\u00fcncel e\u011fitimler ile kendisini yenileyen<\/li>\n<li>Ar\u0131zalar i\u00e7in yeterli yedek par\u00e7a sto\u011fu ile donat\u0131lm\u0131\u015f, titizlikle denetlenen<\/li>\n<li>TSE yetkili servis belgesine sahip<\/li>\n<li>M\u00fc\u015fterilerine g\u00fcvenilir ve y\u00fcksek kalitede hizmet sa\u011flayan<\/li>\n<\/ul>\n<p>Bir \u0130\u015f \u00c7\u00f6z\u00fcmleri Merkezidir. \u0130\u015flem Teknik Destek ve Bak\u0131m hizmetlerinde temel prensiplerimiz;<\/p>\n<ul>\n<li>Problemlere en k\u0131sa s\u00fcrede \u00e7\u00f6z\u00fcm bularak i\u015flemlere h\u0131z kazand\u0131r\u0131lmas\u0131<\/li>\n<li>Ar\u0131zalar konusunda uzman, teknik elemanlar\u0131m\u0131zla m\u00fcdahale edilmesidir<\/li>\n<\/ul>\n<div class=\"icerik_yazi\">\n<div id=\"tab_goster\">\n<h2>\u00a0Kurumsal Teknik Servis Hizmetlerimiz (Yerinde)<\/h2>\n<p>* Windows 2003\/2008 Server Kurulum ve Teknik Destek \u0130\u015flemleri<br \/>\n* Windows XP\/Vista\/7\/8 Kurulum Teknik Destek \u0130\u015flemleri<br \/>\n* PC ve Laptop Onar\u0131m ve Bak\u0131m \u0130\u015flemleri<br \/>\n* Toplu G\u00fcncelleme Hizmetleri<br \/>\n* Kablosuz A\u011f \u00c7\u00f6z\u00fcmleri (\u00c7ok katl\u0131 binalar)<br \/>\n* Sistem Bak\u0131m ve Temizlik \u0130\u015flemleri<br \/>\n* Vir\u00fcs Tarama ve Temizleme \u0130\u015flemleri<br \/>\n* Statik IP \u00fczerinde DNS Hizmeti<br \/>\n* Silinmi\u015f veya Hasarl\u0131 Diskten Veri Kurtarma Hizmetleri<br \/>\n* Workgroup, Active Directory Kurulum ve Destek Hizmetleri<br \/>\n* A\u011f kurulum, test ve destek i\u015flemleri<br \/>\n* ADSL, ISDN Internet Kurulum destek i\u015flemleri<br \/>\n* ISA Server, G\u00fcvenlik Duvar\u0131 Kurulum ve Destek \u0130\u015flemleri<br \/>\n* Microsoft Exchange Server Kurulum, Destek ve Bak\u0131m \u0130\u015flemleri<br \/>\n* Periyodik Veri Yedekleme ve Test \u0130\u015flemleri<br \/>\n* Y\u00fcksek Kapasiteli Hosting, E-Posta Kurulum Hizmetleri<br \/>\n* An\u0131nda Uzaktan Ba\u011flant\u0131 ile Destek Hizmeti<br \/>\n* Santral ve Santral Ses Kay\u0131t Sistemleri Teknik Deste\u011fi<br \/>\n* G\u00fcvenlik ve Kamera Sistemleri Teknik Deste\u011fi<br \/>\n* Personeliniz i\u00e7in Windows,Office ve A\u011f Kullan\u0131m E\u011fitim Hizmetleri<br \/>\n* Anla\u015fmal\u0131 Sunucu ve Hosting Hizmetleri<br \/>\n* Y\u00fcksek Performansl\u0131, Kesintisiz ve Hesapl\u0131 Teknik Servis Hizmeti 2-10 adetli k\u00fc\u00e7\u00fck a\u011flardan tutun 100-200 bilgisayarl\u0131 lokal ve global a\u011flara kadar tek noktadan \u00e7\u00f6z\u00fcmler \u00fcretiyoruz. Sistem kurulumu, alt yap\u0131s\u0131n\u0131n sa\u011flanmas\u0131, sistem \u00fczerindeki yaz\u0131l\u0131m ve veritabanlar\u0131n y\u00fcklenmesi, sunucu-istemci bilgisayar ba\u011flant\u0131lar\u0131n\u0131n yap\u0131lmas\u0131, g\u00fcvenli\u011finin sa\u011flanmas\u0131 ve 7\/24 kesintisiz \u00e7al\u0131\u015f\u0131r halde tutulmas\u0131 gibi s\u00fcreklilik arz eden t\u00fcm hizmetleri, k\u0131saca sisteminiz ile ilgili her t\u00fcrl\u00fc hizmeti Bak\u0131m Anla\u015fmal\u0131 firmalar\u0131m\u0131za sunmaktay\u0131z. Sisteminiz ile ilgili yerinde \u00fccretsiz ekspertiz yap\u0131yoruz, firman\u0131za en uygun teknik servis ve bak\u0131m anla\u015fmas\u0131 hizmeti i\u00e7in teklif veriyoruz. Bizimle ileti\u015fime ge\u00e7erek l\u00fctfen teklif isteyiniz.<\/p>\n<\/div>\n<div class=\"clear\"><\/div>\n<\/div>\n<div class=\"resimli_linkler\"><\/div>\n","protected":false},"excerpt":{"rendered":"<p>Ova Bili\u015fimde Teknik Servis; Uzman teknik elemanlarla an\u0131nda \u00e7\u00f6z\u00fcm uzman, sertifikal\u0131 personelleriyle bilgisayar ve yaz\u0131l\u0131m \u00fcr\u00fcnlerinin bak\u0131mlar\u0131n\u0131 yapar ve ar\u0131zalar\u0131 tespit ederek an\u0131nda \u00e7\u00f6z\u00fcm sunar. G\u00fcncel e\u011fitimler ile kendisini yenileyen Ar\u0131zalar i\u00e7in yeterli yedek par\u00e7a sto\u011fu ile donat\u0131lm\u0131\u015f, titizlikle denetlenen TSE yetkili servis belgesine sahip M\u00fc\u015fterilerine g\u00fcvenilir ve y\u00fcksek kalitede hizmet sa\u011flayan Bir \u0130\u015f \u00c7\u00f6z\u00fcmleri&hellip;<\/p>\n","protected":false},"author":1,"featured_media":0,"parent":0,"menu_order":0,"comment_status":"closed","ping_status":"closed","template":"","meta":{"footnotes":""},"yoast_head":"<!-- This site is optimized with the Yoast SEO plugin v22.0 - https:\/\/yoast.com\/wordpress\/plugins\/seo\/ -->\n<title>Teknik Destek Hizmetlerimiz - Ovabili\u015fim Sistemleri Ltd.\u015eti<\/title>\n<meta name=\"robots\" content=\"index, follow, max-snippet:-1, max-image-preview:large, max-video-preview:-1\" \/>\n<link rel=\"canonical\" href=\"https:\/\/www.ovabilisim.com\/index.php\/teknik-destek-hizmetlerimiz\/\" \/>\n<meta property=\"og:locale\" content=\"tr_TR\" \/>\n<meta property=\"og:type\" content=\"article\" \/>\n<meta property=\"og:title\" content=\"Teknik Destek Hizmetlerimiz - Ovabili\u015fim Sistemleri Ltd.\u015eti\" \/>\n<meta property=\"og:description\" content=\"Ova Bili\u015fimde Teknik Servis; Uzman teknik elemanlarla an\u0131nda \u00e7\u00f6z\u00fcm uzman, sertifikal\u0131 personelleriyle bilgisayar ve yaz\u0131l\u0131m \u00fcr\u00fcnlerinin bak\u0131mlar\u0131n\u0131 yapar ve ar\u0131zalar\u0131 tespit ederek an\u0131nda \u00e7\u00f6z\u00fcm sunar. G\u00fcncel e\u011fitimler ile kendisini yenileyen Ar\u0131zalar i\u00e7in yeterli yedek par\u00e7a sto\u011fu ile donat\u0131lm\u0131\u015f, titizlikle denetlenen TSE yetkili servis belgesine sahip M\u00fc\u015fterilerine g\u00fcvenilir ve y\u00fcksek kalitede hizmet sa\u011flayan Bir \u0130\u015f \u00c7\u00f6z\u00fcmleri&hellip;\" \/>\n<meta property=\"og:url\" content=\"https:\/\/www.ovabilisim.com\/index.php\/teknik-destek-hizmetlerimiz\/\" \/>\n<meta property=\"og:site_name\" content=\"Ovabili\u015fim Sistemleri Ltd.\u015eti\" \/>\n<meta property=\"article:publisher\" content=\"https:\/\/www.facebook.com\/OvaBilisimSistemleri\" \/>\n<meta property=\"og:image\" content=\"https:\/\/www.ovabilisim.com\/wp-content\/uploads\/2025\/02\/diacozumlogo2.png\" \/>\n\t<meta property=\"og:image:width\" content=\"364\" \/>\n\t<meta property=\"og:image:height\" content=\"138\" \/>\n\t<meta property=\"og:image:type\" content=\"image\/png\" \/>\n<meta name=\"twitter:card\" content=\"summary_large_image\" \/>\n<meta name=\"twitter:label1\" content=\"Tahmini okuma s\u00fcresi\" \/>\n\t<meta name=\"twitter:data1\" content=\"2 dakika\" \/>\n<script type=\"application\/ld+json\" class=\"yoast-schema-graph\">{\"@context\":\"https:\/\/schema.org\",\"@graph\":[{\"@type\":\"WebPage\",\"@id\":\"https:\/\/www.ovabilisim.com\/index.php\/teknik-destek-hizmetlerimiz\/\",\"url\":\"https:\/\/www.ovabilisim.com\/index.php\/teknik-destek-hizmetlerimiz\/\",\"name\":\"Teknik Destek Hizmetlerimiz - Ovabili\u015fim Sistemleri Ltd.\u015eti\",\"isPartOf\":{\"@id\":\"http:\/\/www.ovabilisim.com\/#website\"},\"datePublished\":\"2017-10-30T12:12:44+00:00\",\"dateModified\":\"2017-10-30T12:12:44+00:00\",\"breadcrumb\":{\"@id\":\"https:\/\/www.ovabilisim.com\/index.php\/teknik-destek-hizmetlerimiz\/#breadcrumb\"},\"inLanguage\":\"tr\",\"potentialAction\":[{\"@type\":\"ReadAction\",\"target\":[\"https:\/\/www.ovabilisim.com\/index.php\/teknik-destek-hizmetlerimiz\/\"]}]},{\"@type\":\"BreadcrumbList\",\"@id\":\"https:\/\/www.ovabilisim.com\/index.php\/teknik-destek-hizmetlerimiz\/#breadcrumb\",\"itemListElement\":[{\"@type\":\"ListItem\",\"position\":1,\"name\":\"Anasayfa\",\"item\":\"http:\/\/www.ovabilisim.com\/\"},{\"@type\":\"ListItem\",\"position\":2,\"name\":\"Teknik Destek Hizmetlerimiz\"}]},{\"@type\":\"WebSite\",\"@id\":\"http:\/\/www.ovabilisim.com\/#website\",\"url\":\"http:\/\/www.ovabilisim.com\/\",\"name\":\"Ovabili\u015fim Dia adana ERP\",\"description\":\"0 ve 1 &#039;in oldu\u011fu her yerdeyiz\",\"publisher\":{\"@id\":\"http:\/\/www.ovabilisim.com\/#organization\"},\"alternateName\":\"www.ovabilisim.com\",\"potentialAction\":[{\"@type\":\"SearchAction\",\"target\":{\"@type\":\"EntryPoint\",\"urlTemplate\":\"http:\/\/www.ovabilisim.com\/?s={search_term_string}\"},\"query-input\":\"required name=search_term_string\"}],\"inLanguage\":\"tr\"},{\"@type\":\"Organization\",\"@id\":\"http:\/\/www.ovabilisim.com\/#organization\",\"name\":\"Ovabili\u015fim Dia adana ERP\",\"url\":\"http:\/\/www.ovabilisim.com\/\",\"logo\":{\"@type\":\"ImageObject\",\"inLanguage\":\"tr\",\"@id\":\"http:\/\/www.ovabilisim.com\/#\/schema\/logo\/image\/\",\"url\":\"http:\/\/www.ovabilisim.com\/wp-content\/uploads\/2021\/12\/ovadiaimza.png\",\"contentUrl\":\"http:\/\/www.ovabilisim.com\/wp-content\/uploads\/2021\/12\/ovadiaimza.png\",\"width\":874,\"height\":338,\"caption\":\"Ovabili\u015fim Dia adana ERP\"},\"image\":{\"@id\":\"http:\/\/www.ovabilisim.com\/#\/schema\/logo\/image\/\"},\"sameAs\":[\"https:\/\/www.facebook.com\/OvaBilisimSistemleri\",\"https:\/\/www.instagram.com\/a.bulent.aladag\/\"]}]}<\/script>\n<!-- \/ Yoast SEO plugin. -->","yoast_head_json":{"title":"Teknik Destek Hizmetlerimiz - Ovabili\u015fim Sistemleri Ltd.\u015eti","robots":{"index":"index","follow":"follow","max-snippet":"max-snippet:-1","max-image-preview":"max-image-preview:large","max-video-preview":"max-video-preview:-1"},"canonical":"https:\/\/www.ovabilisim.com\/index.php\/teknik-destek-hizmetlerimiz\/","og_locale":"tr_TR","og_type":"article","og_title":"Teknik Destek Hizmetlerimiz - Ovabili\u015fim Sistemleri Ltd.\u015eti","og_description":"Ova Bili\u015fimde Teknik Servis; Uzman teknik elemanlarla an\u0131nda \u00e7\u00f6z\u00fcm uzman, sertifikal\u0131 personelleriyle bilgisayar ve yaz\u0131l\u0131m \u00fcr\u00fcnlerinin bak\u0131mlar\u0131n\u0131 yapar ve ar\u0131zalar\u0131 tespit ederek an\u0131nda \u00e7\u00f6z\u00fcm sunar. G\u00fcncel e\u011fitimler ile kendisini yenileyen Ar\u0131zalar i\u00e7in yeterli yedek par\u00e7a sto\u011fu ile donat\u0131lm\u0131\u015f, titizlikle denetlenen TSE yetkili servis belgesine sahip M\u00fc\u015fterilerine g\u00fcvenilir ve y\u00fcksek kalitede hizmet sa\u011flayan Bir \u0130\u015f \u00c7\u00f6z\u00fcmleri&hellip;","og_url":"https:\/\/www.ovabilisim.com\/index.php\/teknik-destek-hizmetlerimiz\/","og_site_name":"Ovabili\u015fim Sistemleri Ltd.\u015eti","article_publisher":"https:\/\/www.facebook.com\/OvaBilisimSistemleri","og_image":[{"width":364,"height":138,"url":"https:\/\/www.ovabilisim.com\/wp-content\/uploads\/2025\/02\/diacozumlogo2.png","type":"image\/png"}],"twitter_card":"summary_large_image","twitter_misc":{"Tahmini okuma s\u00fcresi":"2 dakika"},"schema":{"@context":"https:\/\/schema.org","@graph":[{"@type":"WebPage","@id":"https:\/\/www.ovabilisim.com\/index.php\/teknik-destek-hizmetlerimiz\/","url":"https:\/\/www.ovabilisim.com\/index.php\/teknik-destek-hizmetlerimiz\/","name":"Teknik Destek Hizmetlerimiz - Ovabili\u015fim Sistemleri Ltd.\u015eti","isPartOf":{"@id":"http:\/\/www.ovabilisim.com\/#website"},"datePublished":"2017-10-30T12:12:44+00:00","dateModified":"2017-10-30T12:12:44+00:00","breadcrumb":{"@id":"https:\/\/www.ovabilisim.com\/index.php\/teknik-destek-hizmetlerimiz\/#breadcrumb"},"inLanguage":"tr","potentialAction":[{"@type":"ReadAction","target":["https:\/\/www.ovabilisim.com\/index.php\/teknik-destek-hizmetlerimiz\/"]}]},{"@type":"BreadcrumbList","@id":"https:\/\/www.ovabilisim.com\/index.php\/teknik-destek-hizmetlerimiz\/#breadcrumb","itemListElement":[{"@type":"ListItem","position":1,"name":"Anasayfa","item":"http:\/\/www.ovabilisim.com\/"},{"@type":"ListItem","position":2,"name":"Teknik Destek Hizmetlerimiz"}]},{"@type":"WebSite","@id":"http:\/\/www.ovabilisim.com\/#website","url":"http:\/\/www.ovabilisim.com\/","name":"Ovabili\u015fim Dia adana ERP","description":"0 ve 1 &#039;in oldu\u011fu her yerdeyiz","publisher":{"@id":"http:\/\/www.ovabilisim.com\/#organization"},"alternateName":"www.ovabilisim.com","potentialAction":[{"@type":"SearchAction","target":{"@type":"EntryPoint","urlTemplate":"http:\/\/www.ovabilisim.com\/?s={search_term_string}"},"query-input":"required name=search_term_string"}],"inLanguage":"tr"},{"@type":"Organization","@id":"http:\/\/www.ovabilisim.com\/#organization","name":"Ovabili\u015fim Dia adana ERP","url":"http:\/\/www.ovabilisim.com\/","logo":{"@type":"ImageObject","inLanguage":"tr","@id":"http:\/\/www.ovabilisim.com\/#\/schema\/logo\/image\/","url":"http:\/\/www.ovabilisim.com\/wp-content\/uploads\/2021\/12\/ovadiaimza.png","contentUrl":"http:\/\/www.ovabilisim.com\/wp-content\/uploads\/2021\/12\/ovadiaimza.png","width":874,"height":338,"caption":"Ovabili\u015fim Dia adana ERP"},"image":{"@id":"http:\/\/www.ovabilisim.com\/#\/schema\/logo\/image\/"},"sameAs":["https:\/\/www.facebook.com\/OvaBilisimSistemleri","https:\/\/www.instagram.com\/a.bulent.aladag\/"]}]}},"_links":{"self":[{"href":"https:\/\/www.ovabilisim.com\/index.php\/wp-json\/wp\/v2\/pages\/110"}],"collection":[{"href":"https:\/\/www.ovabilisim.com\/index.php\/wp-json\/wp\/v2\/pages"}],"about":[{"href":"https:\/\/www.ovabilisim.com\/index.php\/wp-json\/wp\/v2\/types\/page"}],"author":[{"embeddable":true,"href":"https:\/\/www.ovabilisim.com\/index.php\/wp-json\/wp\/v2\/users\/1"}],"replies":[{"embeddable":true,"href":"https:\/\/www.ovabilisim.com\/index.php\/wp-json\/wp\/v2\/comments?post=110"}],"version-history":[{"count":1,"href":"https:\/\/www.ovabilisim.com\/index.php\/wp-json\/wp\/v2\/pages\/110\/revisions"}],"predecessor-version":[{"id":111,"href":"https:\/\/www.ovabilisim.com\/index.php\/wp-json\/wp\/v2\/pages\/110\/revisions\/111"}],"wp:attachment":[{"href":"https:\/\/www.ovabilisim.com\/index.php\/wp-json\/wp\/v2\/media?parent=110"}],"curies":[{"name":"wp","href":"https:\/\/api.w.org\/{rel}","templated":true}]}}