{"id":95,"date":"2017-10-30T13:40:52","date_gmt":"2017-10-30T11:40:52","guid":{"rendered":"http:\/\/www.ovabilisim.com\/?page_id=95"},"modified":"2021-12-26T00:19:51","modified_gmt":"2021-12-25T21:19:51","slug":"urun_dia_standart","status":"publish","type":"page","link":"http:\/\/www.ovabilisim.com\/index.php\/urun_dia_standart\/","title":{"rendered":"D\u0130A STANDART (T\u00fcm ihtiya\u00e7lar i\u00e7in Tek \u00c7\u00f6z\u00fcm)"},"content":{"rendered":"<p><strong>Dia Standart<\/strong>, farkl\u0131 sekt\u00f6rlerde KOB\u0130 ihtiya\u00e7lar\u0131n\u0131 analiz ederek geli\u015ftirilen bir \u00e7\u00f6z\u00fcm program\u0131d\u0131r. Sat\u0131\u015f, sat\u0131n alma, finans,&nbsp;<strong><a href=\"http:\/\/www.dia.com.tr\/\">muhasebe program\u0131<\/a><\/strong>&nbsp;gibi t\u00fcm firma s\u00fcre\u00e7lerini online olarak takip edebilece\u011finiz en&nbsp;<strong>h\u0131zl\u0131 ve pratik i\u015f yaz\u0131l\u0131m\u0131d\u0131r<\/strong>. \u0130yi hizmet vermek ve profesyonel bir \u015fekilde \u00e7al\u0131\u015fmak isteyen firmalar i\u00e7in&nbsp;<strong>donan\u0131ml\u0131 bir \u00e7\u00f6z\u00fcm orta\u011f\u0131d\u0131r<\/strong>.<\/p>\n<p>D\u0130A Standart, kullan\u0131c\u0131lar taraf\u0131ndan kolay kavranabilen i\u015f ak\u0131\u015flar\u0131, h\u0131zl\u0131 kullan\u0131m i\u00e7in geli\u015ftirilen ekranlar\u0131, i\u015fletmeniz ad\u0131na takip etmek istedi\u011finiz t\u00fcm sonu\u00e7lar\u0131 g\u00f6steren geli\u015fmi\u015f raporlar\u0131 ile s\u00fcre\u00e7lerinizi h\u0131zland\u0131r\u0131r ve i\u015fletme verimlili\u011finiz artt\u0131r\u0131r. \u00c7a\u011fa ayak uydurmak ve rakiplerinizin gerisinde kalmamak i\u00e7in D\u0130A\u2019n\u0131n&nbsp;<strong>standart y\u00f6netim sistemi<\/strong>&nbsp;avantaj\u0131ndan yararlanmal\u0131s\u0131n\u0131z.<\/p>\n<h2 class=\"spot standart\">Ticari Yaz\u0131l\u0131mda Fark\u0131ndal\u0131k, Rakiplerinize Fark Atman\u0131z\u0131 Sa\u011flayacak!<\/h2>\n<div><img loading=\"lazy\" decoding=\"async\" class=\"aligncenter  img-responsive\" title=\"Dia Standart Yaz\u0131l\u0131m\" src=\"http:\/\/www.dia.com.tr\/wp-content\/uploads\/dia-standart.jpg\" alt=\"Dia Standart Yaz\u0131l\u0131m\" width=\"739\" height=\"262\"><\/div>\n<hr class=\"tall\">\n<h3>Genel \u00d6zellikler \u2013 Kolay Kur, Hemen Kullan, Rahatla!<\/h3>\n<ul>\n<li>Geli\u015fmi\u015f g\u00f6rsel ara y\u00fcz ile bankalarda kullan\u0131lan uygulama sunucu sistemini birle\u015ftiren&nbsp;<strong>ilk ve tek ticari yaz\u0131l\u0131m<\/strong>.<\/li>\n<li>Banka sistemlerinde de kullan\u0131lan 256 bit SSL teknolojisi ile en \u00fcst d\u00fczeyde sa\u011flanan veri g\u00fcvenli\u011fi.<\/li>\n<li>Vir\u00fcslerden kesinlikle etkilenmeyen sunucu sistemi.<\/li>\n<li>G\u00fcnl\u00fck olarak al\u0131nan<strong>&nbsp;g\u00fcvenli otomatik yedekler<\/strong>, istenildi\u011fi zaman belirli bir yede\u011fe geri d\u00f6n\u00fclebilmesi.<\/li>\n<li>Yaz\u0131l\u0131m\u0131n istenilen yerden, istenilen zamanda, her t\u00fcrl\u00fc \u0130nternet ba\u011flant\u0131s\u0131 ile (ister ADSL, ister modem, ister cep telefonu) kullan\u0131labilmesi.<\/li>\n<li>Kuruluma gerek duymayan, tamamen \u0130nternet \u00fczerinden kullan\u0131lan, kolayca \u00e7al\u0131\u015ft\u0131r\u0131labilen kullan\u0131c\u0131 ara y\u00fcz\u00fc.<\/li>\n<li>Bilgisayar\u0131n\u0131z tamamen \u00e7\u00f6kse dahi&nbsp;<strong>sunucu \u00fczerindeki verilerin zarar g\u00f6rmemesi<\/strong>, hemen ba\u015fka bir bilgisayardan \u00e7al\u0131\u015fmaya devam edebilme.<\/li>\n<li>Benzeri olmayan yard\u0131m ve destek sistemi, yard\u0131ma ihtiyac\u0131n\u0131z oldu\u011funda kendi belirleyece\u011finiz destek kullan\u0131c\u0131s\u0131n\u0131 sisteme ba\u011flama.<\/li>\n<li>T\u00fcm kullan\u0131c\u0131lar\u0131n yapt\u0131\u011f\u0131 i\u015flemlerin otomatik olarak silinemeyen bir \u015fekilde kay\u0131t alt\u0131na al\u0131nmas\u0131, verilerin eski hallerinin sistemde g\u00fcvenlik amac\u0131yla saklanmas\u0131.&nbsp;<strong>G\u00fcvenlik kay\u0131tlar\u0131n\u0131n kolayca filtrelenip aranabilmesi<\/strong>.<\/li>\n<li>Nokta vuru\u015flu (dot-matrix) yaz\u0131c\u0131lardan h\u0131zl\u0131 bask\u0131 alabilme imk\u00e2n\u0131.<\/li>\n<li>Kolay kullan\u0131labilir pratik rapor tasar\u0131m arac\u0131yla istenilen \u015fekilde bask\u0131 alabilme.<\/li>\n<li>T\u00fcm raporlar\u0131n PDF ve hem Excel hem de Open Office ile \u00e7al\u0131\u015fabilen XLS dosyalar\u0131 olarak al\u0131nabilmesi.<\/li>\n<li><strong>Her zaman en g\u00fcncel s\u00fcr\u00fcm\u00fc otomatik olarak kullanma<\/strong>. Yeni s\u00fcr\u00fcm kurma ve g\u00fcncelleme i\u015flemlerinin tarih olmas\u0131.<\/li>\n<li>Herhangi bir \u015fifre almaya, koruma kilidi takmaya gerek olmamas\u0131. Klasik yaz\u0131l\u0131mlarda ya\u015fanan yeni \u015fifre al\u0131m\u0131, kilit ar\u0131zas\u0131 gibi sorunlar\u0131n bitmesi.<\/li>\n<li>\u0130ste\u011fe ba\u011fl\u0131 kullan\u0131c\u0131lar aras\u0131nda anl\u0131k mesajla\u015fma imk\u00e2n\u0131.<\/li>\n<li>Di\u011fer kullan\u0131c\u0131lar\u0131n yapt\u0131\u011f\u0131 i\u015flemlerin an\u0131nda sistemde g\u00f6r\u00fclebilmesi.<\/li>\n<li>T\u00fcm liste ekranlar\u0131n\u0131n otomatik olarak yenilenmesi (\u00f6rne\u011fin bir irsaliye kesildi\u011finde t\u00fcm kullan\u0131c\u0131lar\u0131n \u00f6n\u00fcndeki irsaliye listelerinin otomatik olarak yenilenmesi)<\/li>\n<li>Kullan\u0131c\u0131 bazl\u0131 olarak&nbsp;<strong>ayarlan\u0131p kaydedilebilen tablo ve filtreler<\/strong>.<\/li>\n<li>Geli\u015fmi\u015f yetkilendirme ile detayl\u0131 yetkilendirme olana\u011f\u0131; kolay yetkilendirme i\u00e7in grup bazl\u0131 yetkilendirme imk\u00e2n\u0131.<\/li>\n<li>Tamamen klavye ile de kullan\u0131labilen grafiksel aray\u00fcz.<\/li>\n<li><strong>Kolay ve h\u0131zl\u0131 \u00f6\u011frenilebilen pratik yap\u0131<\/strong>.<\/li>\n<\/ul>\n<div class=\"clearfix\">&nbsp;D\u0130A: Teknolojiye Ak\u0131ll\u0131 Dokunu\u015flar!<\/div>\n<div class=\"row featured-boxes\">\n<div class=\"col-md-6 column_first\">\n<div class=\"featured-box\">\n<div class=\"box-content\">\n<h3><strong>D\u0130A&nbsp;<i class=\"fa fa-thumbs-up\"><\/i><\/strong><\/h3>\n<ul>\n<li>K\u00fc\u00e7\u00fck bir istemci program\u0131 ile kullan\u0131l\u0131r.<\/li>\n<li><strong>Daha az kaynak harcar<\/strong>.<\/li>\n<li>Her platformda \u00e7al\u0131\u015f\u0131r. (Windows, Linux ve Mac OS X.)<\/li>\n<li>Ayn\u0131 anda birden fazla i\u015flem yapmaya olanak verir.<\/li>\n<li><strong>Otomatik yedekleme ve kopyalama yapar<\/strong>.<\/li>\n<li>Eski verilere d\u00f6n\u00fc\u015f yap\u0131labilir.<\/li>\n<li>T\u00fcm g\u00fcncellemeleri otomatik ve \u015feffaf bir \u015fekilde yans\u0131t\u0131r.<\/li>\n<li>G\u00fcncellemeler veri b\u00fct\u00fcnl\u00fc\u011f\u00fcn\u00fc bozmaz.<\/li>\n<li><strong>Her zaman en son s\u00fcr\u00fcm kullan\u0131l\u0131r<\/strong>.<\/li>\n<li>Kullan\u0131c\u0131 ihtiya\u00e7lar\u0131 h\u0131zl\u0131 bir \u015fekilde kar\u015f\u0131lan\u0131r.<\/li>\n<li>\u015eirketin t\u00fcm kullan\u0131c\u0131lar\u0131 ayn\u0131 sunucuyu kullan\u0131r.<\/li>\n<li>\u0130nternetin oldu\u011fu her yerden kullan\u0131labilir.<\/li>\n<li><strong>Her mod\u00fcl ger\u00e7ek zamanl\u0131 olarak entegredir<\/strong>.<\/li>\n<li>Kullan\u0131c\u0131lar uzaktan destek alabilirler.<\/li>\n<\/ul>\n<\/div>\n<\/div>\n<\/div>\n<\/div>\n<h2>Neden D\u0130A Standart Yaz\u0131l\u0131m\u0131na Sahip Olmal\u0131s\u0131n\u0131z?<\/h2>\n<p>Online ortamda i\u015fletmenizin y\u00f6netimini ger\u00e7ekle\u015ftirmeniz art\u0131k her \u015feyden \u00f6nemli. Muhasebe kay\u0131tlar\u0131,&nbsp;<strong><a href=\"http:\/\/www.dia.com.tr\/\">stok program\u0131<\/a><\/strong>&nbsp;ve personel veriminden \u00f6deme planlar\u0131na kadar \u015firket i\u00e7i ve d\u0131\u015f\u0131 her aktiviteyi ger\u00e7ekle\u015ftirebilece\u011finiz&nbsp;<strong>Dia<\/strong>&nbsp;Standart program\u0131na sahip olarak b\u00fct\u00fcn y\u00fcklerinizden kurtulacaks\u0131n\u0131z. Klasik yaz\u0131l\u0131m sistemlerinden farkl\u0131 olarak&nbsp;<strong>en h\u0131zl\u0131 ve pratik i\u015f yaz\u0131l\u0131m\u0131<\/strong>&nbsp;olan Dia Standart ile internetin oldu\u011fu her yerde t\u00fcm \u015firket y\u00f6netim i\u015flemlerinizi an\u0131nda yapman\u0131n rahatl\u0131\u011f\u0131na kavu\u015facaks\u0131n\u0131z. Kolay kullan\u0131m sa\u011flayacak grafik aray\u00fczleri ve panelleri sayesinde kusursuz bir yaz\u0131l\u0131ma sahip olacaks\u0131n\u0131z.<\/p>\n<div class=\"row featured-boxes\">\n<div class=\"col-md-5 column_first\">\n<div class=\"featured-box\">\n<div class=\"box-content\">\n<h3>Web Uygulamalar\u0131 \u0130le Benzerlikler<\/h3>\n<ul>\n<li>\u0130nternet eri\u015fimi olan her yerden ula\u015f\u0131labilir.<\/li>\n<li>Kullan\u0131lan bilgisayar ve i\u015fletim sisteminden ba\u011f\u0131ms\u0131zd\u0131r.<\/li>\n<li>Uygulamalar tamamen merkezi olarak g\u00fcncellenebilir.<\/li>\n<li><strong>Her zaman en g\u00fcncel s\u00fcr\u00fcm\u00fc kullan\u0131r<\/strong>.<\/li>\n<li>Veri g\u00fcvenli\u011fi merkezi olarak sa\u011flan\u0131r.<\/li>\n<\/ul>\n<\/div>\n<\/div>\n<\/div>\n<div class=\"col-md-7\">\n<div class=\"featured-box\">\n<div class=\"box-content\">\n<h3>Dia Fark\u0131<\/h3>\n<ul>\n<li>H\u0131zl\u0131 veri giri\u015fi yap\u0131labilir.<\/li>\n<li>\u00d6zel protokol sayesinde veri ileti\u015fimi de h\u0131zl\u0131d\u0131r.<\/li>\n<li>Her t\u00fcrl\u00fc grafik raporun tasarlanmas\u0131na olanak verir.<\/li>\n<li>Sunucu kullan\u0131c\u0131lar\u0131n istemcisine m\u00fcdahale edebilir. Web uygulamalar\u0131 gibi sayfa yenilemesi yapmaz.<\/li>\n<li><strong>Zengin bir aray\u00fcz sunar<\/strong>. Web uygulamalar\u0131 HTML ile s\u0131n\u0131rl\u0131d\u0131r.<\/li>\n<li>Uygulama geli\u015ftirme daha h\u0131zl\u0131 yap\u0131l\u0131r.<\/li>\n<\/ul>\n<\/div>\n<\/div>\n<\/div>\n<\/div>\n<h2>D\u0130A Standart \u0130\u015fletmelere Ba\u015far\u0131n\u0131n Anahtar\u0131n\u0131 Sunuyor!<\/h2>\n<p>Firman\u0131z\u0131n h\u0131zl\u0131 bir \u015fekilde b\u00fcy\u00fcmesini, b\u00fcy\u00fcrken veri kaybetmemesini istiyorsan\u0131z&nbsp;<strong>D\u0130A Standart<\/strong>&nbsp;ile tan\u0131\u015f\u0131n. Tam entegre sistemi ile sekt\u00f6r\u00fcn\u00fcz\u00fcn b\u00fct\u00fcn ihtiya\u00e7lar\u0131n\u0131 kar\u015f\u0131layacak olan D\u0130A Standart sayesinde tek bir sistemden firman\u0131z\u0131 y\u00f6netme rahatl\u0131\u011f\u0131na kavu\u015facaks\u0131n\u0131z. Geli\u015fmi\u015f raporlama ve takip sistemi ile i\u015f s\u00fcre\u00e7lerinizi senkronize bir \u015fekilde y\u00fcr\u00fcteceksiniz. Demo alarak D\u0130A Standart\u2019\u0131 deneyebilirsiniz.<\/p>\n","protected":false},"excerpt":{"rendered":"<p>Dia Standart, farkl\u0131 sekt\u00f6rlerde KOB\u0130 ihtiya\u00e7lar\u0131n\u0131 analiz ederek geli\u015ftirilen bir \u00e7\u00f6z\u00fcm program\u0131d\u0131r. Sat\u0131\u015f, sat\u0131n alma, finans,&nbsp;muhasebe program\u0131&nbsp;gibi t\u00fcm firma s\u00fcre\u00e7lerini online olarak takip edebilece\u011finiz en&nbsp;h\u0131zl\u0131 ve pratik i\u015f yaz\u0131l\u0131m\u0131d\u0131r. \u0130yi hizmet vermek ve profesyonel bir \u015fekilde \u00e7al\u0131\u015fmak isteyen firmalar i\u00e7in&nbsp;donan\u0131ml\u0131 bir \u00e7\u00f6z\u00fcm orta\u011f\u0131d\u0131r. D\u0130A Standart, kullan\u0131c\u0131lar taraf\u0131ndan kolay kavranabilen i\u015f ak\u0131\u015flar\u0131, h\u0131zl\u0131 kullan\u0131m i\u00e7in geli\u015ftirilen&hellip;<\/p>\n","protected":false},"author":1,"featured_media":0,"parent":0,"menu_order":0,"comment_status":"closed","ping_status":"closed","template":"","meta":{"footnotes":""},"yoast_head":"<!-- This site is optimized with the Yoast SEO plugin v22.0 - https:\/\/yoast.com\/wordpress\/plugins\/seo\/ -->\n<title>D\u0130A STANDART (T\u00fcm ihtiya\u00e7lar i\u00e7in Tek \u00c7\u00f6z\u00fcm) - Ovabili\u015fim Sistemleri Ltd.\u015eti<\/title>\n<meta name=\"robots\" content=\"index, follow, max-snippet:-1, max-image-preview:large, max-video-preview:-1\" \/>\n<link rel=\"canonical\" href=\"https:\/\/www.ovabilisim.com\/index.php\/urun_dia_standart\/\" \/>\n<meta property=\"og:locale\" content=\"tr_TR\" \/>\n<meta property=\"og:type\" content=\"article\" \/>\n<meta property=\"og:title\" content=\"D\u0130A STANDART (T\u00fcm ihtiya\u00e7lar i\u00e7in Tek \u00c7\u00f6z\u00fcm) - Ovabili\u015fim Sistemleri Ltd.\u015eti\" \/>\n<meta property=\"og:description\" content=\"Dia Standart, farkl\u0131 sekt\u00f6rlerde KOB\u0130 ihtiya\u00e7lar\u0131n\u0131 analiz ederek geli\u015ftirilen bir \u00e7\u00f6z\u00fcm program\u0131d\u0131r. Sat\u0131\u015f, sat\u0131n alma, finans,&nbsp;muhasebe program\u0131&nbsp;gibi t\u00fcm firma s\u00fcre\u00e7lerini online olarak takip edebilece\u011finiz en&nbsp;h\u0131zl\u0131 ve pratik i\u015f yaz\u0131l\u0131m\u0131d\u0131r. \u0130yi hizmet vermek ve profesyonel bir \u015fekilde \u00e7al\u0131\u015fmak isteyen firmalar i\u00e7in&nbsp;donan\u0131ml\u0131 bir \u00e7\u00f6z\u00fcm orta\u011f\u0131d\u0131r. D\u0130A Standart, kullan\u0131c\u0131lar taraf\u0131ndan kolay kavranabilen i\u015f ak\u0131\u015flar\u0131, h\u0131zl\u0131 kullan\u0131m i\u00e7in geli\u015ftirilen&hellip;\" \/>\n<meta property=\"og:url\" content=\"https:\/\/www.ovabilisim.com\/index.php\/urun_dia_standart\/\" \/>\n<meta property=\"og:site_name\" content=\"Ovabili\u015fim Sistemleri Ltd.\u015eti\" \/>\n<meta property=\"article:publisher\" content=\"https:\/\/www.facebook.com\/OvaBilisimSistemleri\" \/>\n<meta property=\"article:modified_time\" content=\"2021-12-25T21:19:51+00:00\" \/>\n<meta property=\"og:image\" content=\"http:\/\/www.dia.com.tr\/wp-content\/uploads\/dia-standart.jpg\" \/>\n<meta name=\"twitter:card\" content=\"summary_large_image\" \/>\n<meta name=\"twitter:label1\" content=\"Tahmini okuma s\u00fcresi\" \/>\n\t<meta name=\"twitter:data1\" content=\"5 dakika\" \/>\n<script type=\"application\/ld+json\" class=\"yoast-schema-graph\">{\"@context\":\"https:\/\/schema.org\",\"@graph\":[{\"@type\":\"WebPage\",\"@id\":\"https:\/\/www.ovabilisim.com\/index.php\/urun_dia_standart\/\",\"url\":\"https:\/\/www.ovabilisim.com\/index.php\/urun_dia_standart\/\",\"name\":\"D\u0130A STANDART (T\u00fcm ihtiya\u00e7lar i\u00e7in Tek \u00c7\u00f6z\u00fcm) - Ovabili\u015fim Sistemleri Ltd.\u015eti\",\"isPartOf\":{\"@id\":\"http:\/\/www.ovabilisim.com\/#website\"},\"datePublished\":\"2017-10-30T11:40:52+00:00\",\"dateModified\":\"2021-12-25T21:19:51+00:00\",\"breadcrumb\":{\"@id\":\"https:\/\/www.ovabilisim.com\/index.php\/urun_dia_standart\/#breadcrumb\"},\"inLanguage\":\"tr\",\"potentialAction\":[{\"@type\":\"ReadAction\",\"target\":[\"https:\/\/www.ovabilisim.com\/index.php\/urun_dia_standart\/\"]}]},{\"@type\":\"BreadcrumbList\",\"@id\":\"https:\/\/www.ovabilisim.com\/index.php\/urun_dia_standart\/#breadcrumb\",\"itemListElement\":[{\"@type\":\"ListItem\",\"position\":1,\"name\":\"Anasayfa\",\"item\":\"http:\/\/www.ovabilisim.com\/\"},{\"@type\":\"ListItem\",\"position\":2,\"name\":\"D\u0130A STANDART (T\u00fcm ihtiya\u00e7lar i\u00e7in Tek \u00c7\u00f6z\u00fcm)\"}]},{\"@type\":\"WebSite\",\"@id\":\"http:\/\/www.ovabilisim.com\/#website\",\"url\":\"http:\/\/www.ovabilisim.com\/\",\"name\":\"Ovabili\u015fim Dia adana ERP\",\"description\":\"0 ve 1 &#039;in oldu\u011fu her yerdeyiz\",\"publisher\":{\"@id\":\"http:\/\/www.ovabilisim.com\/#organization\"},\"alternateName\":\"www.ovabilisim.com\",\"potentialAction\":[{\"@type\":\"SearchAction\",\"target\":{\"@type\":\"EntryPoint\",\"urlTemplate\":\"http:\/\/www.ovabilisim.com\/?s={search_term_string}\"},\"query-input\":\"required name=search_term_string\"}],\"inLanguage\":\"tr\"},{\"@type\":\"Organization\",\"@id\":\"http:\/\/www.ovabilisim.com\/#organization\",\"name\":\"Ovabili\u015fim Dia adana ERP\",\"url\":\"http:\/\/www.ovabilisim.com\/\",\"logo\":{\"@type\":\"ImageObject\",\"inLanguage\":\"tr\",\"@id\":\"http:\/\/www.ovabilisim.com\/#\/schema\/logo\/image\/\",\"url\":\"http:\/\/www.ovabilisim.com\/wp-content\/uploads\/2021\/12\/ovadiaimza.png\",\"contentUrl\":\"http:\/\/www.ovabilisim.com\/wp-content\/uploads\/2021\/12\/ovadiaimza.png\",\"width\":874,\"height\":338,\"caption\":\"Ovabili\u015fim Dia adana ERP\"},\"image\":{\"@id\":\"http:\/\/www.ovabilisim.com\/#\/schema\/logo\/image\/\"},\"sameAs\":[\"https:\/\/www.facebook.com\/OvaBilisimSistemleri\",\"https:\/\/www.instagram.com\/a.bulent.aladag\/\"]}]}<\/script>\n<!-- \/ Yoast SEO plugin. -->","yoast_head_json":{"title":"D\u0130A STANDART (T\u00fcm ihtiya\u00e7lar i\u00e7in Tek \u00c7\u00f6z\u00fcm) - Ovabili\u015fim Sistemleri Ltd.\u015eti","robots":{"index":"index","follow":"follow","max-snippet":"max-snippet:-1","max-image-preview":"max-image-preview:large","max-video-preview":"max-video-preview:-1"},"canonical":"https:\/\/www.ovabilisim.com\/index.php\/urun_dia_standart\/","og_locale":"tr_TR","og_type":"article","og_title":"D\u0130A STANDART (T\u00fcm ihtiya\u00e7lar i\u00e7in Tek \u00c7\u00f6z\u00fcm) - Ovabili\u015fim Sistemleri Ltd.\u015eti","og_description":"Dia Standart, farkl\u0131 sekt\u00f6rlerde KOB\u0130 ihtiya\u00e7lar\u0131n\u0131 analiz ederek geli\u015ftirilen bir \u00e7\u00f6z\u00fcm program\u0131d\u0131r. Sat\u0131\u015f, sat\u0131n alma, finans,&nbsp;muhasebe program\u0131&nbsp;gibi t\u00fcm firma s\u00fcre\u00e7lerini online olarak takip edebilece\u011finiz en&nbsp;h\u0131zl\u0131 ve pratik i\u015f yaz\u0131l\u0131m\u0131d\u0131r. \u0130yi hizmet vermek ve profesyonel bir \u015fekilde \u00e7al\u0131\u015fmak isteyen firmalar i\u00e7in&nbsp;donan\u0131ml\u0131 bir \u00e7\u00f6z\u00fcm orta\u011f\u0131d\u0131r. D\u0130A Standart, kullan\u0131c\u0131lar taraf\u0131ndan kolay kavranabilen i\u015f ak\u0131\u015flar\u0131, h\u0131zl\u0131 kullan\u0131m i\u00e7in geli\u015ftirilen&hellip;","og_url":"https:\/\/www.ovabilisim.com\/index.php\/urun_dia_standart\/","og_site_name":"Ovabili\u015fim Sistemleri Ltd.\u015eti","article_publisher":"https:\/\/www.facebook.com\/OvaBilisimSistemleri","article_modified_time":"2021-12-25T21:19:51+00:00","og_image":[{"url":"http:\/\/www.dia.com.tr\/wp-content\/uploads\/dia-standart.jpg"}],"twitter_card":"summary_large_image","twitter_misc":{"Tahmini okuma s\u00fcresi":"5 dakika"},"schema":{"@context":"https:\/\/schema.org","@graph":[{"@type":"WebPage","@id":"https:\/\/www.ovabilisim.com\/index.php\/urun_dia_standart\/","url":"https:\/\/www.ovabilisim.com\/index.php\/urun_dia_standart\/","name":"D\u0130A STANDART (T\u00fcm ihtiya\u00e7lar i\u00e7in Tek \u00c7\u00f6z\u00fcm) - Ovabili\u015fim Sistemleri Ltd.\u015eti","isPartOf":{"@id":"http:\/\/www.ovabilisim.com\/#website"},"datePublished":"2017-10-30T11:40:52+00:00","dateModified":"2021-12-25T21:19:51+00:00","breadcrumb":{"@id":"https:\/\/www.ovabilisim.com\/index.php\/urun_dia_standart\/#breadcrumb"},"inLanguage":"tr","potentialAction":[{"@type":"ReadAction","target":["https:\/\/www.ovabilisim.com\/index.php\/urun_dia_standart\/"]}]},{"@type":"BreadcrumbList","@id":"https:\/\/www.ovabilisim.com\/index.php\/urun_dia_standart\/#breadcrumb","itemListElement":[{"@type":"ListItem","position":1,"name":"Anasayfa","item":"http:\/\/www.ovabilisim.com\/"},{"@type":"ListItem","position":2,"name":"D\u0130A STANDART (T\u00fcm ihtiya\u00e7lar i\u00e7in Tek \u00c7\u00f6z\u00fcm)"}]},{"@type":"WebSite","@id":"http:\/\/www.ovabilisim.com\/#website","url":"http:\/\/www.ovabilisim.com\/","name":"Ovabili\u015fim Dia adana ERP","description":"0 ve 1 &#039;in oldu\u011fu her yerdeyiz","publisher":{"@id":"http:\/\/www.ovabilisim.com\/#organization"},"alternateName":"www.ovabilisim.com","potentialAction":[{"@type":"SearchAction","target":{"@type":"EntryPoint","urlTemplate":"http:\/\/www.ovabilisim.com\/?s={search_term_string}"},"query-input":"required name=search_term_string"}],"inLanguage":"tr"},{"@type":"Organization","@id":"http:\/\/www.ovabilisim.com\/#organization","name":"Ovabili\u015fim Dia adana ERP","url":"http:\/\/www.ovabilisim.com\/","logo":{"@type":"ImageObject","inLanguage":"tr","@id":"http:\/\/www.ovabilisim.com\/#\/schema\/logo\/image\/","url":"http:\/\/www.ovabilisim.com\/wp-content\/uploads\/2021\/12\/ovadiaimza.png","contentUrl":"http:\/\/www.ovabilisim.com\/wp-content\/uploads\/2021\/12\/ovadiaimza.png","width":874,"height":338,"caption":"Ovabili\u015fim Dia adana ERP"},"image":{"@id":"http:\/\/www.ovabilisim.com\/#\/schema\/logo\/image\/"},"sameAs":["https:\/\/www.facebook.com\/OvaBilisimSistemleri","https:\/\/www.instagram.com\/a.bulent.aladag\/"]}]}},"_links":{"self":[{"href":"http:\/\/www.ovabilisim.com\/index.php\/wp-json\/wp\/v2\/pages\/95"}],"collection":[{"href":"http:\/\/www.ovabilisim.com\/index.php\/wp-json\/wp\/v2\/pages"}],"about":[{"href":"http:\/\/www.ovabilisim.com\/index.php\/wp-json\/wp\/v2\/types\/page"}],"author":[{"embeddable":true,"href":"http:\/\/www.ovabilisim.com\/index.php\/wp-json\/wp\/v2\/users\/1"}],"replies":[{"embeddable":true,"href":"http:\/\/www.ovabilisim.com\/index.php\/wp-json\/wp\/v2\/comments?post=95"}],"version-history":[{"count":2,"href":"http:\/\/www.ovabilisim.com\/index.php\/wp-json\/wp\/v2\/pages\/95\/revisions"}],"predecessor-version":[{"id":514,"href":"http:\/\/www.ovabilisim.com\/index.php\/wp-json\/wp\/v2\/pages\/95\/revisions\/514"}],"wp:attachment":[{"href":"http:\/\/www.ovabilisim.com\/index.php\/wp-json\/wp\/v2\/media?parent=95"}],"curies":[{"name":"wp","href":"https:\/\/api.w.org\/{rel}","templated":true}]}}