{"id":408,"date":"2018-04-04T10:22:40","date_gmt":"2018-04-04T07:22:40","guid":{"rendered":"http:\/\/www.ovabilisim.com\/?page_id=408"},"modified":"2022-08-12T12:50:28","modified_gmt":"2022-08-12T09:50:28","slug":"projeler","status":"publish","type":"page","link":"http:\/\/www.ovabilisim.com\/index.php\/ana-sayfa\/projeler\/","title":{"rendered":"projeler"},"content":{"rendered":"<ol>\n<li><strong>ACMLPROJEC.COM (\u015eu an ger\u00e7ekle\u015fmekte olan projemiz)\u00a0 \u00a0 \u00a0<\/strong><\/li>\n<\/ol>\n<p><a href=\"http:\/\/acmlproject.com\/ova-bilisim\/\"><strong>www.acmlproject.com<\/strong><\/a><\/p>\n<p>\u00a0<\/p>\n<p>\u00a0<\/p>\n<p>The ACML project will support adult people in acquiring and developing high-quality skills and key competences in social media in order to tackle the challenges of the social transformation and foster their accountability towards the correct use of digital technology. Community media labs (CMLs) are becoming significant catalysts in driving knowledge and innovation, decreasing cultural digital-divide.<\/p>\n<p>Our project will develop a cooperative effort engaging academic institutions, media and tech organizations for the purpose of adult education and adult empowerment.<\/p>\n<p>ACML will create the figure of \u201csocial media literacy tutor\u201d promoting active engagement of adults towards children, older adults, and low-skilled adults. Accordingly, our project will improve the understanding of people on digital media, educating a selected group of adults to begin \u201c\u201dsocial media literacy tutors\u201d and contribute to satisfying the everyday demands of new media and digital services. Moreover, our project will implement innovative learning practices (Content and Language Integrated Learning, Participatory Online Learning, Social Learning) and will contribute to implementing an effective nonformal and informal educational environment.<\/p>\n<p>The literature (Haight, M., Quan-Haase, A., &amp; Corbett, B. A. 2014; Scheerder, A., van Deursen, A., &amp; van Dijk, J. 2017) shows that digital media play an essential role in our society. However, it is necessary to invest in educating people in the correct use of digital media. Recent research also indicates that people empowerment in digital media shall decrease the cost of social services as well as create new job opportunities. The ACMLproject is directed to adult people and will create for the professional skill for the figure of the \u201csocial media literacy tutor\u201d. The social media literacy tutor will collaborate with schools, NGOs, consumer associations, and local government institutions. Furthermore, the ACML project has been designed taking into account the recommendations by the Committee on Consumer Policy (2006) and European Commission (2012), such as:<\/p>\n<ul>\n<li>Programme design should be based, when possible, on research into the educational needs of the affected consumers.<\/li>\n<li>Stakeholders, including consumer organizations, teacher and parent associations, and other civil society groups, should be encouraged to assist policymakers in identifying educational needs.<\/li>\n<\/ul>\n<p>Finally, the ACML education program will provide:<\/p>\n<ul>\n<li>New TIC skills for adults, training them to educate children, older adults, and low-skilled adults to use digital media in their everyday life.<\/li>\n<li>Didactic material for organizing information\/communication initiatives for improving \u201csocial media literacy tutoring\u201d.<\/li>\n<\/ul>\n<ul>\n<li>Instruments to evaluate the results achieved.<\/li>\n<li>Youthpass certification. The ACML Strategic Partnership includes 5 countries, Turkey, Italy, Poland, Spain, and Croatia, and is motivated by the following main factors:<\/li>\n<li>Digital media competencies go beyond local\/national borders;<\/li>\n<li>The engagement of people in supporting social needs requires a transnational approach<\/li>\n<li>Our project wants to create the figure of \u201csocial media literacy tutor\u201d at a European level enhancing the cross-sectoral dialogue and international cooperation.<\/li>\n<\/ul>\n<h2>Target group<\/h2>\n<p>The ACMLproject is directed to adult people and will create for the professional skill for the figure of the \u201csocial media literacy tutor\u201d. The social media literacy tutor will collaborate with schools, NGOs, consumer associations, and local government institutions.<\/p>\n<h2>Outcomes<\/h2>\n<p>Furthermore, the ACML project has been designed taking into account the recommendations by the Committee on Consumer Policy (2006) and European Commission (2012), such as:<br \/>\u2022 Programme design should be based, when possible, on research into the educational needs of the affected consumers.<br \/>\u2022 Stakeholders, including consumer organizations, teacher and parent associations, and other civil society groups, should be encouraged to assist policymakers in identifying educational needs.<\/p>\n<p>Finally, the ACML education program will provide:<br \/>\u2013 New TIC skills for adults, training them to educate children, older adults, and low-skilled adults to use digital media in their everyday life.<br \/>\u2013 Didactic material for organizing information\/communication initiatives for improving \u201csocial media literacy tutoring\u201d.<br \/>\u2013 Instruments to evaluate the results achieved.<br \/>\u2013 Youthpass certification. The ACML Strategic Partnership includes 5 countries, Turkey, Italy, Poland, Spain, and Croatia, and is motivated by the following main factors:<br \/>\u2013 Digital media competencies go beyond local\/national borders;<br \/>\u2013 The engagement of people in supporting social needs requires a transnational approach<br \/>\u2013 Our project wants to create the figure of \u201csocial media literacy tutor\u201d at a European level enhancing the cross-sectoral dialogue and international cooperation.<\/p>\n<p>1.part.<\/p>\n<p><img loading=\"lazy\" decoding=\"async\" class=\"alignnone  wp-image-587\" src=\"http:\/\/www.ovabilisim.com\/wp-content\/uploads\/2022\/03\/acml0-300x297.png\" alt=\"\" width=\"351\" height=\"347\" srcset=\"http:\/\/www.ovabilisim.com\/wp-content\/uploads\/2022\/03\/acml0-300x297.png 300w, http:\/\/www.ovabilisim.com\/wp-content\/uploads\/2022\/03\/acml0.png 549w\" sizes=\"(max-width: 351px) 100vw, 351px\" \/><\/p>\n<p>2.part.<\/p>\n<p><img loading=\"lazy\" decoding=\"async\" class=\"alignnone  wp-image-586\" src=\"http:\/\/www.ovabilisim.com\/wp-content\/uploads\/2022\/03\/acml1-300x249.png\" alt=\"\" width=\"355\" height=\"295\" srcset=\"http:\/\/www.ovabilisim.com\/wp-content\/uploads\/2022\/03\/acml1-300x249.png 300w, http:\/\/www.ovabilisim.com\/wp-content\/uploads\/2022\/03\/acml1.png 594w\" sizes=\"(max-width: 355px) 100vw, 355px\" \/><\/p>\n\n<p class=\"wp-block-tag-cloud\">Hen\u00fcz burada g\u00f6r\u00fcnt\u00fclenecek bir i\u00e7erik yok.<\/p>\n\n<p class=\"wp-block-tag-cloud\">Hen\u00fcz burada g\u00f6r\u00fcnt\u00fclenecek bir i\u00e7erik yok.<\/p>\n\n<p class=\"wp-block-tag-cloud\">Hen\u00fcz burada g\u00f6r\u00fcnt\u00fclenecek bir i\u00e7erik yok.<\/p>\n\n<p class=\"wp-block-tag-cloud\">Hen\u00fcz burada g\u00f6r\u00fcnt\u00fclenecek bir i\u00e7erik yok.<\/p>","protected":false},"excerpt":{"rendered":"<p>ACMLPROJEC.COM (\u015eu an ger\u00e7ekle\u015fmekte olan projemiz)\u00a0 \u00a0 \u00a0 www.acmlproject.com \u00a0 \u00a0 The ACML project will support adult people in acquiring and developing high-quality skills and key competences in social media in order to tackle the challenges of the social transformation and foster their accountability towards the correct use of digital technology. Community media labs (CMLs)&hellip;<\/p>\n","protected":false},"author":1,"featured_media":0,"parent":325,"menu_order":0,"comment_status":"closed","ping_status":"closed","template":"","meta":{"footnotes":""},"yoast_head":"<!-- This site is optimized with the Yoast SEO plugin v22.0 - https:\/\/yoast.com\/wordpress\/plugins\/seo\/ -->\n<title>projeler - Ovabili\u015fim Sistemleri Ltd.\u015eti<\/title>\n<meta name=\"robots\" content=\"index, follow, max-snippet:-1, max-image-preview:large, max-video-preview:-1\" \/>\n<link rel=\"canonical\" href=\"http:\/\/www.ovabilisim.com\/index.php\/ana-sayfa\/projeler\/\" \/>\n<meta property=\"og:locale\" content=\"tr_TR\" \/>\n<meta property=\"og:type\" content=\"article\" \/>\n<meta property=\"og:title\" content=\"projeler - Ovabili\u015fim Sistemleri Ltd.\u015eti\" \/>\n<meta property=\"og:description\" content=\"ACMLPROJEC.COM (\u015eu an ger\u00e7ekle\u015fmekte olan projemiz)\u00a0 \u00a0 \u00a0 www.acmlproject.com \u00a0 \u00a0 The ACML project will support adult people in acquiring and developing high-quality skills and key competences in social media in order to tackle the challenges of the social transformation and foster their accountability towards the correct use of digital technology. Community media labs (CMLs)&hellip;\" \/>\n<meta property=\"og:url\" content=\"http:\/\/www.ovabilisim.com\/index.php\/ana-sayfa\/projeler\/\" \/>\n<meta property=\"og:site_name\" content=\"Ovabili\u015fim Sistemleri Ltd.\u015eti\" \/>\n<meta property=\"article:publisher\" content=\"https:\/\/www.facebook.com\/OvaBilisimSistemleri\" \/>\n<meta property=\"article:modified_time\" content=\"2022-08-12T09:50:28+00:00\" \/>\n<meta property=\"og:image\" content=\"http:\/\/www.ovabilisim.com\/wp-content\/uploads\/2022\/03\/acml0-300x297.png\" \/>\n<meta name=\"twitter:card\" content=\"summary_large_image\" \/>\n<meta name=\"twitter:label1\" content=\"Tahmini okuma s\u00fcresi\" \/>\n\t<meta name=\"twitter:data1\" content=\"3 dakika\" \/>\n<script type=\"application\/ld+json\" class=\"yoast-schema-graph\">{\"@context\":\"https:\/\/schema.org\",\"@graph\":[{\"@type\":\"WebPage\",\"@id\":\"http:\/\/www.ovabilisim.com\/index.php\/ana-sayfa\/projeler\/\",\"url\":\"http:\/\/www.ovabilisim.com\/index.php\/ana-sayfa\/projeler\/\",\"name\":\"projeler - Ovabili\u015fim Sistemleri Ltd.\u015eti\",\"isPartOf\":{\"@id\":\"http:\/\/www.ovabilisim.com\/#website\"},\"datePublished\":\"2018-04-04T07:22:40+00:00\",\"dateModified\":\"2022-08-12T09:50:28+00:00\",\"breadcrumb\":{\"@id\":\"http:\/\/www.ovabilisim.com\/index.php\/ana-sayfa\/projeler\/#breadcrumb\"},\"inLanguage\":\"tr\",\"potentialAction\":[{\"@type\":\"ReadAction\",\"target\":[\"http:\/\/www.ovabilisim.com\/index.php\/ana-sayfa\/projeler\/\"]}]},{\"@type\":\"BreadcrumbList\",\"@id\":\"http:\/\/www.ovabilisim.com\/index.php\/ana-sayfa\/projeler\/#breadcrumb\",\"itemListElement\":[{\"@type\":\"ListItem\",\"position\":1,\"name\":\"Anasayfa\",\"item\":\"http:\/\/www.ovabilisim.com\/\"},{\"@type\":\"ListItem\",\"position\":2,\"name\":\"OVA B\u0130L\u0130\u015e\u0130M\",\"item\":\"http:\/\/www.ovabilisim.com\/\"},{\"@type\":\"ListItem\",\"position\":3,\"name\":\"projeler\"}]},{\"@type\":\"WebSite\",\"@id\":\"http:\/\/www.ovabilisim.com\/#website\",\"url\":\"http:\/\/www.ovabilisim.com\/\",\"name\":\"Ovabili\u015fim Dia adana ERP\",\"description\":\"0 ve 1 &#039;in oldu\u011fu her yerdeyiz\",\"publisher\":{\"@id\":\"http:\/\/www.ovabilisim.com\/#organization\"},\"alternateName\":\"www.ovabilisim.com\",\"potentialAction\":[{\"@type\":\"SearchAction\",\"target\":{\"@type\":\"EntryPoint\",\"urlTemplate\":\"http:\/\/www.ovabilisim.com\/?s={search_term_string}\"},\"query-input\":\"required name=search_term_string\"}],\"inLanguage\":\"tr\"},{\"@type\":\"Organization\",\"@id\":\"http:\/\/www.ovabilisim.com\/#organization\",\"name\":\"Ovabili\u015fim Dia adana ERP\",\"url\":\"http:\/\/www.ovabilisim.com\/\",\"logo\":{\"@type\":\"ImageObject\",\"inLanguage\":\"tr\",\"@id\":\"http:\/\/www.ovabilisim.com\/#\/schema\/logo\/image\/\",\"url\":\"http:\/\/www.ovabilisim.com\/wp-content\/uploads\/2021\/12\/ovadiaimza.png\",\"contentUrl\":\"http:\/\/www.ovabilisim.com\/wp-content\/uploads\/2021\/12\/ovadiaimza.png\",\"width\":874,\"height\":338,\"caption\":\"Ovabili\u015fim Dia adana ERP\"},\"image\":{\"@id\":\"http:\/\/www.ovabilisim.com\/#\/schema\/logo\/image\/\"},\"sameAs\":[\"https:\/\/www.facebook.com\/OvaBilisimSistemleri\",\"https:\/\/www.instagram.com\/a.bulent.aladag\/\"]}]}<\/script>\n<!-- \/ Yoast SEO plugin. -->","yoast_head_json":{"title":"projeler - Ovabili\u015fim Sistemleri Ltd.\u015eti","robots":{"index":"index","follow":"follow","max-snippet":"max-snippet:-1","max-image-preview":"max-image-preview:large","max-video-preview":"max-video-preview:-1"},"canonical":"http:\/\/www.ovabilisim.com\/index.php\/ana-sayfa\/projeler\/","og_locale":"tr_TR","og_type":"article","og_title":"projeler - Ovabili\u015fim Sistemleri Ltd.\u015eti","og_description":"ACMLPROJEC.COM (\u015eu an ger\u00e7ekle\u015fmekte olan projemiz)\u00a0 \u00a0 \u00a0 www.acmlproject.com \u00a0 \u00a0 The ACML project will support adult people in acquiring and developing high-quality skills and key competences in social media in order to tackle the challenges of the social transformation and foster their accountability towards the correct use of digital technology. Community media labs (CMLs)&hellip;","og_url":"http:\/\/www.ovabilisim.com\/index.php\/ana-sayfa\/projeler\/","og_site_name":"Ovabili\u015fim Sistemleri Ltd.\u015eti","article_publisher":"https:\/\/www.facebook.com\/OvaBilisimSistemleri","article_modified_time":"2022-08-12T09:50:28+00:00","og_image":[{"url":"http:\/\/www.ovabilisim.com\/wp-content\/uploads\/2022\/03\/acml0-300x297.png"}],"twitter_card":"summary_large_image","twitter_misc":{"Tahmini okuma s\u00fcresi":"3 dakika"},"schema":{"@context":"https:\/\/schema.org","@graph":[{"@type":"WebPage","@id":"http:\/\/www.ovabilisim.com\/index.php\/ana-sayfa\/projeler\/","url":"http:\/\/www.ovabilisim.com\/index.php\/ana-sayfa\/projeler\/","name":"projeler - Ovabili\u015fim Sistemleri Ltd.\u015eti","isPartOf":{"@id":"http:\/\/www.ovabilisim.com\/#website"},"datePublished":"2018-04-04T07:22:40+00:00","dateModified":"2022-08-12T09:50:28+00:00","breadcrumb":{"@id":"http:\/\/www.ovabilisim.com\/index.php\/ana-sayfa\/projeler\/#breadcrumb"},"inLanguage":"tr","potentialAction":[{"@type":"ReadAction","target":["http:\/\/www.ovabilisim.com\/index.php\/ana-sayfa\/projeler\/"]}]},{"@type":"BreadcrumbList","@id":"http:\/\/www.ovabilisim.com\/index.php\/ana-sayfa\/projeler\/#breadcrumb","itemListElement":[{"@type":"ListItem","position":1,"name":"Anasayfa","item":"http:\/\/www.ovabilisim.com\/"},{"@type":"ListItem","position":2,"name":"OVA B\u0130L\u0130\u015e\u0130M","item":"http:\/\/www.ovabilisim.com\/"},{"@type":"ListItem","position":3,"name":"projeler"}]},{"@type":"WebSite","@id":"http:\/\/www.ovabilisim.com\/#website","url":"http:\/\/www.ovabilisim.com\/","name":"Ovabili\u015fim Dia adana ERP","description":"0 ve 1 &#039;in oldu\u011fu her yerdeyiz","publisher":{"@id":"http:\/\/www.ovabilisim.com\/#organization"},"alternateName":"www.ovabilisim.com","potentialAction":[{"@type":"SearchAction","target":{"@type":"EntryPoint","urlTemplate":"http:\/\/www.ovabilisim.com\/?s={search_term_string}"},"query-input":"required name=search_term_string"}],"inLanguage":"tr"},{"@type":"Organization","@id":"http:\/\/www.ovabilisim.com\/#organization","name":"Ovabili\u015fim Dia adana ERP","url":"http:\/\/www.ovabilisim.com\/","logo":{"@type":"ImageObject","inLanguage":"tr","@id":"http:\/\/www.ovabilisim.com\/#\/schema\/logo\/image\/","url":"http:\/\/www.ovabilisim.com\/wp-content\/uploads\/2021\/12\/ovadiaimza.png","contentUrl":"http:\/\/www.ovabilisim.com\/wp-content\/uploads\/2021\/12\/ovadiaimza.png","width":874,"height":338,"caption":"Ovabili\u015fim Dia adana ERP"},"image":{"@id":"http:\/\/www.ovabilisim.com\/#\/schema\/logo\/image\/"},"sameAs":["https:\/\/www.facebook.com\/OvaBilisimSistemleri","https:\/\/www.instagram.com\/a.bulent.aladag\/"]}]}},"_links":{"self":[{"href":"http:\/\/www.ovabilisim.com\/index.php\/wp-json\/wp\/v2\/pages\/408"}],"collection":[{"href":"http:\/\/www.ovabilisim.com\/index.php\/wp-json\/wp\/v2\/pages"}],"about":[{"href":"http:\/\/www.ovabilisim.com\/index.php\/wp-json\/wp\/v2\/types\/page"}],"author":[{"embeddable":true,"href":"http:\/\/www.ovabilisim.com\/index.php\/wp-json\/wp\/v2\/users\/1"}],"replies":[{"embeddable":true,"href":"http:\/\/www.ovabilisim.com\/index.php\/wp-json\/wp\/v2\/comments?post=408"}],"version-history":[{"count":6,"href":"http:\/\/www.ovabilisim.com\/index.php\/wp-json\/wp\/v2\/pages\/408\/revisions"}],"predecessor-version":[{"id":619,"href":"http:\/\/www.ovabilisim.com\/index.php\/wp-json\/wp\/v2\/pages\/408\/revisions\/619"}],"up":[{"embeddable":true,"href":"http:\/\/www.ovabilisim.com\/index.php\/wp-json\/wp\/v2\/pages\/325"}],"wp:attachment":[{"href":"http:\/\/www.ovabilisim.com\/index.php\/wp-json\/wp\/v2\/media?parent=408"}],"curies":[{"name":"wp","href":"https:\/\/api.w.org\/{rel}","templated":true}]}}