{"id":397,"date":"2017-12-20T13:55:30","date_gmt":"2017-12-20T11:55:30","guid":{"rendered":"http:\/\/www.ovabilisim.com\/?page_id=397"},"modified":"2017-12-20T13:55:30","modified_gmt":"2017-12-20T11:55:30","slug":"bulut-santral-hizmetlerimiz","status":"publish","type":"page","link":"http:\/\/www.ovabilisim.com\/index.php\/bulut-santral-hizmetlerimiz\/","title":{"rendered":"Bulut Santral Hizmetlerimiz"},"content":{"rendered":"<div class=\"col_full clearfix\">\n<div class=\"fancy-title title-dotted-border\">\n<h3 id=\"faq-2\">NUMARA TA\u015eIMA<\/h3>\n<\/div>\n<p><img decoding=\"async\" class=\"alignright notopmargin rollIn animated\" title=\"Image\" src=\"http:\/\/elfe.net.tr\/images\/NumaraTas%C4%B1ima.png\" alt=\"Image\" data-animate=\"rollIn\" \/>Numara ta\u015f\u0131ma hizmeti ile T\u00fcrk Telekom ya da di\u011fer operat\u00f6rlerde bulunan hatlar\u0131n\u0131z\u0131 ovabilisim b\u00fcnyesine ta\u015f\u0131yarak, IP \u00f6zelliklerinden faydalanabilirsiniz.<\/p>\n<\/div>\n<div class=\"col_full clearfix\">\n<div class=\"fancy-title title-dotted-border\">\n<h3 id=\"faq-3\">IP PBX SANTRAL<\/h3>\n<\/div>\n<p><img decoding=\"async\" class=\"alignright notopmargin rollIn animated\" title=\"Image\" src=\"http:\/\/elfe.net.tr\/images\/ElfeIpPbxSantral.png\" alt=\"Image\" data-animate=\"rollIn\" \/>ovabilisim PBX Santral hizmeti ile ileti\u015fim alt yap\u0131n\u0131za \u00e7a\u011f atlatarak daha kurumsal bir vizyon kazanabilir, ula\u015f\u0131labilirli\u011finize \u00e7a\u011f atlatabilirsiniz.<\/p>\n<\/div>\n<div class=\"col_full clearfix\">\n<div class=\"fancy-title title-dotted-border\">\n<h3 id=\"faq-4\">IP BULUT SANTRAL<\/h3>\n<\/div>\n<p><img decoding=\"async\" class=\"alignright notopmargin rollIn animated\" title=\"Image\" src=\"http:\/\/elfe.net.tr\/images\/IPBulutSantral.png\" alt=\"Image\" data-animate=\"rollIn\" \/>ovabilisim santral hizmeti ile donan\u0131m maliyetine girmeden T\u00fcrkiye&#8217;nin her noktas\u0131ndan ula\u015f\u0131labilir, farkl\u0131 ofislerinizi tek bir santral \u00e7at\u0131s\u0131nda toplayabilir, geli\u015fmi\u015f rapor se\u00e7enekleri ile kullan\u0131c\u0131 ve firma performans\u0131n\u0131z\u0131 de\u011ferlendirebilirsiniz. Kesintisizli\u011fi garanti alt\u0131na al\u0131nm\u0131\u015f, Faks ve Ses hizmetlerinin tek bir \u00e7at\u0131da topland\u0131\u011f\u0131 bu geli\u015fmi\u015f platform ile, IP santral ve IP numara hizmetlerineden faydalanabilirsiniz.<\/p>\n<\/div>\n<div class=\"col_full clearfix\">\n<div class=\"fancy-title title-dotted-border\">\n<h3 id=\"faq-5\">E-FAX H\u0130ZMET\u0130<\/h3>\n<\/div>\n<p><img decoding=\"async\" class=\"alignright notopmargin rollIn animated\" title=\"Image\" src=\"http:\/\/elfe.net.tr\/images\/efax.png\" alt=\"Image\" data-animate=\"rollIn\" \/>ovabilisim\u00a0 E-fax hizmeti ile belli bir lokasyona ba\u011fl\u0131 kalmaks\u0131n\u0131z\u0131n internetin bulundu\u011fu her noktadan faks al\u0131p, faks g\u00f6nderebilirsiniz.<\/p>\n<\/div>\n<div class=\"col_full clearfix\">\n<div class=\"fancy-title title-dotted-border\">\n<h3 id=\"faq-6\">SMS PLATFORMU<\/h3>\n<\/div>\n<p><img decoding=\"async\" class=\"alignright notopmargin rollIn animated\" title=\"Image\" src=\"http:\/\/elfe.net.tr\/images\/sorente.png\" alt=\"Image\" data-animate=\"rollIn\" \/>ovabilisim Sms \u00c7\u00f6z\u00fcm Orta\u011f\u0131 &#8220;Sorente Sms&#8221; ile Ticari Sms&#8217;leriniz \u00c7ok Kolay ve H\u0131zl\u0131 Bir \u015eekilde G\u00f6nderilir. Daha Kurumsal Bir Vizyon Kazanabilir, Ula\u015f\u0131labilirli\u011finize \u00c7a\u011f Atlayabilirsiniz.<\/p>\n<\/div>\n<div class=\"col_full clearfix\">\n<div class=\"fancy-title title-dotted-border\">\n<h3 id=\"faq-7\">CALL CENTER<\/h3>\n<\/div>\n<p><img decoding=\"async\" class=\"alignright notopmargin rollIn animated\" title=\"Image\" src=\"http:\/\/elfe.net.tr\/images\/CallCenter1.png\" alt=\"Image\" data-animate=\"rollIn\" \/>M\u00fc\u015fterilerimizin ihtiya\u00e7 ve beklentileri do\u011frultusunda \u00f6zel hizmetler geli\u015ftirip, yeni projelerinizi hayata ge\u00e7iriyoruz. Y\u00fcksek teknolojik uygulamalar\u0131m\u0131z, dinamik ve uzman kadromuzla beraber, h\u0131zl\u0131 ve esnek \u00e7\u00f6z\u00fcmler olu\u015fturarak ayr\u0131cal\u0131kl\u0131 oldu\u011funuzu hissettiriyoruz. Firman\u0131za minimum maliyet ile maksimum fayda sa\u011flayacak \u00e7\u00f6z\u00fcmler sunarken siz sadece i\u015finize odaklan\u0131yorsunuz.<\/p>\n<\/div>\n<p>Fiyatlar\u0131m\u0131z :<\/p>\n<p>Bulut santral : 1600_TL.<\/p>\n<p>Sesli kay\u0131t\u00a0 \u00a0 : 150_TL.<\/p>\n<p>&nbsp;<\/p>\n<div class=\"col_full clearfix\"><\/div>\n","protected":false},"excerpt":{"rendered":"<p>NUMARA TA\u015eIMA Numara ta\u015f\u0131ma hizmeti ile T\u00fcrk Telekom ya da di\u011fer operat\u00f6rlerde bulunan hatlar\u0131n\u0131z\u0131 ovabilisim b\u00fcnyesine ta\u015f\u0131yarak, IP \u00f6zelliklerinden faydalanabilirsiniz. IP PBX SANTRAL ovabilisim PBX Santral hizmeti ile ileti\u015fim alt yap\u0131n\u0131za \u00e7a\u011f atlatarak daha kurumsal bir vizyon kazanabilir, ula\u015f\u0131labilirli\u011finize \u00e7a\u011f atlatabilirsiniz. IP BULUT SANTRAL ovabilisim santral hizmeti ile donan\u0131m maliyetine girmeden T\u00fcrkiye&#8217;nin her noktas\u0131ndan ula\u015f\u0131labilir,&hellip;<\/p>\n","protected":false},"author":1,"featured_media":0,"parent":0,"menu_order":0,"comment_status":"closed","ping_status":"closed","template":"","meta":{"footnotes":""},"yoast_head":"<!-- This site is optimized with the Yoast SEO plugin v22.0 - https:\/\/yoast.com\/wordpress\/plugins\/seo\/ -->\n<title>Bulut Santral Hizmetlerimiz - Ovabili\u015fim Sistemleri Ltd.\u015eti<\/title>\n<meta name=\"robots\" content=\"index, follow, max-snippet:-1, max-image-preview:large, max-video-preview:-1\" \/>\n<link rel=\"canonical\" href=\"https:\/\/www.ovabilisim.com\/index.php\/bulut-santral-hizmetlerimiz\/\" \/>\n<meta property=\"og:locale\" content=\"tr_TR\" \/>\n<meta property=\"og:type\" content=\"article\" \/>\n<meta property=\"og:title\" content=\"Bulut Santral Hizmetlerimiz - Ovabili\u015fim Sistemleri Ltd.\u015eti\" \/>\n<meta property=\"og:description\" content=\"NUMARA TA\u015eIMA Numara ta\u015f\u0131ma hizmeti ile T\u00fcrk Telekom ya da di\u011fer operat\u00f6rlerde bulunan hatlar\u0131n\u0131z\u0131 ovabilisim b\u00fcnyesine ta\u015f\u0131yarak, IP \u00f6zelliklerinden faydalanabilirsiniz. IP PBX SANTRAL ovabilisim PBX Santral hizmeti ile ileti\u015fim alt yap\u0131n\u0131za \u00e7a\u011f atlatarak daha kurumsal bir vizyon kazanabilir, ula\u015f\u0131labilirli\u011finize \u00e7a\u011f atlatabilirsiniz. IP BULUT SANTRAL ovabilisim santral hizmeti ile donan\u0131m maliyetine girmeden T\u00fcrkiye&#8217;nin her noktas\u0131ndan ula\u015f\u0131labilir,&hellip;\" \/>\n<meta property=\"og:url\" content=\"https:\/\/www.ovabilisim.com\/index.php\/bulut-santral-hizmetlerimiz\/\" \/>\n<meta property=\"og:site_name\" content=\"Ovabili\u015fim Sistemleri Ltd.\u015eti\" \/>\n<meta property=\"article:publisher\" content=\"https:\/\/www.facebook.com\/OvaBilisimSistemleri\" \/>\n<meta property=\"og:image\" content=\"http:\/\/elfe.net.tr\/images\/NumaraTas%C4%B1ima.png\" \/>\n<meta name=\"twitter:card\" content=\"summary_large_image\" \/>\n<meta name=\"twitter:label1\" content=\"Tahmini okuma s\u00fcresi\" \/>\n\t<meta name=\"twitter:data1\" content=\"1 dakika\" \/>\n<script type=\"application\/ld+json\" class=\"yoast-schema-graph\">{\"@context\":\"https:\/\/schema.org\",\"@graph\":[{\"@type\":\"WebPage\",\"@id\":\"https:\/\/www.ovabilisim.com\/index.php\/bulut-santral-hizmetlerimiz\/\",\"url\":\"https:\/\/www.ovabilisim.com\/index.php\/bulut-santral-hizmetlerimiz\/\",\"name\":\"Bulut Santral Hizmetlerimiz - Ovabili\u015fim Sistemleri Ltd.\u015eti\",\"isPartOf\":{\"@id\":\"http:\/\/www.ovabilisim.com\/#website\"},\"datePublished\":\"2017-12-20T11:55:30+00:00\",\"dateModified\":\"2017-12-20T11:55:30+00:00\",\"breadcrumb\":{\"@id\":\"https:\/\/www.ovabilisim.com\/index.php\/bulut-santral-hizmetlerimiz\/#breadcrumb\"},\"inLanguage\":\"tr\",\"potentialAction\":[{\"@type\":\"ReadAction\",\"target\":[\"https:\/\/www.ovabilisim.com\/index.php\/bulut-santral-hizmetlerimiz\/\"]}]},{\"@type\":\"BreadcrumbList\",\"@id\":\"https:\/\/www.ovabilisim.com\/index.php\/bulut-santral-hizmetlerimiz\/#breadcrumb\",\"itemListElement\":[{\"@type\":\"ListItem\",\"position\":1,\"name\":\"Anasayfa\",\"item\":\"http:\/\/www.ovabilisim.com\/\"},{\"@type\":\"ListItem\",\"position\":2,\"name\":\"Bulut Santral Hizmetlerimiz\"}]},{\"@type\":\"WebSite\",\"@id\":\"http:\/\/www.ovabilisim.com\/#website\",\"url\":\"http:\/\/www.ovabilisim.com\/\",\"name\":\"Ovabili\u015fim Dia adana ERP\",\"description\":\"0 ve 1 &#039;in oldu\u011fu her yerdeyiz\",\"publisher\":{\"@id\":\"http:\/\/www.ovabilisim.com\/#organization\"},\"alternateName\":\"www.ovabilisim.com\",\"potentialAction\":[{\"@type\":\"SearchAction\",\"target\":{\"@type\":\"EntryPoint\",\"urlTemplate\":\"http:\/\/www.ovabilisim.com\/?s={search_term_string}\"},\"query-input\":\"required name=search_term_string\"}],\"inLanguage\":\"tr\"},{\"@type\":\"Organization\",\"@id\":\"http:\/\/www.ovabilisim.com\/#organization\",\"name\":\"Ovabili\u015fim Dia adana ERP\",\"url\":\"http:\/\/www.ovabilisim.com\/\",\"logo\":{\"@type\":\"ImageObject\",\"inLanguage\":\"tr\",\"@id\":\"http:\/\/www.ovabilisim.com\/#\/schema\/logo\/image\/\",\"url\":\"http:\/\/www.ovabilisim.com\/wp-content\/uploads\/2021\/12\/ovadiaimza.png\",\"contentUrl\":\"http:\/\/www.ovabilisim.com\/wp-content\/uploads\/2021\/12\/ovadiaimza.png\",\"width\":874,\"height\":338,\"caption\":\"Ovabili\u015fim Dia adana ERP\"},\"image\":{\"@id\":\"http:\/\/www.ovabilisim.com\/#\/schema\/logo\/image\/\"},\"sameAs\":[\"https:\/\/www.facebook.com\/OvaBilisimSistemleri\",\"https:\/\/www.instagram.com\/a.bulent.aladag\/\"]}]}<\/script>\n<!-- \/ Yoast SEO plugin. -->","yoast_head_json":{"title":"Bulut Santral Hizmetlerimiz - Ovabili\u015fim Sistemleri Ltd.\u015eti","robots":{"index":"index","follow":"follow","max-snippet":"max-snippet:-1","max-image-preview":"max-image-preview:large","max-video-preview":"max-video-preview:-1"},"canonical":"https:\/\/www.ovabilisim.com\/index.php\/bulut-santral-hizmetlerimiz\/","og_locale":"tr_TR","og_type":"article","og_title":"Bulut Santral Hizmetlerimiz - Ovabili\u015fim Sistemleri Ltd.\u015eti","og_description":"NUMARA TA\u015eIMA Numara ta\u015f\u0131ma hizmeti ile T\u00fcrk Telekom ya da di\u011fer operat\u00f6rlerde bulunan hatlar\u0131n\u0131z\u0131 ovabilisim b\u00fcnyesine ta\u015f\u0131yarak, IP \u00f6zelliklerinden faydalanabilirsiniz. IP PBX SANTRAL ovabilisim PBX Santral hizmeti ile ileti\u015fim alt yap\u0131n\u0131za \u00e7a\u011f atlatarak daha kurumsal bir vizyon kazanabilir, ula\u015f\u0131labilirli\u011finize \u00e7a\u011f atlatabilirsiniz. IP BULUT SANTRAL ovabilisim santral hizmeti ile donan\u0131m maliyetine girmeden T\u00fcrkiye&#8217;nin her noktas\u0131ndan ula\u015f\u0131labilir,&hellip;","og_url":"https:\/\/www.ovabilisim.com\/index.php\/bulut-santral-hizmetlerimiz\/","og_site_name":"Ovabili\u015fim Sistemleri Ltd.\u015eti","article_publisher":"https:\/\/www.facebook.com\/OvaBilisimSistemleri","og_image":[{"url":"http:\/\/elfe.net.tr\/images\/NumaraTas%C4%B1ima.png"}],"twitter_card":"summary_large_image","twitter_misc":{"Tahmini okuma s\u00fcresi":"1 dakika"},"schema":{"@context":"https:\/\/schema.org","@graph":[{"@type":"WebPage","@id":"https:\/\/www.ovabilisim.com\/index.php\/bulut-santral-hizmetlerimiz\/","url":"https:\/\/www.ovabilisim.com\/index.php\/bulut-santral-hizmetlerimiz\/","name":"Bulut Santral Hizmetlerimiz - Ovabili\u015fim Sistemleri Ltd.\u015eti","isPartOf":{"@id":"http:\/\/www.ovabilisim.com\/#website"},"datePublished":"2017-12-20T11:55:30+00:00","dateModified":"2017-12-20T11:55:30+00:00","breadcrumb":{"@id":"https:\/\/www.ovabilisim.com\/index.php\/bulut-santral-hizmetlerimiz\/#breadcrumb"},"inLanguage":"tr","potentialAction":[{"@type":"ReadAction","target":["https:\/\/www.ovabilisim.com\/index.php\/bulut-santral-hizmetlerimiz\/"]}]},{"@type":"BreadcrumbList","@id":"https:\/\/www.ovabilisim.com\/index.php\/bulut-santral-hizmetlerimiz\/#breadcrumb","itemListElement":[{"@type":"ListItem","position":1,"name":"Anasayfa","item":"http:\/\/www.ovabilisim.com\/"},{"@type":"ListItem","position":2,"name":"Bulut Santral Hizmetlerimiz"}]},{"@type":"WebSite","@id":"http:\/\/www.ovabilisim.com\/#website","url":"http:\/\/www.ovabilisim.com\/","name":"Ovabili\u015fim Dia adana ERP","description":"0 ve 1 &#039;in oldu\u011fu her yerdeyiz","publisher":{"@id":"http:\/\/www.ovabilisim.com\/#organization"},"alternateName":"www.ovabilisim.com","potentialAction":[{"@type":"SearchAction","target":{"@type":"EntryPoint","urlTemplate":"http:\/\/www.ovabilisim.com\/?s={search_term_string}"},"query-input":"required name=search_term_string"}],"inLanguage":"tr"},{"@type":"Organization","@id":"http:\/\/www.ovabilisim.com\/#organization","name":"Ovabili\u015fim Dia adana ERP","url":"http:\/\/www.ovabilisim.com\/","logo":{"@type":"ImageObject","inLanguage":"tr","@id":"http:\/\/www.ovabilisim.com\/#\/schema\/logo\/image\/","url":"http:\/\/www.ovabilisim.com\/wp-content\/uploads\/2021\/12\/ovadiaimza.png","contentUrl":"http:\/\/www.ovabilisim.com\/wp-content\/uploads\/2021\/12\/ovadiaimza.png","width":874,"height":338,"caption":"Ovabili\u015fim Dia adana ERP"},"image":{"@id":"http:\/\/www.ovabilisim.com\/#\/schema\/logo\/image\/"},"sameAs":["https:\/\/www.facebook.com\/OvaBilisimSistemleri","https:\/\/www.instagram.com\/a.bulent.aladag\/"]}]}},"_links":{"self":[{"href":"http:\/\/www.ovabilisim.com\/index.php\/wp-json\/wp\/v2\/pages\/397"}],"collection":[{"href":"http:\/\/www.ovabilisim.com\/index.php\/wp-json\/wp\/v2\/pages"}],"about":[{"href":"http:\/\/www.ovabilisim.com\/index.php\/wp-json\/wp\/v2\/types\/page"}],"author":[{"embeddable":true,"href":"http:\/\/www.ovabilisim.com\/index.php\/wp-json\/wp\/v2\/users\/1"}],"replies":[{"embeddable":true,"href":"http:\/\/www.ovabilisim.com\/index.php\/wp-json\/wp\/v2\/comments?post=397"}],"version-history":[{"count":1,"href":"http:\/\/www.ovabilisim.com\/index.php\/wp-json\/wp\/v2\/pages\/397\/revisions"}],"predecessor-version":[{"id":398,"href":"http:\/\/www.ovabilisim.com\/index.php\/wp-json\/wp\/v2\/pages\/397\/revisions\/398"}],"wp:attachment":[{"href":"http:\/\/www.ovabilisim.com\/index.php\/wp-json\/wp\/v2\/media?parent=397"}],"curies":[{"name":"wp","href":"https:\/\/api.w.org\/{rel}","templated":true}]}}