{"id":287,"date":"2017-11-07T11:37:25","date_gmt":"2017-11-07T09:37:25","guid":{"rendered":"http:\/\/www.ovabilisim.com\/?page_id=287"},"modified":"2021-12-24T14:15:48","modified_gmt":"2021-12-24T11:15:48","slug":"e-devlet-cozumu","status":"publish","type":"page","link":"http:\/\/www.ovabilisim.com\/index.php\/e-devlet-cozumu\/","title":{"rendered":"E-Devlet \u00c7\u00f6z\u00fcm\u00fc"},"content":{"rendered":"<h2>E-Devlet \u00c7\u00f6z\u00fcmleri: E-Fatura + E-Defter + E-Ar\u015fiv<\/h2>\n<p>Herhangi bir arac\u0131 kullanmadan ve direkt muhatab\u0131n\u0131z\u0131 D\u0130A olarak g\u00f6r\u00fcp&nbsp;<strong>e-fatura<\/strong>&nbsp;ve e-defterlerinizi sisteminizde koruyacak, yedekleyecek ve ar\u015fivleyeceksiniz. D\u0130A&nbsp;\u00f6n muhasebe ve muhasebe sistemleri ile entegre, kolay kullan\u0131l\u0131r ve h\u0131zl\u0131 olan&nbsp;<strong>D\u0130A E-devlet \u00e7\u00f6z\u00fcmleri<\/strong>&nbsp;sayesinde hem firman\u0131z\u0131n g\u00fcvenli\u011fini sa\u011flam\u0131\u015f olur hem de ka\u011f\u0131t israf\u0131n\u0131 minimuma indirgersiniz.<\/p>\n<h2 class=\"spot\">E-Fatura, E-Defter Hepsi Cebinizde!<\/h2>\n<div><img loading=\"lazy\" decoding=\"async\" class=\"aligncenter size-full img-responsive\" title=\"E-Devlet Program\u0131\" src=\"http:\/\/www.dia.com.tr\/wp-content\/uploads\/e-devlet-cozumleri.jpg\" alt=\"E-Devlet Program\u0131\" width=\"848\" height=\"300\"><\/div>\n<hr class=\"tall\">\n<h3>E-Devlet \u00c7\u00f6z\u00fcmleri<\/h3>\n<ul>\n<li>E-fatura Portal Entegrasyonu<\/li>\n<li>E-fatura Online Entegrasyonu<\/li>\n<li>E-fatura Entegrat\u00f6r \u00e7\u00f6z\u00fcmleri<\/li>\n<li>E-defter Entegrasyonu<\/li>\n<li>E-ar\u015fiv Entegrasyonu<\/li>\n<li>Tekbir yaz\u0131l\u0131m ile sorunsuz e devlet \u00e7\u00f6z\u00fcmleri<\/li>\n<\/ul>\n<p>&nbsp;<\/p>\n<h3>Genel \u00d6zellikleri \u2013 Avantajlar<\/h3>\n<ul>\n<li><strong>D\u0130A E-Devlet ile G\u0130B direkt entegredir<\/strong>&nbsp;ve herhangi bir arac\u0131 yaz\u0131l\u0131m veya firma yoktur.<\/li>\n<li>Herhangi bir sorun durumunda sadece&nbsp;<strong>D\u0130A ile ileti\u015fim kurars\u0131n\u0131z<\/strong>. Hem kendi ticari yaz\u0131l\u0131m\u0131n\u0131z hem entegrat\u00f6r yaz\u0131l\u0131m\u0131 hem de entegrat\u00f6r\u00fcn online sistemi gibi farkl\u0131 yaz\u0131l\u0131mlarla u\u011fra\u015fman\u0131za gerek yoktur.<\/li>\n<li>D\u0130A E-Devlet \u00c7\u00f6z\u00fcmleri ile e-faturalar\u0131n\u0131z bulut sisteminizde yedeklenir.<\/li>\n<li><strong>D\u0130A E-Fatura Sistemi<\/strong>, D\u0130A Kurumsal Y\u00f6netim Sistemi \u00fczerinde bir mod\u00fcl olarak \u00e7al\u0131\u015ft\u0131\u011f\u0131 i\u00e7in entegrasyon sorunlar\u0131 bulunmamaktad\u0131r.<\/li>\n<\/ul>\n<hr class=\"tall\">\n<h2 class=\"text-center\">Mod\u00fcller<\/h2>\n<div class=\"row\">\n<div class=\"col-md-3 yarigizli\">\n<h3>E-Fatura \u2013 Portal<\/h3>\n<div class=\"modulbutonlar\"><\/div>\n<ul>\n<li><strong>G\u0130B Portal Entegrasyonu:<\/strong>&nbsp;1. Entegrasyon (Firman\u0131z G\u0130B ile direkt ba\u011flant\u0131l\u0131), 2. \u00d6zel Entegrasyon (Firman\u0131z Entegrat\u00f6r ile Entegrat\u00f6r\u2026<\/li>\n<li><strong>UBL-TR E-Fatura Kayd\u0131:<\/strong>&nbsp;E-Fatura m\u00fckellefi olan fakat az say\u0131da e-fatura kesen ve alan (max 500) m\u00fckellefler www.gib.gov.tr E-Fatura\u2026<\/li>\n<li>E-Fatura Portal mod\u00fcl\u00fc ile D\u0130A \u00fczerinden kesilen faturalar G\u0130B\u2019in\u2026<\/li>\n<li><strong>Gelen Fatura Y\u00fckleme:<\/strong>&nbsp;A\u2026<\/li>\n<\/ul>\n<p><a class=\" pps-button-popup-484 pps-button-popup genislet\" title=\"Detay\" href=\"https:\/\/www.dia.com.tr\/e-devlet-cozumleri\/#\"><img decoding=\"async\" src=\"https:\/\/www.dia.com.tr\/wp-content\/uploads\/bilgi.png\" alt=\"\"><\/a><\/p>\n<\/div>\n<div class=\"col-md-3 yarigizli\">\n<h3>E-Fatura \u2013 Entegrasyon<\/h3>\n<div class=\"modulbutonlar\"><\/div>\n<ul>\n<li><strong>G\u0130B Online Direkt Entegrasyon:<\/strong>&nbsp;1. Entegrasyon (Firman\u0131z G\u0130B ile direkt ba\u011flant\u0131l\u0131), 2. \u00d6zel Entegrasyon (Firman\u0131z Entegrat\u00f6r ile; Entegrat\u00f6r, G\u0130B ile ba\u011flant\u0131l\u0131) ve 3. Portal\u2026<\/li>\n<li><strong>7\u00d724 Hizmet:<\/strong>&nbsp;D\u0130A E-Fatura Sunucular\u0131, G\u0130B E-Fatura Sunucular\u0131 ile 7\u00d724 entegre durumdad\u0131r.<\/li>\n<li><strong>Entegrat\u00f6r Ara Ba\u011flant\u0131s\u0131 Yok:&nbsp;<\/strong>Firman\u0131za kesilen al\u0131m faturalar\u0131n\u0131z D\u0130A ile G\u0130B aras\u0131ndaki online entegrasyon sayesinde direkt E-Fatura Listesine d\u00fc\u015fecek ve sadece tek tu\u015f\u2026<\/li>\n<li><strong>Sorunsuz E-Fatura G\u00f6nderimi ve Al\u0131m\u0131:<\/strong>&nbsp;Yeni bir cari hesap ekledi\u011finizde anl\u0131k G\u0130B entegrasyonu ile cari hesab\u0131n e-fatura m\u00fckellefiyeti konusunda hemen personelinize bilgi\u2026<\/li>\n<li>Sat\u0131\u015f faturalar\u0131n\u0131z muhasebenizin kontrol\u00fc sonras\u0131 mali m\u00fchr\u00fcn\u00fcz ile imzalanarak direkt G\u0130B E-Fatura sistemine online entegrasyon ile g\u00f6nderilecektir.<\/li>\n<\/ul>\n<p><a class=\" pps-button-popup-485 pps-button-popup genislet\" title=\"Detay\" href=\"https:\/\/www.dia.com.tr\/e-devlet-cozumleri\/#\"><img decoding=\"async\" src=\"https:\/\/www.dia.com.tr\/wp-content\/uploads\/bilgi.png\" alt=\"\"><\/a><\/p>\n<\/div>\n<div class=\"col-md-3 yarigizli\">\n<h3>E-Defter<\/h3>\n<div class=\"modulbutonlar\"><\/div>\n<ul>\n<li><strong>G\u0130B Online Direkt Entegrasyon:<\/strong>&nbsp;E-Defter lisans\u0131 ile Gelirler \u0130daresi Ba\u015fkanl\u0131\u011f\u0131 taraf\u0131ndan tan\u0131mlanan E-Defter format\u0131na %100 uyumlu\u2026<\/li>\n<li><strong>7\u00d724 Kesintisiz Hizmet<\/strong>: D\u0130A sunucular\u0131 taraf\u0131ndan %99,99 eri\u015fim deste\u011fi sayesinde elektronik defterlerinizi kesintisiz haz\u0131rlayabilirsiniz.<\/li>\n<li><strong>Entegrat\u00f6r Ara Ba\u011flant\u0131s\u0131 Yok<\/strong>: D\u0130A sunucular\u0131n\u0131n online hizmeti sayesinde G\u0130B\u2019e direkt ba\u011flant\u0131 ile E-Defter\u2019lerinizi iletebilirsiniz.<\/li>\n<li><strong>Y\u00fcksek Performans:<\/strong>&nbsp;Binlerce sayfal\u0131k defterlerinizi dakikalar i\u00e7erisinde sorunsuz bir \u015fekilde haz\u0131rlayabilir, zaman\u0131n\u0131z\u0131 verimli kullan\u0131rs\u0131n\u0131z.<\/li>\n<li>G\u0130B taraf\u0131ndan haz\u0131rlanan tebli\u011f uyar\u0131nca elektronik defterlerinin m\u00fckellefler taraf\u0131ndan saklanmas\u0131 zorunludur. Haz\u0131rlad\u0131\u011f\u0131n\u0131z e-defterleri kendi bilgisayarlar\u0131n\u0131zda yedekleyebilirsiniz.<\/li>\n<\/ul>\n<p><a class=\" pps-button-popup-486 pps-button-popup genislet\" title=\"Detay\" href=\"https:\/\/www.dia.com.tr\/e-devlet-cozumleri\/#\"><img decoding=\"async\" src=\"https:\/\/www.dia.com.tr\/wp-content\/uploads\/bilgi.png\" alt=\"\"><\/a><\/p>\n<\/div>\n<\/div>\n<hr>\n<h2>Neden E-Devlet \u00c7\u00f6z\u00fcmleri?<\/h2>\n<p>T\u00fcrkiye\u2019de 397 s\u0131ra no.lu VUK tebli\u011fine ile hayata ge\u00e7irilen ve 5 Mart 2010 tarihinden itibaren uygulamada olan e-fatura, veri format ve standard\u0131 Gelir \u0130daresi Ba\u015fkanl\u0131\u011f\u0131 taraf\u0131ndan belirlenen, VUK gere\u011fi bir faturada yer almas\u0131 gereken bilgilerin i\u00e7erisinde yer ald\u0131\u011f\u0131, sat\u0131c\u0131 ve al\u0131c\u0131 aras\u0131ndaki iletiminin merkezi bir platform (G\u0130B) \u00fczerinden ger\u00e7ekle\u015ftirildi\u011fi elektronik bir belgedir.&nbsp;<strong>E-fatura<\/strong>yeni bir belge t\u00fcr\u00fc olmay\u0131p, k\u00e2\u011f\u0131t fatura ile ayn\u0131 hukuki niteliklere sahiptir. Gelir \u0130daresi Ba\u015fkanl\u0131\u011f\u0131 taraf\u0131ndan y\u00f6netilen&nbsp;<strong>e-fatura<\/strong>uygulamas\u0131nda ama\u00e7 tek format ve standarda g\u00f6re sat\u0131c\u0131 ve al\u0131c\u0131 aras\u0131nda g\u00fcvenli, zaman ve maliyet tasarrufu sa\u011flayan bir sistem olu\u015fturmakt\u0131r. Bunun i\u00e7in yurt d\u0131\u015f\u0131 uygulamalar incelenerek ba\u015far\u0131ya ula\u015fm\u0131\u015f e-fatura i\u015fleyi\u015fleri dikkate al\u0131nm\u0131\u015f ve Gelir \u0130daresi Ba\u015fkanl\u0131\u011f\u0131 taraf\u0131ndan a\u00e7\u0131k kaynak bir standart olan XML tabanl\u0131 ticari hayat\u0131n t\u00fcm s\u00fcre\u00e7lerini i\u00e7erecek \u015fekilde etiketlemelere sahip olan uluslararas\u0131 bir standart olan UBL-TR benimsenmi\u015ftir.<\/p>\n<p>421 S\u0131ra Numaral\u0131 Vergi Usul Kanunu Genel Tebli\u011fi kapsam\u0131nda;<\/p>\n<ul>\n<li>04.12.2003 tarihli ve 5015 say\u0131l\u0131 Petrol Piyasas\u0131 Kanunu kapsam\u0131nda madeni ya\u011f lisans\u0131na sahip olanlar (Listeye ula\u015fmak i\u00e7in&nbsp;<a href=\"http:\/\/www.efatura.gov.tr\/dosyalar\/tebligler\/5015-MadeniYagLisansinaSahipOlanlar.pdf\">t\u0131klay\u0131n\u0131z<\/a>) ile bunlardan 2011 takvim y\u0131l\u0131nda mal alan m\u00fckelleflerden 31.12.2011 tarihi itibariyle asgari 25 Milyon TL br\u00fct sat\u0131\u015f has\u0131lat\u0131na (ciro) sahip olanlar ile,<\/li>\n<li>06.06.2002 tarihli ve 4760 say\u0131l\u0131 \u00d6zel T\u00fcketim Vergisi Kanunu\u2019na ekli (III) say\u0131l\u0131 listedeki mallar\u0131 imal, in\u015fa veya ithal edenler (Listeye ula\u015fmak i\u00e7in&nbsp;<a href=\"http:\/\/www.efatura.gov.tr\/dosyalar\/tebligler\/4760-OTVListe.pdf\">t\u0131klay\u0131n\u0131z<\/a>) ile bunlardan 2011 takvim y\u0131l\u0131nda mal alan m\u00fckelleflerden 31.12.2011 tarihi itibariyle asgari 10 Milyon TL br\u00fct sat\u0131\u015f has\u0131lat\u0131na (ciro) sahip olanlar,<\/li>\n<\/ul>\n<p>01.09.2013 tarihine kadar Gelir \u0130daresi Ba\u015fkanl\u0131\u011f\u0131\u2019na ba\u015fvurmak ve 31.12.2013 tarihine kadar e-Fatura uygulamas\u0131na ge\u00e7mek zorundad\u0131r.<\/p>\n<p>S\u00f6z konusu m\u00fckelleflerden 2011 takvim y\u0131l\u0131 i\u00e7inde mal al\u0131\u015f\u0131 yapanlar, sat\u0131n ald\u0131klar\u0131 mal\u0131n t\u00fcr\u00fcne, fiyat\u0131na, miktar\u0131na veya herhangi bir \u00f6zelli\u011fine bak\u0131lmaks\u0131z\u0131n 2011 y\u0131l\u0131 gelir tablolar\u0131ndaki br\u00fct sat\u0131\u015f has\u0131lat\u0131 rakamlar\u0131 esas al\u0131narak elektronik fatura uygulamas\u0131na dahil olacaklard\u0131r. (Bilgi i\u00e7in&nbsp;<a href=\"http:\/\/www.efatura.gov.tr\/dosyalar\/tebligler\/VUKsirkuleri58_2013-03.pdf\">t\u0131klay\u0131n\u0131z<\/a>)<\/p>\n<p>Elektronik Fatura Uygulamas\u0131, e-Fatura Portal\u0131, bilgi i\u015flem sistemlerinin Ba\u015fkanl\u0131k sistemine entegrasyonu ve Ba\u015fkanl\u0131ktan \u00f6zel entegrasyon izni alan kurumlar\u0131n sistemi arac\u0131l\u0131\u011f\u0131yla olmak \u00fczere \u00fc\u00e7 y\u00f6ntemle kullan\u0131labilmektedir.<\/p>\n<ul>\n<li><strong>Entegrasyon:<\/strong>&nbsp;Firma ticari sistemi direkt G\u0130B ile ba\u011flant\u0131l\u0131d\u0131r.<\/li>\n<li><strong>\u00d6zel Entegrasyon:<\/strong>&nbsp;Firma ile Entegrat\u00f6r, Entegrat\u00f6r ile G\u0130B ba\u011flant\u0131l\u0131d\u0131r.<\/li>\n<li><strong>Portal:<\/strong>&nbsp;www.efatura.gov.tr portali \u00fczerinden faturalar manuel olarak takip edilir. Herhangi bir entegrasyon yoktur.<\/li>\n<\/ul>\n<h4>Entegrasyon Y\u00f6ntemi:<\/h4>\n<p>Bilgi \u0130\u015flem Sisteminin Entegrasyonu Y\u00f6ntemi, kendilerine ait bilgi i\u015flem sistemini Ba\u015fkanl\u0131\u011f\u0131n sistemine entegre ederek 7\/24 kesintisiz ba\u011flant\u0131 sa\u011flayabilecek m\u00fckelleflerin kullanabilmeleri amac\u0131yla geli\u015ftirilmi\u015ftir. D\u0130A Kurumsal Y\u00f6netim Sistemi, Entegrasyon y\u00f6ntemi ile direkt G\u0130B ile haberle\u015fmektedir.<\/p>\n<h3>Tek Bir Yaz\u0131l\u0131m \u0130le Entegre E-Devlet Hizmetleri<\/h3>\n<p>Faturalar\u0131n\u0131z\u0131 portal entegrasyonu ile manuel olarak y\u00fcklemenizi ve gelen faturalar\u0131 portaldan alman\u0131z\u0131 sa\u011fl\u0131yoruz. Sat\u0131\u015f faturalar\u0131n\u0131z\u0131 an\u0131nda imzalar, zarflar ve g\u00f6nderebilirsiniz. Firman\u0131za kesilen al\u0131m faturalar\u0131n\u0131z\u0131 da ayn\u0131 \u015fekilde ekstra hi\u00e7bir dosya se\u00e7imi, y\u00fckleme gibi i\u015flemlere gerek kalmadan an\u0131nda alabilirsiniz. Ayr\u0131ca&nbsp;<strong>D\u0130A&nbsp;<a href=\"http:\/\/www.dia.com.tr\/moduller\/\">Muhasebe mod\u00fclleri<\/a><\/strong>&nbsp;kullanarak haz\u0131rlad\u0131\u011f\u0131n\u0131z defterleri online olarak imzalay\u0131p g\u00f6nderebilir, hem zamandan hem de maliyetten kazan\u0131rs\u0131n\u0131z.<\/p>\n<p>&nbsp;<\/p>\n<p>Mali M\u00fch\u00fcr Ba\u015fvuru i\u015flemleri i\u00e7in <a href=\"https:\/\/mportal.kamusm.gov.tr\/bp\/edf.go\">t\u0131klay\u0131n\u0131z<\/a><\/p>\n<p>Mali M\u00fch\u00fcr Sertifikasyon hizmetleri i\u00e7in <a href=\"https:\/\/mbireysel.kamusm.gov.tr\/nb.go\">t\u0131klay\u0131n\u0131z<\/a><\/p>\n","protected":false},"excerpt":{"rendered":"<p>E-Devlet \u00c7\u00f6z\u00fcmleri: E-Fatura + E-Defter + E-Ar\u015fiv Herhangi bir arac\u0131 kullanmadan ve direkt muhatab\u0131n\u0131z\u0131 D\u0130A olarak g\u00f6r\u00fcp&nbsp;e-fatura&nbsp;ve e-defterlerinizi sisteminizde koruyacak, yedekleyecek ve ar\u015fivleyeceksiniz. D\u0130A&nbsp;\u00f6n muhasebe ve muhasebe sistemleri ile entegre, kolay kullan\u0131l\u0131r ve h\u0131zl\u0131 olan&nbsp;D\u0130A E-devlet \u00e7\u00f6z\u00fcmleri&nbsp;sayesinde hem firman\u0131z\u0131n g\u00fcvenli\u011fini sa\u011flam\u0131\u015f olur hem de ka\u011f\u0131t israf\u0131n\u0131 minimuma indirgersiniz. E-Fatura, E-Defter Hepsi Cebinizde! E-Devlet \u00c7\u00f6z\u00fcmleri E-fatura&hellip;<\/p>\n","protected":false},"author":1,"featured_media":403,"parent":0,"menu_order":0,"comment_status":"closed","ping_status":"closed","template":"","meta":{"footnotes":""},"yoast_head":"<!-- This site is optimized with the Yoast SEO plugin v22.0 - https:\/\/yoast.com\/wordpress\/plugins\/seo\/ -->\n<title>E-Devlet \u00c7\u00f6z\u00fcm\u00fc - Ovabili\u015fim Sistemleri Ltd.\u015eti<\/title>\n<meta name=\"robots\" content=\"index, follow, max-snippet:-1, max-image-preview:large, max-video-preview:-1\" \/>\n<link rel=\"canonical\" href=\"https:\/\/www.ovabilisim.com\/index.php\/e-devlet-cozumu\/\" \/>\n<meta property=\"og:locale\" content=\"tr_TR\" \/>\n<meta property=\"og:type\" content=\"article\" \/>\n<meta property=\"og:title\" content=\"E-Devlet \u00c7\u00f6z\u00fcm\u00fc - Ovabili\u015fim Sistemleri Ltd.\u015eti\" \/>\n<meta property=\"og:description\" content=\"E-Devlet \u00c7\u00f6z\u00fcmleri: E-Fatura + E-Defter + E-Ar\u015fiv Herhangi bir arac\u0131 kullanmadan ve direkt muhatab\u0131n\u0131z\u0131 D\u0130A olarak g\u00f6r\u00fcp&nbsp;e-fatura&nbsp;ve e-defterlerinizi sisteminizde koruyacak, yedekleyecek ve ar\u015fivleyeceksiniz. D\u0130A&nbsp;\u00f6n muhasebe ve muhasebe sistemleri ile entegre, kolay kullan\u0131l\u0131r ve h\u0131zl\u0131 olan&nbsp;D\u0130A E-devlet \u00e7\u00f6z\u00fcmleri&nbsp;sayesinde hem firman\u0131z\u0131n g\u00fcvenli\u011fini sa\u011flam\u0131\u015f olur hem de ka\u011f\u0131t israf\u0131n\u0131 minimuma indirgersiniz. E-Fatura, E-Defter Hepsi Cebinizde! E-Devlet \u00c7\u00f6z\u00fcmleri E-fatura&hellip;\" \/>\n<meta property=\"og:url\" content=\"https:\/\/www.ovabilisim.com\/index.php\/e-devlet-cozumu\/\" \/>\n<meta property=\"og:site_name\" content=\"Ovabili\u015fim Sistemleri Ltd.\u015eti\" \/>\n<meta property=\"article:publisher\" content=\"https:\/\/www.facebook.com\/OvaBilisimSistemleri\" \/>\n<meta property=\"article:modified_time\" content=\"2021-12-24T11:15:48+00:00\" \/>\n<meta property=\"og:image\" content=\"https:\/\/www.ovabilisim.com\/wp-content\/uploads\/2017\/12\/diareklam00.jpg\" \/>\n\t<meta property=\"og:image:width\" content=\"960\" \/>\n\t<meta property=\"og:image:height\" content=\"960\" \/>\n\t<meta property=\"og:image:type\" content=\"image\/jpeg\" \/>\n<meta name=\"twitter:card\" content=\"summary_large_image\" \/>\n<meta name=\"twitter:label1\" content=\"Tahmini okuma s\u00fcresi\" \/>\n\t<meta name=\"twitter:data1\" content=\"6 dakika\" \/>\n<script type=\"application\/ld+json\" class=\"yoast-schema-graph\">{\"@context\":\"https:\/\/schema.org\",\"@graph\":[{\"@type\":\"WebPage\",\"@id\":\"https:\/\/www.ovabilisim.com\/index.php\/e-devlet-cozumu\/\",\"url\":\"https:\/\/www.ovabilisim.com\/index.php\/e-devlet-cozumu\/\",\"name\":\"E-Devlet \u00c7\u00f6z\u00fcm\u00fc - Ovabili\u015fim Sistemleri Ltd.\u015eti\",\"isPartOf\":{\"@id\":\"http:\/\/www.ovabilisim.com\/#website\"},\"datePublished\":\"2017-11-07T09:37:25+00:00\",\"dateModified\":\"2021-12-24T11:15:48+00:00\",\"breadcrumb\":{\"@id\":\"https:\/\/www.ovabilisim.com\/index.php\/e-devlet-cozumu\/#breadcrumb\"},\"inLanguage\":\"tr\",\"potentialAction\":[{\"@type\":\"ReadAction\",\"target\":[\"https:\/\/www.ovabilisim.com\/index.php\/e-devlet-cozumu\/\"]}]},{\"@type\":\"BreadcrumbList\",\"@id\":\"https:\/\/www.ovabilisim.com\/index.php\/e-devlet-cozumu\/#breadcrumb\",\"itemListElement\":[{\"@type\":\"ListItem\",\"position\":1,\"name\":\"Anasayfa\",\"item\":\"http:\/\/www.ovabilisim.com\/\"},{\"@type\":\"ListItem\",\"position\":2,\"name\":\"E-Devlet \u00c7\u00f6z\u00fcm\u00fc\"}]},{\"@type\":\"WebSite\",\"@id\":\"http:\/\/www.ovabilisim.com\/#website\",\"url\":\"http:\/\/www.ovabilisim.com\/\",\"name\":\"Ovabili\u015fim Dia adana ERP\",\"description\":\"0 ve 1 &#039;in oldu\u011fu her yerdeyiz\",\"publisher\":{\"@id\":\"http:\/\/www.ovabilisim.com\/#organization\"},\"alternateName\":\"www.ovabilisim.com\",\"potentialAction\":[{\"@type\":\"SearchAction\",\"target\":{\"@type\":\"EntryPoint\",\"urlTemplate\":\"http:\/\/www.ovabilisim.com\/?s={search_term_string}\"},\"query-input\":\"required name=search_term_string\"}],\"inLanguage\":\"tr\"},{\"@type\":\"Organization\",\"@id\":\"http:\/\/www.ovabilisim.com\/#organization\",\"name\":\"Ovabili\u015fim Dia adana ERP\",\"url\":\"http:\/\/www.ovabilisim.com\/\",\"logo\":{\"@type\":\"ImageObject\",\"inLanguage\":\"tr\",\"@id\":\"http:\/\/www.ovabilisim.com\/#\/schema\/logo\/image\/\",\"url\":\"http:\/\/www.ovabilisim.com\/wp-content\/uploads\/2021\/12\/ovadiaimza.png\",\"contentUrl\":\"http:\/\/www.ovabilisim.com\/wp-content\/uploads\/2021\/12\/ovadiaimza.png\",\"width\":874,\"height\":338,\"caption\":\"Ovabili\u015fim Dia adana ERP\"},\"image\":{\"@id\":\"http:\/\/www.ovabilisim.com\/#\/schema\/logo\/image\/\"},\"sameAs\":[\"https:\/\/www.facebook.com\/OvaBilisimSistemleri\",\"https:\/\/www.instagram.com\/a.bulent.aladag\/\"]}]}<\/script>\n<!-- \/ Yoast SEO plugin. -->","yoast_head_json":{"title":"E-Devlet \u00c7\u00f6z\u00fcm\u00fc - Ovabili\u015fim Sistemleri Ltd.\u015eti","robots":{"index":"index","follow":"follow","max-snippet":"max-snippet:-1","max-image-preview":"max-image-preview:large","max-video-preview":"max-video-preview:-1"},"canonical":"https:\/\/www.ovabilisim.com\/index.php\/e-devlet-cozumu\/","og_locale":"tr_TR","og_type":"article","og_title":"E-Devlet \u00c7\u00f6z\u00fcm\u00fc - Ovabili\u015fim Sistemleri Ltd.\u015eti","og_description":"E-Devlet \u00c7\u00f6z\u00fcmleri: E-Fatura + E-Defter + E-Ar\u015fiv Herhangi bir arac\u0131 kullanmadan ve direkt muhatab\u0131n\u0131z\u0131 D\u0130A olarak g\u00f6r\u00fcp&nbsp;e-fatura&nbsp;ve e-defterlerinizi sisteminizde koruyacak, yedekleyecek ve ar\u015fivleyeceksiniz. D\u0130A&nbsp;\u00f6n muhasebe ve muhasebe sistemleri ile entegre, kolay kullan\u0131l\u0131r ve h\u0131zl\u0131 olan&nbsp;D\u0130A E-devlet \u00e7\u00f6z\u00fcmleri&nbsp;sayesinde hem firman\u0131z\u0131n g\u00fcvenli\u011fini sa\u011flam\u0131\u015f olur hem de ka\u011f\u0131t israf\u0131n\u0131 minimuma indirgersiniz. E-Fatura, E-Defter Hepsi Cebinizde! E-Devlet \u00c7\u00f6z\u00fcmleri E-fatura&hellip;","og_url":"https:\/\/www.ovabilisim.com\/index.php\/e-devlet-cozumu\/","og_site_name":"Ovabili\u015fim Sistemleri Ltd.\u015eti","article_publisher":"https:\/\/www.facebook.com\/OvaBilisimSistemleri","article_modified_time":"2021-12-24T11:15:48+00:00","og_image":[{"width":960,"height":960,"url":"https:\/\/www.ovabilisim.com\/wp-content\/uploads\/2017\/12\/diareklam00.jpg","type":"image\/jpeg"}],"twitter_card":"summary_large_image","twitter_misc":{"Tahmini okuma s\u00fcresi":"6 dakika"},"schema":{"@context":"https:\/\/schema.org","@graph":[{"@type":"WebPage","@id":"https:\/\/www.ovabilisim.com\/index.php\/e-devlet-cozumu\/","url":"https:\/\/www.ovabilisim.com\/index.php\/e-devlet-cozumu\/","name":"E-Devlet \u00c7\u00f6z\u00fcm\u00fc - Ovabili\u015fim Sistemleri Ltd.\u015eti","isPartOf":{"@id":"http:\/\/www.ovabilisim.com\/#website"},"datePublished":"2017-11-07T09:37:25+00:00","dateModified":"2021-12-24T11:15:48+00:00","breadcrumb":{"@id":"https:\/\/www.ovabilisim.com\/index.php\/e-devlet-cozumu\/#breadcrumb"},"inLanguage":"tr","potentialAction":[{"@type":"ReadAction","target":["https:\/\/www.ovabilisim.com\/index.php\/e-devlet-cozumu\/"]}]},{"@type":"BreadcrumbList","@id":"https:\/\/www.ovabilisim.com\/index.php\/e-devlet-cozumu\/#breadcrumb","itemListElement":[{"@type":"ListItem","position":1,"name":"Anasayfa","item":"http:\/\/www.ovabilisim.com\/"},{"@type":"ListItem","position":2,"name":"E-Devlet \u00c7\u00f6z\u00fcm\u00fc"}]},{"@type":"WebSite","@id":"http:\/\/www.ovabilisim.com\/#website","url":"http:\/\/www.ovabilisim.com\/","name":"Ovabili\u015fim Dia adana ERP","description":"0 ve 1 &#039;in oldu\u011fu her yerdeyiz","publisher":{"@id":"http:\/\/www.ovabilisim.com\/#organization"},"alternateName":"www.ovabilisim.com","potentialAction":[{"@type":"SearchAction","target":{"@type":"EntryPoint","urlTemplate":"http:\/\/www.ovabilisim.com\/?s={search_term_string}"},"query-input":"required name=search_term_string"}],"inLanguage":"tr"},{"@type":"Organization","@id":"http:\/\/www.ovabilisim.com\/#organization","name":"Ovabili\u015fim Dia adana ERP","url":"http:\/\/www.ovabilisim.com\/","logo":{"@type":"ImageObject","inLanguage":"tr","@id":"http:\/\/www.ovabilisim.com\/#\/schema\/logo\/image\/","url":"http:\/\/www.ovabilisim.com\/wp-content\/uploads\/2021\/12\/ovadiaimza.png","contentUrl":"http:\/\/www.ovabilisim.com\/wp-content\/uploads\/2021\/12\/ovadiaimza.png","width":874,"height":338,"caption":"Ovabili\u015fim Dia adana ERP"},"image":{"@id":"http:\/\/www.ovabilisim.com\/#\/schema\/logo\/image\/"},"sameAs":["https:\/\/www.facebook.com\/OvaBilisimSistemleri","https:\/\/www.instagram.com\/a.bulent.aladag\/"]}]}},"_links":{"self":[{"href":"http:\/\/www.ovabilisim.com\/index.php\/wp-json\/wp\/v2\/pages\/287"}],"collection":[{"href":"http:\/\/www.ovabilisim.com\/index.php\/wp-json\/wp\/v2\/pages"}],"about":[{"href":"http:\/\/www.ovabilisim.com\/index.php\/wp-json\/wp\/v2\/types\/page"}],"author":[{"embeddable":true,"href":"http:\/\/www.ovabilisim.com\/index.php\/wp-json\/wp\/v2\/users\/1"}],"replies":[{"embeddable":true,"href":"http:\/\/www.ovabilisim.com\/index.php\/wp-json\/wp\/v2\/comments?post=287"}],"version-history":[{"count":4,"href":"http:\/\/www.ovabilisim.com\/index.php\/wp-json\/wp\/v2\/pages\/287\/revisions"}],"predecessor-version":[{"id":470,"href":"http:\/\/www.ovabilisim.com\/index.php\/wp-json\/wp\/v2\/pages\/287\/revisions\/470"}],"wp:featuredmedia":[{"embeddable":true,"href":"http:\/\/www.ovabilisim.com\/index.php\/wp-json\/wp\/v2\/media\/403"}],"wp:attachment":[{"href":"http:\/\/www.ovabilisim.com\/index.php\/wp-json\/wp\/v2\/media?parent=287"}],"curies":[{"name":"wp","href":"https:\/\/api.w.org\/{rel}","templated":true}]}}