{"id":149,"date":"2017-10-31T16:48:33","date_gmt":"2017-10-31T14:48:33","guid":{"rendered":"http:\/\/www.ovabilisim.com\/?page_id=149"},"modified":"2018-10-08T11:14:10","modified_gmt":"2018-10-08T08:14:10","slug":"siber-guvenlik","status":"publish","type":"page","link":"http:\/\/www.ovabilisim.com\/index.php\/siber-guvenlik\/","title":{"rendered":"Siber G\u00fcvenlik"},"content":{"rendered":"<p>&nbsp;<\/p>\n<p><img loading=\"lazy\" decoding=\"async\" class=\"alignnone size-full wp-image-265\" src=\"http:\/\/www.ovabilisim.com\/wp-content\/uploads\/2017\/10\/berq1-5.jpg\" alt=\"\" width=\"1654\" height=\"2339\" srcset=\"http:\/\/www.ovabilisim.com\/wp-content\/uploads\/2017\/10\/berq1-5.jpg 1654w, http:\/\/www.ovabilisim.com\/wp-content\/uploads\/2017\/10\/berq1-5-212x300.jpg 212w, http:\/\/www.ovabilisim.com\/wp-content\/uploads\/2017\/10\/berq1-5-768x1086.jpg 768w, http:\/\/www.ovabilisim.com\/wp-content\/uploads\/2017\/10\/berq1-5-724x1024.jpg 724w\" sizes=\"(max-width: 1654px) 100vw, 1654px\" \/> <img loading=\"lazy\" decoding=\"async\" class=\"alignnone size-full wp-image-266\" src=\"http:\/\/www.ovabilisim.com\/wp-content\/uploads\/2017\/10\/berq2-1.jpg\" alt=\"\" width=\"1654\" height=\"2339\" srcset=\"http:\/\/www.ovabilisim.com\/wp-content\/uploads\/2017\/10\/berq2-1.jpg 1654w, http:\/\/www.ovabilisim.com\/wp-content\/uploads\/2017\/10\/berq2-1-212x300.jpg 212w, http:\/\/www.ovabilisim.com\/wp-content\/uploads\/2017\/10\/berq2-1-768x1086.jpg 768w, http:\/\/www.ovabilisim.com\/wp-content\/uploads\/2017\/10\/berq2-1-724x1024.jpg 724w\" sizes=\"(max-width: 1654px) 100vw, 1654px\" \/> <img loading=\"lazy\" decoding=\"async\" class=\"alignnone size-full wp-image-267\" src=\"http:\/\/www.ovabilisim.com\/wp-content\/uploads\/2017\/10\/berq3-1.jpg\" alt=\"\" width=\"1654\" height=\"2339\" srcset=\"http:\/\/www.ovabilisim.com\/wp-content\/uploads\/2017\/10\/berq3-1.jpg 1654w, http:\/\/www.ovabilisim.com\/wp-content\/uploads\/2017\/10\/berq3-1-212x300.jpg 212w, http:\/\/www.ovabilisim.com\/wp-content\/uploads\/2017\/10\/berq3-1-768x1086.jpg 768w, http:\/\/www.ovabilisim.com\/wp-content\/uploads\/2017\/10\/berq3-1-724x1024.jpg 724w\" sizes=\"(max-width: 1654px) 100vw, 1654px\" \/> <img loading=\"lazy\" decoding=\"async\" class=\"alignnone size-full wp-image-268\" src=\"http:\/\/www.ovabilisim.com\/wp-content\/uploads\/2017\/10\/berq4.jpg\" alt=\"\" width=\"1654\" height=\"2339\" srcset=\"http:\/\/www.ovabilisim.com\/wp-content\/uploads\/2017\/10\/berq4.jpg 1654w, http:\/\/www.ovabilisim.com\/wp-content\/uploads\/2017\/10\/berq4-212x300.jpg 212w, http:\/\/www.ovabilisim.com\/wp-content\/uploads\/2017\/10\/berq4-768x1086.jpg 768w, http:\/\/www.ovabilisim.com\/wp-content\/uploads\/2017\/10\/berq4-724x1024.jpg 724w\" sizes=\"(max-width: 1654px) 100vw, 1654px\" \/><\/p>\n<p>&nbsp;<\/p>\n<p><strong>Fiyatlar :<\/strong><\/p>\n<table id=\"DataGrid1\" border=\"1\" rules=\"all\" cellspacing=\"2\" cellpadding=\"4\">\n<tbody>\n<tr class=\"satir1\">\n<td><a id=\"DataGrid1_malAdi_0\"><\/a>BERQNET BQ25 25 Kullan\u0131c\u0131 1 Y\u0131l Lisans Dahil UTM-Firewall-5651\u00a0<span id=\"DataGrid1_kampanya_0\"><\/span><span id=\"DataGrid1_hediye_0\"><\/span><span id=\"DataGrid1_yeniUrun_0\"><\/span><\/td>\n<td>sorunuz<\/td>\n<\/tr>\n<\/tbody>\n<\/table>\n<table id=\"DataGrid1\" border=\"1\" rules=\"all\" cellspacing=\"2\" cellpadding=\"4\">\n<tbody>\n<tr class=\"satir2\">\n<td><a id=\"DataGrid1_malAdi_1\"><\/a>BERQNET BQ25 25 Kullan\u0131c\u0131 2 Y\u0131l Lisans Dahil UTM-Firewall-5651\u00a0<span id=\"DataGrid1_kampanya_1\"><\/span><span id=\"DataGrid1_hediye_1\"><\/span><span id=\"DataGrid1_yeniUrun_1\"><\/span><\/td>\n<td>sorunuz<\/td>\n<\/tr>\n<\/tbody>\n<\/table>\n<table id=\"DataGrid1\" border=\"1\" rules=\"all\" cellspacing=\"2\" cellpadding=\"4\">\n<tbody>\n<tr class=\"satir1\">\n<td><a id=\"DataGrid1_malAdi_2\"><\/a>BERQNET BQ50 50 Kullan\u0131c\u0131 1 Y\u0131l Lisans Dahil UTM-Firewall-5651\u00a0<span id=\"DataGrid1_kampanya_2\"><\/span><span id=\"DataGrid1_hediye_2\"><\/span><span id=\"DataGrid1_yeniUrun_2\"><\/span><\/td>\n<td>sorunuz<\/td>\n<\/tr>\n<\/tbody>\n<\/table>\n<table id=\"DataGrid1\" border=\"1\" rules=\"all\" cellspacing=\"2\" cellpadding=\"4\">\n<tbody>\n<tr class=\"satir2\">\n<td><a id=\"DataGrid1_malAdi_3\"><\/a>BERQNET BQ50 50 Kullan\u0131c\u0131 2 Y\u0131l Lisans Dahil UTM-Firewall-5651\u00a0<span id=\"DataGrid1_kampanya_3\"><\/span><span id=\"DataGrid1_hediye_3\"><\/span><span id=\"DataGrid1_yeniUrun_3\"><\/span><\/td>\n<td>sorunuz<\/td>\n<\/tr>\n<\/tbody>\n<\/table>\n<table id=\"DataGrid1\" border=\"1\" rules=\"all\" cellspacing=\"2\" cellpadding=\"4\">\n<tbody>\n<tr class=\"satir1\">\n<td><a id=\"DataGrid1_malAdi_4\"><\/a>BERQNET BQ100 100 Kullan\u0131c\u0131 1 Y\u0131l Lisans Dahil UTM-Firewall-5651\u00a0<span id=\"DataGrid1_kampanya_4\"><\/span><span id=\"DataGrid1_hediye_4\"><\/span><span id=\"DataGrid1_yeniUrun_4\"><\/span><\/td>\n<td>sorunuz<\/td>\n<\/tr>\n<\/tbody>\n<\/table>\n<table id=\"DataGrid1\" border=\"1\" rules=\"all\" cellspacing=\"2\" cellpadding=\"4\">\n<tbody>\n<tr class=\"satir2\">\n<td><a id=\"DataGrid1_malAdi_5\"><\/a>BERQNET BQ100 100 Kullan\u0131c\u0131 2 Y\u0131l Lisans Dahil UTM-Firewall-5651\u00a0<span id=\"DataGrid1_kampanya_5\"><\/span><span id=\"DataGrid1_hediye_5\"><\/span><span id=\"DataGrid1_yeniUrun_5\"><\/span><\/td>\n<td>sorunuz<\/td>\n<\/tr>\n<\/tbody>\n<\/table>\n","protected":false},"excerpt":{"rendered":"<p>&nbsp; &nbsp; Fiyatlar : BERQNET BQ25 25 Kullan\u0131c\u0131 1 Y\u0131l Lisans Dahil UTM-Firewall-5651\u00a0 sorunuz BERQNET BQ25 25 Kullan\u0131c\u0131 2 Y\u0131l Lisans Dahil UTM-Firewall-5651\u00a0 sorunuz BERQNET BQ50 50 Kullan\u0131c\u0131 1 Y\u0131l Lisans Dahil UTM-Firewall-5651\u00a0 sorunuz BERQNET BQ50 50 Kullan\u0131c\u0131 2 Y\u0131l Lisans Dahil UTM-Firewall-5651\u00a0 sorunuz BERQNET BQ100 100 Kullan\u0131c\u0131 1 Y\u0131l Lisans Dahil UTM-Firewall-5651\u00a0 sorunuz BERQNET&hellip;<\/p>\n","protected":false},"author":1,"featured_media":0,"parent":0,"menu_order":0,"comment_status":"closed","ping_status":"closed","template":"","meta":{"footnotes":""},"yoast_head":"<!-- This site is optimized with the Yoast SEO plugin v22.0 - https:\/\/yoast.com\/wordpress\/plugins\/seo\/ -->\n<title>Siber G\u00fcvenlik - Ovabili\u015fim Sistemleri Ltd.\u015eti<\/title>\n<meta name=\"robots\" content=\"index, follow, max-snippet:-1, max-image-preview:large, max-video-preview:-1\" \/>\n<link rel=\"canonical\" href=\"https:\/\/www.ovabilisim.com\/index.php\/siber-guvenlik\/\" \/>\n<meta property=\"og:locale\" content=\"tr_TR\" \/>\n<meta property=\"og:type\" content=\"article\" \/>\n<meta property=\"og:title\" content=\"Siber G\u00fcvenlik - Ovabili\u015fim Sistemleri Ltd.\u015eti\" \/>\n<meta property=\"og:description\" content=\"&nbsp; &nbsp; Fiyatlar : BERQNET BQ25 25 Kullan\u0131c\u0131 1 Y\u0131l Lisans Dahil UTM-Firewall-5651\u00a0 sorunuz BERQNET BQ25 25 Kullan\u0131c\u0131 2 Y\u0131l Lisans Dahil UTM-Firewall-5651\u00a0 sorunuz BERQNET BQ50 50 Kullan\u0131c\u0131 1 Y\u0131l Lisans Dahil UTM-Firewall-5651\u00a0 sorunuz BERQNET BQ50 50 Kullan\u0131c\u0131 2 Y\u0131l Lisans Dahil UTM-Firewall-5651\u00a0 sorunuz BERQNET BQ100 100 Kullan\u0131c\u0131 1 Y\u0131l Lisans Dahil UTM-Firewall-5651\u00a0 sorunuz BERQNET&hellip;\" \/>\n<meta property=\"og:url\" content=\"https:\/\/www.ovabilisim.com\/index.php\/siber-guvenlik\/\" \/>\n<meta property=\"og:site_name\" content=\"Ovabili\u015fim Sistemleri Ltd.\u015eti\" \/>\n<meta property=\"article:publisher\" content=\"https:\/\/www.facebook.com\/OvaBilisimSistemleri\" \/>\n<meta property=\"article:modified_time\" content=\"2018-10-08T08:14:10+00:00\" \/>\n<meta property=\"og:image\" content=\"http:\/\/www.ovabilisim.com\/wp-content\/uploads\/2017\/10\/berq1-5.jpg\" \/>\n<meta name=\"twitter:card\" content=\"summary_large_image\" \/>\n<script type=\"application\/ld+json\" class=\"yoast-schema-graph\">{\"@context\":\"https:\/\/schema.org\",\"@graph\":[{\"@type\":\"WebPage\",\"@id\":\"https:\/\/www.ovabilisim.com\/index.php\/siber-guvenlik\/\",\"url\":\"https:\/\/www.ovabilisim.com\/index.php\/siber-guvenlik\/\",\"name\":\"Siber G\u00fcvenlik - Ovabili\u015fim Sistemleri Ltd.\u015eti\",\"isPartOf\":{\"@id\":\"http:\/\/www.ovabilisim.com\/#website\"},\"datePublished\":\"2017-10-31T14:48:33+00:00\",\"dateModified\":\"2018-10-08T08:14:10+00:00\",\"breadcrumb\":{\"@id\":\"https:\/\/www.ovabilisim.com\/index.php\/siber-guvenlik\/#breadcrumb\"},\"inLanguage\":\"tr\",\"potentialAction\":[{\"@type\":\"ReadAction\",\"target\":[\"https:\/\/www.ovabilisim.com\/index.php\/siber-guvenlik\/\"]}]},{\"@type\":\"BreadcrumbList\",\"@id\":\"https:\/\/www.ovabilisim.com\/index.php\/siber-guvenlik\/#breadcrumb\",\"itemListElement\":[{\"@type\":\"ListItem\",\"position\":1,\"name\":\"Anasayfa\",\"item\":\"http:\/\/www.ovabilisim.com\/\"},{\"@type\":\"ListItem\",\"position\":2,\"name\":\"Siber G\u00fcvenlik\"}]},{\"@type\":\"WebSite\",\"@id\":\"http:\/\/www.ovabilisim.com\/#website\",\"url\":\"http:\/\/www.ovabilisim.com\/\",\"name\":\"Ovabili\u015fim Dia adana ERP\",\"description\":\"0 ve 1 &#039;in oldu\u011fu her yerdeyiz\",\"publisher\":{\"@id\":\"http:\/\/www.ovabilisim.com\/#organization\"},\"alternateName\":\"www.ovabilisim.com\",\"potentialAction\":[{\"@type\":\"SearchAction\",\"target\":{\"@type\":\"EntryPoint\",\"urlTemplate\":\"http:\/\/www.ovabilisim.com\/?s={search_term_string}\"},\"query-input\":\"required name=search_term_string\"}],\"inLanguage\":\"tr\"},{\"@type\":\"Organization\",\"@id\":\"http:\/\/www.ovabilisim.com\/#organization\",\"name\":\"Ovabili\u015fim Dia adana ERP\",\"url\":\"http:\/\/www.ovabilisim.com\/\",\"logo\":{\"@type\":\"ImageObject\",\"inLanguage\":\"tr\",\"@id\":\"http:\/\/www.ovabilisim.com\/#\/schema\/logo\/image\/\",\"url\":\"http:\/\/www.ovabilisim.com\/wp-content\/uploads\/2021\/12\/ovadiaimza.png\",\"contentUrl\":\"http:\/\/www.ovabilisim.com\/wp-content\/uploads\/2021\/12\/ovadiaimza.png\",\"width\":874,\"height\":338,\"caption\":\"Ovabili\u015fim Dia adana ERP\"},\"image\":{\"@id\":\"http:\/\/www.ovabilisim.com\/#\/schema\/logo\/image\/\"},\"sameAs\":[\"https:\/\/www.facebook.com\/OvaBilisimSistemleri\",\"https:\/\/www.instagram.com\/a.bulent.aladag\/\"]}]}<\/script>\n<!-- \/ Yoast SEO plugin. -->","yoast_head_json":{"title":"Siber G\u00fcvenlik - Ovabili\u015fim Sistemleri Ltd.\u015eti","robots":{"index":"index","follow":"follow","max-snippet":"max-snippet:-1","max-image-preview":"max-image-preview:large","max-video-preview":"max-video-preview:-1"},"canonical":"https:\/\/www.ovabilisim.com\/index.php\/siber-guvenlik\/","og_locale":"tr_TR","og_type":"article","og_title":"Siber G\u00fcvenlik - Ovabili\u015fim Sistemleri Ltd.\u015eti","og_description":"&nbsp; &nbsp; Fiyatlar : BERQNET BQ25 25 Kullan\u0131c\u0131 1 Y\u0131l Lisans Dahil UTM-Firewall-5651\u00a0 sorunuz BERQNET BQ25 25 Kullan\u0131c\u0131 2 Y\u0131l Lisans Dahil UTM-Firewall-5651\u00a0 sorunuz BERQNET BQ50 50 Kullan\u0131c\u0131 1 Y\u0131l Lisans Dahil UTM-Firewall-5651\u00a0 sorunuz BERQNET BQ50 50 Kullan\u0131c\u0131 2 Y\u0131l Lisans Dahil UTM-Firewall-5651\u00a0 sorunuz BERQNET BQ100 100 Kullan\u0131c\u0131 1 Y\u0131l Lisans Dahil UTM-Firewall-5651\u00a0 sorunuz BERQNET&hellip;","og_url":"https:\/\/www.ovabilisim.com\/index.php\/siber-guvenlik\/","og_site_name":"Ovabili\u015fim Sistemleri Ltd.\u015eti","article_publisher":"https:\/\/www.facebook.com\/OvaBilisimSistemleri","article_modified_time":"2018-10-08T08:14:10+00:00","og_image":[{"url":"http:\/\/www.ovabilisim.com\/wp-content\/uploads\/2017\/10\/berq1-5.jpg"}],"twitter_card":"summary_large_image","schema":{"@context":"https:\/\/schema.org","@graph":[{"@type":"WebPage","@id":"https:\/\/www.ovabilisim.com\/index.php\/siber-guvenlik\/","url":"https:\/\/www.ovabilisim.com\/index.php\/siber-guvenlik\/","name":"Siber G\u00fcvenlik - Ovabili\u015fim Sistemleri Ltd.\u015eti","isPartOf":{"@id":"http:\/\/www.ovabilisim.com\/#website"},"datePublished":"2017-10-31T14:48:33+00:00","dateModified":"2018-10-08T08:14:10+00:00","breadcrumb":{"@id":"https:\/\/www.ovabilisim.com\/index.php\/siber-guvenlik\/#breadcrumb"},"inLanguage":"tr","potentialAction":[{"@type":"ReadAction","target":["https:\/\/www.ovabilisim.com\/index.php\/siber-guvenlik\/"]}]},{"@type":"BreadcrumbList","@id":"https:\/\/www.ovabilisim.com\/index.php\/siber-guvenlik\/#breadcrumb","itemListElement":[{"@type":"ListItem","position":1,"name":"Anasayfa","item":"http:\/\/www.ovabilisim.com\/"},{"@type":"ListItem","position":2,"name":"Siber G\u00fcvenlik"}]},{"@type":"WebSite","@id":"http:\/\/www.ovabilisim.com\/#website","url":"http:\/\/www.ovabilisim.com\/","name":"Ovabili\u015fim Dia adana ERP","description":"0 ve 1 &#039;in oldu\u011fu her yerdeyiz","publisher":{"@id":"http:\/\/www.ovabilisim.com\/#organization"},"alternateName":"www.ovabilisim.com","potentialAction":[{"@type":"SearchAction","target":{"@type":"EntryPoint","urlTemplate":"http:\/\/www.ovabilisim.com\/?s={search_term_string}"},"query-input":"required name=search_term_string"}],"inLanguage":"tr"},{"@type":"Organization","@id":"http:\/\/www.ovabilisim.com\/#organization","name":"Ovabili\u015fim Dia adana ERP","url":"http:\/\/www.ovabilisim.com\/","logo":{"@type":"ImageObject","inLanguage":"tr","@id":"http:\/\/www.ovabilisim.com\/#\/schema\/logo\/image\/","url":"http:\/\/www.ovabilisim.com\/wp-content\/uploads\/2021\/12\/ovadiaimza.png","contentUrl":"http:\/\/www.ovabilisim.com\/wp-content\/uploads\/2021\/12\/ovadiaimza.png","width":874,"height":338,"caption":"Ovabili\u015fim Dia adana ERP"},"image":{"@id":"http:\/\/www.ovabilisim.com\/#\/schema\/logo\/image\/"},"sameAs":["https:\/\/www.facebook.com\/OvaBilisimSistemleri","https:\/\/www.instagram.com\/a.bulent.aladag\/"]}]}},"_links":{"self":[{"href":"http:\/\/www.ovabilisim.com\/index.php\/wp-json\/wp\/v2\/pages\/149"}],"collection":[{"href":"http:\/\/www.ovabilisim.com\/index.php\/wp-json\/wp\/v2\/pages"}],"about":[{"href":"http:\/\/www.ovabilisim.com\/index.php\/wp-json\/wp\/v2\/types\/page"}],"author":[{"embeddable":true,"href":"http:\/\/www.ovabilisim.com\/index.php\/wp-json\/wp\/v2\/users\/1"}],"replies":[{"embeddable":true,"href":"http:\/\/www.ovabilisim.com\/index.php\/wp-json\/wp\/v2\/comments?post=149"}],"version-history":[{"count":18,"href":"http:\/\/www.ovabilisim.com\/index.php\/wp-json\/wp\/v2\/pages\/149\/revisions"}],"predecessor-version":[{"id":418,"href":"http:\/\/www.ovabilisim.com\/index.php\/wp-json\/wp\/v2\/pages\/149\/revisions\/418"}],"wp:attachment":[{"href":"http:\/\/www.ovabilisim.com\/index.php\/wp-json\/wp\/v2\/media?parent=149"}],"curies":[{"name":"wp","href":"https:\/\/api.w.org\/{rel}","templated":true}]}}