{"id":114,"date":"2017-10-30T14:16:51","date_gmt":"2017-10-30T12:16:51","guid":{"rendered":"http:\/\/www.ovabilisim.com\/?page_id=114"},"modified":"2017-11-07T17:11:30","modified_gmt":"2017-11-07T15:11:30","slug":"danismanlik-hizmetleri","status":"publish","type":"page","link":"http:\/\/www.ovabilisim.com\/index.php\/danismanlik-hizmetleri\/","title":{"rendered":"Dan\u0131\u015fmanl\u0131k Hizmetleri"},"content":{"rendered":"<p><strong>ova bili\u015fimde Dan\u0131\u015fmanl\u0131k;<\/strong><\/p>\n<p>ovabili\u015fim b\u00fcnyesinde deneyimli personeller sayesinde m\u00fc\u015fterilerine \u00fcreticiden bag\u0131ms\u0131z olarak teknoloji temelli Dan\u0131\u015fmanl\u0131k Hizmetleri sunmaktad\u0131r. D\u00f6rt ana hizmet sunmaktad\u0131r:<\/p>\n<p class=\"title\"><strong>Network Teknolojileri<\/strong><\/p>\n<p>Network Teknolojileri ad\u0131 alt\u0131nda a\u015fa\u011f\u0131daki konularda Dan\u0131\u015fmanl\u0131k Hizmetleri verilmektedir.<\/p>\n<p><strong>Altyap\u0131 Tasar\u0131m\u0131<\/strong>; \u0130leti\u015fim a\u011f\u0131 omurgas\u0131ndaki t\u00fcm altyap\u0131 ihtiya\u00e7lar\u0131n\u0131n kar\u015f\u0131lanaca\u011f\u0131, farkl\u0131 tipteki veri ileti\u015fim ve eri\u015fim teknolojilerini destekleyen, yedekli ve geni\u015flemeye a\u00e7\u0131k altyap\u0131 tasar\u0131m\u0131d\u0131r. T\u00fcrk Telekom servisleri ile mevcut altyap\u0131 ihtiya\u00e7lar\u0131n\u0131n entegrasyonu hedeflenir.<\/p>\n<p><strong>TCP\/IP \u00dczerinden \u00c7oklu Hizmet;<\/strong> (IP \u00fczerinden Ses, IP \u00fczerinden Video, IP \u00fczerinden Multimedia teknolojileri) Internet ve \u00f6zel IP omurga \u00fczerinden farkli tipteki verinin tasinmasi hedeflenir. Tek bir fiziksel altyapi\/omurga \u00fczerinden ses, veri ve videokonferans ve bunlari barindiran uygulamalarin (e-Business, IP temelli iletisim Center vs. gibi) ger\u00e7eklestirilmesi i\u00e7in gerekli adimlar belirlenir.<\/p>\n<p><strong>Kurumsal \u0130leti\u015fim A\u011f\u0131 Y\u00f6netimi;<\/strong> i\u015fletmelerin ileti\u015fim altyap\u0131lar\u0131nda kulland\u0131\u011f\u0131 aktif cihazlar ile uygulamalara uzaktan eri\u015fim y\u00f6ntemiyle sa\u011flanan \u00e7\u00f6z\u00fcmlerdir. Ba\u015fl\u0131calar\u0131 \u015f\u00f6yle s\u0131ralanabilir:<\/p>\n<ul>\n<li>Sistemin online olarak g\u00f6zlenmesi,<\/li>\n<li>\u0130htiya\u00e7 duyulan analiz ve raporlar\u0131n olu\u015fturulmas\u0131,<\/li>\n<li>Kapasite planlamas\u0131n\u0131n ger\u00e7ekle\u015ftirilmesi,<\/li>\n<li>Envanter bilgilerinin tutulmas\u0131 ve g\u00fcncellenmesi,<\/li>\n<li>Yaz\u0131l\u0131m da\u011f\u0131t\u0131m\u0131 ve g\u00fcncellenmesi,<\/li>\n<li>IT&#8217;nin sa\u011fl\u0131kl\u0131 ve y\u00fcksek eri\u015fimli \u00e7al\u0131\u015fmas\u0131n\u0131n sa\u011flanmas\u0131.<\/li>\n<\/ul>\n<p>\u0130\u015fletmelerin ileti\u015fim altyap\u0131lar\u0131nda kulland\u0131\u011f\u0131 aktif cihazlar ve uygulamalar\u0131n uzaktan eri\u015fim y\u00f6ntemi ile g\u00f6zlenmesi, ihtiya\u00e7 duyulan analiz ve raporlar\u0131n olusturulmas\u0131, kapasite planlamas\u0131n\u0131n ger\u00e7ekle\u015ftirilmesi, envanter bilgilerinin tutulmas\u0131 ve g\u00fcncellenmesi, yaz\u0131l\u0131m dag\u0131t\u0131m\u0131 ve g\u00fcncellenmesi ve IT&#8217;nin sa\u011fl\u0131kl\u0131 ve y\u00fcksek eri\u015fimli \u00e7al\u0131\u015fabilmesini sa\u011flayacak \u00e7\u00f6z\u00fcmler a\u00e7\u0131klan\u0131r.<\/p>\n","protected":false},"excerpt":{"rendered":"<p>ova bili\u015fimde Dan\u0131\u015fmanl\u0131k; ovabili\u015fim b\u00fcnyesinde deneyimli personeller sayesinde m\u00fc\u015fterilerine \u00fcreticiden bag\u0131ms\u0131z olarak teknoloji temelli Dan\u0131\u015fmanl\u0131k Hizmetleri sunmaktad\u0131r. D\u00f6rt ana hizmet sunmaktad\u0131r: Network Teknolojileri Network Teknolojileri ad\u0131 alt\u0131nda a\u015fa\u011f\u0131daki konularda Dan\u0131\u015fmanl\u0131k Hizmetleri verilmektedir. Altyap\u0131 Tasar\u0131m\u0131; \u0130leti\u015fim a\u011f\u0131 omurgas\u0131ndaki t\u00fcm altyap\u0131 ihtiya\u00e7lar\u0131n\u0131n kar\u015f\u0131lanaca\u011f\u0131, farkl\u0131 tipteki veri ileti\u015fim ve eri\u015fim teknolojilerini destekleyen, yedekli ve geni\u015flemeye a\u00e7\u0131k altyap\u0131 tasar\u0131m\u0131d\u0131r.&hellip;<\/p>\n","protected":false},"author":1,"featured_media":0,"parent":0,"menu_order":0,"comment_status":"closed","ping_status":"closed","template":"","meta":{"footnotes":""},"yoast_head":"<!-- This site is optimized with the Yoast SEO plugin v22.0 - https:\/\/yoast.com\/wordpress\/plugins\/seo\/ -->\n<title>Dan\u0131\u015fmanl\u0131k Hizmetleri - Ovabili\u015fim Sistemleri Ltd.\u015eti<\/title>\n<meta name=\"robots\" content=\"index, follow, max-snippet:-1, max-image-preview:large, max-video-preview:-1\" \/>\n<link rel=\"canonical\" href=\"http:\/\/www.ovabilisim.com\/index.php\/danismanlik-hizmetleri\/\" \/>\n<meta property=\"og:locale\" content=\"tr_TR\" \/>\n<meta property=\"og:type\" content=\"article\" \/>\n<meta property=\"og:title\" content=\"Dan\u0131\u015fmanl\u0131k Hizmetleri - Ovabili\u015fim Sistemleri Ltd.\u015eti\" \/>\n<meta property=\"og:description\" content=\"ova bili\u015fimde Dan\u0131\u015fmanl\u0131k; ovabili\u015fim b\u00fcnyesinde deneyimli personeller sayesinde m\u00fc\u015fterilerine \u00fcreticiden bag\u0131ms\u0131z olarak teknoloji temelli Dan\u0131\u015fmanl\u0131k Hizmetleri sunmaktad\u0131r. D\u00f6rt ana hizmet sunmaktad\u0131r: Network Teknolojileri Network Teknolojileri ad\u0131 alt\u0131nda a\u015fa\u011f\u0131daki konularda Dan\u0131\u015fmanl\u0131k Hizmetleri verilmektedir. Altyap\u0131 Tasar\u0131m\u0131; \u0130leti\u015fim a\u011f\u0131 omurgas\u0131ndaki t\u00fcm altyap\u0131 ihtiya\u00e7lar\u0131n\u0131n kar\u015f\u0131lanaca\u011f\u0131, farkl\u0131 tipteki veri ileti\u015fim ve eri\u015fim teknolojilerini destekleyen, yedekli ve geni\u015flemeye a\u00e7\u0131k altyap\u0131 tasar\u0131m\u0131d\u0131r.&hellip;\" \/>\n<meta property=\"og:url\" content=\"http:\/\/www.ovabilisim.com\/index.php\/danismanlik-hizmetleri\/\" \/>\n<meta property=\"og:site_name\" content=\"Ovabili\u015fim Sistemleri Ltd.\u015eti\" \/>\n<meta property=\"article:publisher\" content=\"https:\/\/www.facebook.com\/OvaBilisimSistemleri\" \/>\n<meta property=\"article:modified_time\" content=\"2017-11-07T15:11:30+00:00\" \/>\n<meta property=\"og:image\" content=\"http:\/\/www.ovabilisim.com\/wp-content\/uploads\/2025\/02\/diacozumlogo2.png\" \/>\n\t<meta property=\"og:image:width\" content=\"364\" \/>\n\t<meta property=\"og:image:height\" content=\"138\" \/>\n\t<meta property=\"og:image:type\" content=\"image\/png\" \/>\n<meta name=\"twitter:card\" content=\"summary_large_image\" \/>\n<meta name=\"twitter:label1\" content=\"Tahmini okuma s\u00fcresi\" \/>\n\t<meta name=\"twitter:data1\" content=\"2 dakika\" \/>\n<script type=\"application\/ld+json\" class=\"yoast-schema-graph\">{\"@context\":\"https:\/\/schema.org\",\"@graph\":[{\"@type\":\"WebPage\",\"@id\":\"http:\/\/www.ovabilisim.com\/index.php\/danismanlik-hizmetleri\/\",\"url\":\"http:\/\/www.ovabilisim.com\/index.php\/danismanlik-hizmetleri\/\",\"name\":\"Dan\u0131\u015fmanl\u0131k Hizmetleri - Ovabili\u015fim Sistemleri Ltd.\u015eti\",\"isPartOf\":{\"@id\":\"http:\/\/www.ovabilisim.com\/#website\"},\"datePublished\":\"2017-10-30T12:16:51+00:00\",\"dateModified\":\"2017-11-07T15:11:30+00:00\",\"breadcrumb\":{\"@id\":\"http:\/\/www.ovabilisim.com\/index.php\/danismanlik-hizmetleri\/#breadcrumb\"},\"inLanguage\":\"tr\",\"potentialAction\":[{\"@type\":\"ReadAction\",\"target\":[\"http:\/\/www.ovabilisim.com\/index.php\/danismanlik-hizmetleri\/\"]}]},{\"@type\":\"BreadcrumbList\",\"@id\":\"http:\/\/www.ovabilisim.com\/index.php\/danismanlik-hizmetleri\/#breadcrumb\",\"itemListElement\":[{\"@type\":\"ListItem\",\"position\":1,\"name\":\"Anasayfa\",\"item\":\"http:\/\/www.ovabilisim.com\/\"},{\"@type\":\"ListItem\",\"position\":2,\"name\":\"Dan\u0131\u015fmanl\u0131k Hizmetleri\"}]},{\"@type\":\"WebSite\",\"@id\":\"http:\/\/www.ovabilisim.com\/#website\",\"url\":\"http:\/\/www.ovabilisim.com\/\",\"name\":\"Ovabili\u015fim Dia adana ERP\",\"description\":\"0 ve 1 &#039;in oldu\u011fu her yerdeyiz\",\"publisher\":{\"@id\":\"http:\/\/www.ovabilisim.com\/#organization\"},\"alternateName\":\"www.ovabilisim.com\",\"potentialAction\":[{\"@type\":\"SearchAction\",\"target\":{\"@type\":\"EntryPoint\",\"urlTemplate\":\"http:\/\/www.ovabilisim.com\/?s={search_term_string}\"},\"query-input\":\"required name=search_term_string\"}],\"inLanguage\":\"tr\"},{\"@type\":\"Organization\",\"@id\":\"http:\/\/www.ovabilisim.com\/#organization\",\"name\":\"Ovabili\u015fim Dia adana ERP\",\"url\":\"http:\/\/www.ovabilisim.com\/\",\"logo\":{\"@type\":\"ImageObject\",\"inLanguage\":\"tr\",\"@id\":\"http:\/\/www.ovabilisim.com\/#\/schema\/logo\/image\/\",\"url\":\"http:\/\/www.ovabilisim.com\/wp-content\/uploads\/2021\/12\/ovadiaimza.png\",\"contentUrl\":\"http:\/\/www.ovabilisim.com\/wp-content\/uploads\/2021\/12\/ovadiaimza.png\",\"width\":874,\"height\":338,\"caption\":\"Ovabili\u015fim Dia adana ERP\"},\"image\":{\"@id\":\"http:\/\/www.ovabilisim.com\/#\/schema\/logo\/image\/\"},\"sameAs\":[\"https:\/\/www.facebook.com\/OvaBilisimSistemleri\",\"https:\/\/www.instagram.com\/a.bulent.aladag\/\"]}]}<\/script>\n<!-- \/ Yoast SEO plugin. -->","yoast_head_json":{"title":"Dan\u0131\u015fmanl\u0131k Hizmetleri - Ovabili\u015fim Sistemleri Ltd.\u015eti","robots":{"index":"index","follow":"follow","max-snippet":"max-snippet:-1","max-image-preview":"max-image-preview:large","max-video-preview":"max-video-preview:-1"},"canonical":"http:\/\/www.ovabilisim.com\/index.php\/danismanlik-hizmetleri\/","og_locale":"tr_TR","og_type":"article","og_title":"Dan\u0131\u015fmanl\u0131k Hizmetleri - Ovabili\u015fim Sistemleri Ltd.\u015eti","og_description":"ova bili\u015fimde Dan\u0131\u015fmanl\u0131k; ovabili\u015fim b\u00fcnyesinde deneyimli personeller sayesinde m\u00fc\u015fterilerine \u00fcreticiden bag\u0131ms\u0131z olarak teknoloji temelli Dan\u0131\u015fmanl\u0131k Hizmetleri sunmaktad\u0131r. D\u00f6rt ana hizmet sunmaktad\u0131r: Network Teknolojileri Network Teknolojileri ad\u0131 alt\u0131nda a\u015fa\u011f\u0131daki konularda Dan\u0131\u015fmanl\u0131k Hizmetleri verilmektedir. Altyap\u0131 Tasar\u0131m\u0131; \u0130leti\u015fim a\u011f\u0131 omurgas\u0131ndaki t\u00fcm altyap\u0131 ihtiya\u00e7lar\u0131n\u0131n kar\u015f\u0131lanaca\u011f\u0131, farkl\u0131 tipteki veri ileti\u015fim ve eri\u015fim teknolojilerini destekleyen, yedekli ve geni\u015flemeye a\u00e7\u0131k altyap\u0131 tasar\u0131m\u0131d\u0131r.&hellip;","og_url":"http:\/\/www.ovabilisim.com\/index.php\/danismanlik-hizmetleri\/","og_site_name":"Ovabili\u015fim Sistemleri Ltd.\u015eti","article_publisher":"https:\/\/www.facebook.com\/OvaBilisimSistemleri","article_modified_time":"2017-11-07T15:11:30+00:00","og_image":[{"width":364,"height":138,"url":"http:\/\/www.ovabilisim.com\/wp-content\/uploads\/2025\/02\/diacozumlogo2.png","type":"image\/png"}],"twitter_card":"summary_large_image","twitter_misc":{"Tahmini okuma s\u00fcresi":"2 dakika"},"schema":{"@context":"https:\/\/schema.org","@graph":[{"@type":"WebPage","@id":"http:\/\/www.ovabilisim.com\/index.php\/danismanlik-hizmetleri\/","url":"http:\/\/www.ovabilisim.com\/index.php\/danismanlik-hizmetleri\/","name":"Dan\u0131\u015fmanl\u0131k Hizmetleri - Ovabili\u015fim Sistemleri Ltd.\u015eti","isPartOf":{"@id":"http:\/\/www.ovabilisim.com\/#website"},"datePublished":"2017-10-30T12:16:51+00:00","dateModified":"2017-11-07T15:11:30+00:00","breadcrumb":{"@id":"http:\/\/www.ovabilisim.com\/index.php\/danismanlik-hizmetleri\/#breadcrumb"},"inLanguage":"tr","potentialAction":[{"@type":"ReadAction","target":["http:\/\/www.ovabilisim.com\/index.php\/danismanlik-hizmetleri\/"]}]},{"@type":"BreadcrumbList","@id":"http:\/\/www.ovabilisim.com\/index.php\/danismanlik-hizmetleri\/#breadcrumb","itemListElement":[{"@type":"ListItem","position":1,"name":"Anasayfa","item":"http:\/\/www.ovabilisim.com\/"},{"@type":"ListItem","position":2,"name":"Dan\u0131\u015fmanl\u0131k Hizmetleri"}]},{"@type":"WebSite","@id":"http:\/\/www.ovabilisim.com\/#website","url":"http:\/\/www.ovabilisim.com\/","name":"Ovabili\u015fim Dia adana ERP","description":"0 ve 1 &#039;in oldu\u011fu her yerdeyiz","publisher":{"@id":"http:\/\/www.ovabilisim.com\/#organization"},"alternateName":"www.ovabilisim.com","potentialAction":[{"@type":"SearchAction","target":{"@type":"EntryPoint","urlTemplate":"http:\/\/www.ovabilisim.com\/?s={search_term_string}"},"query-input":"required name=search_term_string"}],"inLanguage":"tr"},{"@type":"Organization","@id":"http:\/\/www.ovabilisim.com\/#organization","name":"Ovabili\u015fim Dia adana ERP","url":"http:\/\/www.ovabilisim.com\/","logo":{"@type":"ImageObject","inLanguage":"tr","@id":"http:\/\/www.ovabilisim.com\/#\/schema\/logo\/image\/","url":"http:\/\/www.ovabilisim.com\/wp-content\/uploads\/2021\/12\/ovadiaimza.png","contentUrl":"http:\/\/www.ovabilisim.com\/wp-content\/uploads\/2021\/12\/ovadiaimza.png","width":874,"height":338,"caption":"Ovabili\u015fim Dia adana ERP"},"image":{"@id":"http:\/\/www.ovabilisim.com\/#\/schema\/logo\/image\/"},"sameAs":["https:\/\/www.facebook.com\/OvaBilisimSistemleri","https:\/\/www.instagram.com\/a.bulent.aladag\/"]}]}},"_links":{"self":[{"href":"http:\/\/www.ovabilisim.com\/index.php\/wp-json\/wp\/v2\/pages\/114"}],"collection":[{"href":"http:\/\/www.ovabilisim.com\/index.php\/wp-json\/wp\/v2\/pages"}],"about":[{"href":"http:\/\/www.ovabilisim.com\/index.php\/wp-json\/wp\/v2\/types\/page"}],"author":[{"embeddable":true,"href":"http:\/\/www.ovabilisim.com\/index.php\/wp-json\/wp\/v2\/users\/1"}],"replies":[{"embeddable":true,"href":"http:\/\/www.ovabilisim.com\/index.php\/wp-json\/wp\/v2\/comments?post=114"}],"version-history":[{"count":1,"href":"http:\/\/www.ovabilisim.com\/index.php\/wp-json\/wp\/v2\/pages\/114\/revisions"}],"predecessor-version":[{"id":115,"href":"http:\/\/www.ovabilisim.com\/index.php\/wp-json\/wp\/v2\/pages\/114\/revisions\/115"}],"wp:attachment":[{"href":"http:\/\/www.ovabilisim.com\/index.php\/wp-json\/wp\/v2\/media?parent=114"}],"curies":[{"name":"wp","href":"https:\/\/api.w.org\/{rel}","templated":true}]}}